{"id":5580,"date":"2025-05-20T10:12:22","date_gmt":"2025-05-20T08:12:22","guid":{"rendered":"https:\/\/ofertacular.com\/index.php\/producto\/oil-pastels\/"},"modified":"2025-05-20T10:12:22","modified_gmt":"2025-05-20T08:12:22","slug":"oil-pastels","status":"publish","type":"product","link":"https:\/\/ofertacular.com\/index.php\/producto\/oil-pastels\/","title":{"rendered":"Oil Pastels"},"content":{"rendered":"<div class=\"oferta-container\">\n<p>\ud83d\udfe5 <b>CHOLLAZO<\/b> \ud83d\udfe5 #Publicidad #Amazon #16<\/p>\n<p>\ud83d\udd34 <b>Pasteles oleosos <\/b><\/p>\n<p>\u2705 <b>AHORA 7.88 \u20ac<\/b> \u2714\ufe0f\ud83d\udfe1<\/p>\n<p>\u274c Antes 12.55 \u20ac<\/p>\n<p>\ud83d\uded2: <a href=\"https:\/\/btz.es\/4LITFXV\" target=\"_blank\" rel=\"nofollow noopener\">https:\/\/btz.es\/4LITFXV<\/a><\/p>\n<p>&#8211; Pasteles al \u00f3leo con una suavidad cremosa, f\u00e1ciles de usar<br \/>\n&#8211; Mezcla suave y f\u00e1cilmente para tonos sutiles, tintes o mezclas de colores<br \/>\n&#8211; Colores brillantes resistentes a la decoloraci\u00f3n<br \/>\n&#8211; Aplicar directamente sobre lienzo, papel u otros medios para efectos gruesos, finos, \u00e1speros o suaves<br \/>\n&#8211; Diluir con gotas de alcohol mineral para una aplicaci\u00f3n similar a un l\u00edquido para mezclar y sombrear los colores<br \/>\n&#8211; Paquete de 36 unidades<\/p>\n<\/p><\/div>\n","protected":false},"excerpt":{"rendered":"<p>\ud83d\udfe5 CHOLLAZO \ud83d\udfe5 #Publicidad #Amazon #16 \ud83d\udd34 Pasteles oleosos \u2705 AHORA 7.88 \u20ac \u2714\ufe0f\ud83d\udfe1 \u274c Antes 12.55 \u20ac \ud83d\uded2: https:\/\/btz.es\/4LITFXV &#8211; Pasteles al \u00f3leo con una suavidad cremosa, f\u00e1ciles de usar &#8211; Mezcla suave y f\u00e1cilmente para tonos sutiles, tintes o mezclas de colores &#8211; Colores brillantes resistentes a la decoloraci\u00f3n &#8211; Aplicar directamente sobre [&hellip;]<\/p>\n","protected":false},"featured_media":5579,"template":"","meta":{"_gspb_post_css":""},"store":[],"product_brand":[],"product_cat":[16],"product_tag":[],"class_list":{"0":"post-5580","1":"product","2":"type-product","3":"status-publish","4":"has-post-thumbnail","6":"product_cat-sin-categorizar","8":"first","9":"instock","10":"sale","11":"shipping-taxable","12":"product-type-external"},"jetpack_sharing_enabled":true,"_links":{"self":[{"href":"https:\/\/ofertacular.com\/index.php\/wp-json\/wp\/v2\/product\/5580","targetHints":{"allow":["GET"]}}],"collection":[{"href":"https:\/\/ofertacular.com\/index.php\/wp-json\/wp\/v2\/product"}],"about":[{"href":"https:\/\/ofertacular.com\/index.php\/wp-json\/wp\/v2\/types\/product"}],"wp:featuredmedia":[{"embeddable":true,"href":"https:\/\/ofertacular.com\/index.php\/wp-json\/wp\/v2\/media\/5579"}],"wp:attachment":[{"href":"https:\/\/ofertacular.com\/index.php\/wp-json\/wp\/v2\/media?parent=5580"}],"wp:term":[{"taxonomy":"store","embeddable":true,"href":"https:\/\/ofertacular.com\/index.php\/wp-json\/wp\/v2\/store?post=5580"},{"taxonomy":"product_brand","embeddable":true,"href":"https:\/\/ofertacular.com\/index.php\/wp-json\/wp\/v2\/product_brand?post=5580"},{"taxonomy":"product_cat","embeddable":true,"href":"https:\/\/ofertacular.com\/index.php\/wp-json\/wp\/v2\/product_cat?post=5580"},{"taxonomy":"product_tag","embeddable":true,"href":"https:\/\/ofertacular.com\/index.php\/wp-json\/wp\/v2\/product_tag?post=5580"}],"curies":[{"name":"wp","href":"https:\/\/api.w.org\/{rel}","templated":true}]}}