{"id":5584,"date":"2025-05-20T11:16:42","date_gmt":"2025-05-20T09:16:42","guid":{"rendered":"https:\/\/ofertacular.com\/index.php\/producto\/babaria-cream\/"},"modified":"2025-05-20T11:16:42","modified_gmt":"2025-05-20T09:16:42","slug":"babaria-cream","status":"publish","type":"product","link":"https:\/\/ofertacular.com\/index.php\/producto\/babaria-cream\/","title":{"rendered":"Babaria Cream"},"content":{"rendered":"<div class=\"oferta-container\">\n<p>\ud83d\udfe5 <b>\u00a1OFERTA ESPECIAL!<\/b> \ud83d\udfe5 #Publicidad #Amazon #16<\/p>\n<p>\ud83d\udd34 <b>Crema Babaria <\/b><\/p>\n<p>\u2705 <b>AHORA 6.25 \u20ac<\/b> \u2714\ufe0f\ud83d\udfe1<\/p>\n<p>\u274c Antes 9.49 \u20ac<\/p>\n<p>\ud83d\uded2: <a href=\"https:\/\/btz.es\/4LJjRE7\" target=\"_blank\" rel=\"nofollow noopener\">https:\/\/btz.es\/4LJjRE7<\/a><\/p>\n<p>&#8211; CREMA FACIAL CON ACIDO HIALURONICO Y NIACINAMIDA: F\u00f3rmula ultra hidratante que protege y cuida tu piel en profundidad.<br \/>\n&#8211; PROTECTOR SOLAR FACIAL 50: Defiende contra los rayos UVB, UVA, infrarrojos IR y luz azul HEV para una protecci\u00f3n global durante todo el a\u00f1o con esta crema facial hombre y mujer.<br \/>\n&#8211; REDUCE MANCHAS Y ATEN\u00daA ARRUGAS: La combinaci\u00f3n de esta crema antiarrugas mujer y hombre de activos ayuda a unificar el tono de la piel y mejorar su elasticidad por esto es una crema facial mujer y hombre perfecta.<br \/>\n&#8211; EFECTO ANTIPOLUCI\u00d3N: Con esta crema facial de acido hialuronico protege la piel de agresores externos como la contaminaci\u00f3n y el estr\u00e9s ambiental.<br \/>\n&#8211; FORMATO PR\u00c1CTICO DE 75 ML: Crema facial con textura ligera de r\u00e1pida absorci\u00f3n, ideal para el uso diario en cualquier tipo de piel puede servir tanto como crema facial hombre y mujer.<\/p>\n<\/p><\/div>\n","protected":false},"excerpt":{"rendered":"<p>\ud83d\udfe5 \u00a1OFERTA ESPECIAL! \ud83d\udfe5 #Publicidad #Amazon #16 \ud83d\udd34 Crema Babaria \u2705 AHORA 6.25 \u20ac \u2714\ufe0f\ud83d\udfe1 \u274c Antes 9.49 \u20ac \ud83d\uded2: https:\/\/btz.es\/4LJjRE7 &#8211; CREMA FACIAL CON ACIDO HIALURONICO Y NIACINAMIDA: F\u00f3rmula ultra hidratante que protege y cuida tu piel en profundidad. &#8211; PROTECTOR SOLAR FACIAL 50: Defiende contra los rayos UVB, UVA, infrarrojos IR y luz [&hellip;]<\/p>\n","protected":false},"featured_media":5583,"template":"","meta":{"_gspb_post_css":""},"store":[],"product_brand":[],"product_cat":[16],"product_tag":[],"class_list":{"0":"post-5584","1":"product","2":"type-product","3":"status-publish","4":"has-post-thumbnail","6":"product_cat-sin-categorizar","8":"first","9":"instock","10":"sale","11":"shipping-taxable","12":"product-type-external"},"jetpack_sharing_enabled":true,"_links":{"self":[{"href":"https:\/\/ofertacular.com\/index.php\/wp-json\/wp\/v2\/product\/5584","targetHints":{"allow":["GET"]}}],"collection":[{"href":"https:\/\/ofertacular.com\/index.php\/wp-json\/wp\/v2\/product"}],"about":[{"href":"https:\/\/ofertacular.com\/index.php\/wp-json\/wp\/v2\/types\/product"}],"wp:featuredmedia":[{"embeddable":true,"href":"https:\/\/ofertacular.com\/index.php\/wp-json\/wp\/v2\/media\/5583"}],"wp:attachment":[{"href":"https:\/\/ofertacular.com\/index.php\/wp-json\/wp\/v2\/media?parent=5584"}],"wp:term":[{"taxonomy":"store","embeddable":true,"href":"https:\/\/ofertacular.com\/index.php\/wp-json\/wp\/v2\/store?post=5584"},{"taxonomy":"product_brand","embeddable":true,"href":"https:\/\/ofertacular.com\/index.php\/wp-json\/wp\/v2\/product_brand?post=5584"},{"taxonomy":"product_cat","embeddable":true,"href":"https:\/\/ofertacular.com\/index.php\/wp-json\/wp\/v2\/product_cat?post=5584"},{"taxonomy":"product_tag","embeddable":true,"href":"https:\/\/ofertacular.com\/index.php\/wp-json\/wp\/v2\/product_tag?post=5584"}],"curies":[{"name":"wp","href":"https:\/\/api.w.org\/{rel}","templated":true}]}}