{"id":5586,"date":"2025-05-20T11:20:57","date_gmt":"2025-05-20T09:20:57","guid":{"rendered":"https:\/\/ofertacular.com\/index.php\/producto\/cafetera-italiana-5\/"},"modified":"2025-05-20T11:20:57","modified_gmt":"2025-05-20T09:20:57","slug":"cafetera-italiana-5","status":"publish","type":"product","link":"https:\/\/ofertacular.com\/index.php\/producto\/cafetera-italiana-5\/","title":{"rendered":"Cafetera Italiana"},"content":{"rendered":"<div class=\"oferta-container\">\n<p>\ud83d\udfe5 <b>EXCLUSIVO<\/b> \ud83d\udfe5 #Publicidad #Amazon #16<\/p>\n<p>\ud83d\udd34 <b>Cafetera Italiana <\/b><\/p>\n<p>\u2705 <b>AHORA 8.89 \u20ac<\/b> \u2714\ufe0f\ud83d\udfe1<\/p>\n<p>\u274c Antes 12.27 \u20ac<\/p>\n<p>\ud83d\uded2: <a href=\"https:\/\/btz.es\/4LJkWjL\" target=\"_blank\" rel=\"nofollow noopener\">https:\/\/btz.es\/4LJkWjL<\/a><\/p>\n<p>&#8211; Capacidad: 6 tazas<br \/>\n&#8211; Se utiliza en cocinas a gas, el\u00e9ctricas y de vitrocer\u00e1mica<br \/>\n&#8211; Mango ergon\u00f3mico<br \/>\n&#8211; Interior de f\u00e1cil limpieza<br \/>\n&#8211; V\u00e1lvula de seguridad<\/p>\n<\/p><\/div>\n","protected":false},"excerpt":{"rendered":"<p>\ud83d\udfe5 EXCLUSIVO \ud83d\udfe5 #Publicidad #Amazon #16 \ud83d\udd34 Cafetera Italiana \u2705 AHORA 8.89 \u20ac \u2714\ufe0f\ud83d\udfe1 \u274c Antes 12.27 \u20ac \ud83d\uded2: https:\/\/btz.es\/4LJkWjL &#8211; Capacidad: 6 tazas &#8211; Se utiliza en cocinas a gas, el\u00e9ctricas y de vitrocer\u00e1mica &#8211; Mango ergon\u00f3mico &#8211; Interior de f\u00e1cil limpieza &#8211; V\u00e1lvula de seguridad<\/p>\n","protected":false},"featured_media":5585,"template":"","meta":{"_gspb_post_css":""},"store":[],"product_brand":[],"product_cat":[16],"product_tag":[],"class_list":{"0":"post-5586","1":"product","2":"type-product","3":"status-publish","4":"has-post-thumbnail","6":"product_cat-sin-categorizar","8":"first","9":"instock","10":"sale","11":"shipping-taxable","12":"product-type-external"},"jetpack_sharing_enabled":true,"_links":{"self":[{"href":"https:\/\/ofertacular.com\/index.php\/wp-json\/wp\/v2\/product\/5586","targetHints":{"allow":["GET"]}}],"collection":[{"href":"https:\/\/ofertacular.com\/index.php\/wp-json\/wp\/v2\/product"}],"about":[{"href":"https:\/\/ofertacular.com\/index.php\/wp-json\/wp\/v2\/types\/product"}],"wp:featuredmedia":[{"embeddable":true,"href":"https:\/\/ofertacular.com\/index.php\/wp-json\/wp\/v2\/media\/5585"}],"wp:attachment":[{"href":"https:\/\/ofertacular.com\/index.php\/wp-json\/wp\/v2\/media?parent=5586"}],"wp:term":[{"taxonomy":"store","embeddable":true,"href":"https:\/\/ofertacular.com\/index.php\/wp-json\/wp\/v2\/store?post=5586"},{"taxonomy":"product_brand","embeddable":true,"href":"https:\/\/ofertacular.com\/index.php\/wp-json\/wp\/v2\/product_brand?post=5586"},{"taxonomy":"product_cat","embeddable":true,"href":"https:\/\/ofertacular.com\/index.php\/wp-json\/wp\/v2\/product_cat?post=5586"},{"taxonomy":"product_tag","embeddable":true,"href":"https:\/\/ofertacular.com\/index.php\/wp-json\/wp\/v2\/product_tag?post=5586"}],"curies":[{"name":"wp","href":"https:\/\/api.w.org\/{rel}","templated":true}]}}