{"id":5590,"date":"2025-05-20T11:23:57","date_gmt":"2025-05-20T09:23:57","guid":{"rendered":"https:\/\/ofertacular.com\/index.php\/producto\/cecotec-ventilador\/"},"modified":"2025-05-20T11:23:57","modified_gmt":"2025-05-20T09:23:57","slug":"cecotec-ventilador","status":"publish","type":"product","link":"https:\/\/ofertacular.com\/index.php\/producto\/cecotec-ventilador\/","title":{"rendered":"Cecotec Ventilador"},"content":{"rendered":"<div class=\"oferta-container\">\n<p>\ud83d\udfe5 <b>ES UN CHOLL\u00d3N<\/b> \ud83d\udfe5 #Publicidad #Amazon #16<\/p>\n<p>\ud83d\udd34 <b>Ventilador Cecotec <\/b><\/p>\n<p>\u2705 <b>AHORA 33.05 \u20ac<\/b> \u2714\ufe0f\ud83d\udfe1<\/p>\n<p>\u274c Antes 49.90 \u20ac<\/p>\n<p>\ud83d\uded2: <a href=\"https:\/\/btz.es\/4LJlHbd\" target=\"_blank\" rel=\"nofollow noopener\">https:\/\/btz.es\/4LJlHbd<\/a><\/p>\n<p>&#8211; EnergySilence Technology: Consigue una profunda sensaci\u00f3n de aire fresco al instante con el m\u00e1ximo silencio y confort. Cuenta con la tecnolog\u00eda SmartControl, control inteligente remoto del ventilador gracias a su mando a distancia y a su pantalla LCD para un control m\u00e1s f\u00e1cil e intuitivo.<br \/>\n&#8211; Gracias a la tecnolog\u00eda TotalControl 3, el ventilador dispone de 3 modos de generaci\u00f3n de aire: Modo BRISA: disfruta del m\u00e1ximo frescor sin renunciar al silencio. Modo ECO: mant\u00e9n fresco tu hogar ahorrando energ\u00eda y dinero en tu factura el\u00e9ctrica. Modo NOCHE: pensado para que puedas disfrutar de un sue\u00f1o reparador en total calma. Tambi\u00e9n tiene, 3Speed Function: podr\u00e1s elegir entre 3 velocidades de funcionamiento, adecuando la intensidad del caudal de aire a tus necesidades.<br \/>\n&#8211; CooperEngine: Exclusivo motor 100% de cobre de altas eficiencia, fiable y de m\u00e1xima durabilidad. Perfecto para alargar la vida \u00fatil del ventilador evitando incidencias y aver\u00edas no deseadas gracias al sistema de seguridad TermoSafe. Dispone de temporizador programable hasta 7.5 Horas, transcurridos los cuales el ventilador se apaga de forma autom\u00e1tica, para proporcionarte la m\u00e1xima comodidad durante su uso y ahorrar energ\u00eda.<br \/>\n&#8211; La tecnolog\u00eda RotateWind permite que el ventilador proporcione un mayor \u00e1ngulo de aireaci\u00f3n, ofreciendo una amplia zona de frescor. Tiene un dise\u00f1o cuidado con l\u00edneas elegantes adapt\u00e1ndose perfectamente a la decoraci\u00f3n de tu hogar, adem\u00e1s es ajustable y ligero para facilitar su transporte y almacenaje.<br \/>\n&#8211; Health &amp; Safety: el ventilador cumple con la normativa vigente en cuanto a seguridad y protecci\u00f3n del medio ambiente, para que cuides de los tuyos y de tu entorno. Easy to move: F\u00e1cil de transportar y almacenar gracias a su asa de transporte.<\/p>\n<\/p><\/div>\n","protected":false},"excerpt":{"rendered":"<p>\ud83d\udfe5 ES UN CHOLL\u00d3N \ud83d\udfe5 #Publicidad #Amazon #16 \ud83d\udd34 Ventilador Cecotec \u2705 AHORA 33.05 \u20ac \u2714\ufe0f\ud83d\udfe1 \u274c Antes 49.90 \u20ac \ud83d\uded2: https:\/\/btz.es\/4LJlHbd &#8211; EnergySilence Technology: Consigue una profunda sensaci\u00f3n de aire fresco al instante con el m\u00e1ximo silencio y confort. Cuenta con la tecnolog\u00eda SmartControl, control inteligente remoto del ventilador gracias a su mando a [&hellip;]<\/p>\n","protected":false},"featured_media":5589,"template":"","meta":{"_gspb_post_css":""},"store":[],"product_brand":[],"product_cat":[16],"product_tag":[],"class_list":{"0":"post-5590","1":"product","2":"type-product","3":"status-publish","4":"has-post-thumbnail","6":"product_cat-sin-categorizar","8":"first","9":"instock","10":"sale","11":"shipping-taxable","12":"product-type-external"},"jetpack_sharing_enabled":true,"_links":{"self":[{"href":"https:\/\/ofertacular.com\/index.php\/wp-json\/wp\/v2\/product\/5590","targetHints":{"allow":["GET"]}}],"collection":[{"href":"https:\/\/ofertacular.com\/index.php\/wp-json\/wp\/v2\/product"}],"about":[{"href":"https:\/\/ofertacular.com\/index.php\/wp-json\/wp\/v2\/types\/product"}],"wp:featuredmedia":[{"embeddable":true,"href":"https:\/\/ofertacular.com\/index.php\/wp-json\/wp\/v2\/media\/5589"}],"wp:attachment":[{"href":"https:\/\/ofertacular.com\/index.php\/wp-json\/wp\/v2\/media?parent=5590"}],"wp:term":[{"taxonomy":"store","embeddable":true,"href":"https:\/\/ofertacular.com\/index.php\/wp-json\/wp\/v2\/store?post=5590"},{"taxonomy":"product_brand","embeddable":true,"href":"https:\/\/ofertacular.com\/index.php\/wp-json\/wp\/v2\/product_brand?post=5590"},{"taxonomy":"product_cat","embeddable":true,"href":"https:\/\/ofertacular.com\/index.php\/wp-json\/wp\/v2\/product_cat?post=5590"},{"taxonomy":"product_tag","embeddable":true,"href":"https:\/\/ofertacular.com\/index.php\/wp-json\/wp\/v2\/product_tag?post=5590"}],"curies":[{"name":"wp","href":"https:\/\/api.w.org\/{rel}","templated":true}]}}