{"id":5592,"date":"2025-05-20T11:24:34","date_gmt":"2025-05-20T09:24:34","guid":{"rendered":"https:\/\/ofertacular.com\/index.php\/producto\/amazfit-active\/"},"modified":"2025-05-20T11:24:34","modified_gmt":"2025-05-20T09:24:34","slug":"amazfit-active","status":"publish","type":"product","link":"https:\/\/ofertacular.com\/index.php\/producto\/amazfit-active\/","title":{"rendered":"Amazfit Active"},"content":{"rendered":"<div class=\"oferta-container\">\n<p>\ud83d\udfe5 <b>\u00a1S\u00d3LO HOY!<\/b> \ud83d\udfe5 #Publicidad #Amazon #16<\/p>\n<p>\ud83d\udd34 <b>Reloj deporte <\/b><\/p>\n<p>\u2705 <b>AHORA 81.81 \u20ac<\/b> \u2714\ufe0f\ud83d\udfe1<\/p>\n<p>\u274c Antes 99.90 \u20ac<\/p>\n<p>\ud83d\uded2: <a href=\"https:\/\/btz.es\/4LJlQN5\" target=\"_blank\" rel=\"nofollow noopener\">https:\/\/btz.es\/4LJlQN5<\/a><\/p>\n<p>&#8211; DISE\u00d1O ELEGANTE, PANTALLA BRILLANTE: La elegante estructura de acero inoxidable combina el estilo cl\u00e1sico con la durabilidad del entrenamiento, mientras que la brillante pantalla AMOLED de 1.32 pulgadas permite leer f\u00e1cilmente los datos, incluso a plena luz del sol<br \/>\n&#8211; SEGUIMIENTO PRECISO DE LA FRECUENCIA CARDIACA &amp; EL SUE\u00d1O: La tecnolog\u00eda BioTracker de Amazfit realiza un seguimiento de tus datos de frecuencia cardiaca y sue\u00f1o con una precisi\u00f3n que los sensores anteriores no pueden igualar; Con una bater\u00eda de larga duraci\u00f3n que dura hasta 10 d\u00edas con un uso t\u00edpico, las recargas nocturnas son cosa del pasado<br \/>\n&#8211; MAPAS DISPONIBLES CON INDICACIONES GIRO A GIRO: Mant\u00e9n el rumbo con mapas descargables sin coste y obt\u00e9n indicaciones giro a giro en pantalla o a trav\u00e9s de tus auriculares Bluetooth; Disfruta de mapas de estaciones de esqu\u00ed de todo el mundo, con indicaciones para telef\u00e9ricos, pistas y mucho m\u00e1s<br \/>\n&#8211; SEGUIMIENTO GPS M\u00c1S R\u00c1PIDO Y PRECISO: 5 sistemas de posicionamiento por sat\u00e9lite garantizan una conexi\u00f3n GPS r\u00e1pida y un posicionamiento preciso siempre que salgas a correr, caminar, montar en bicicleta o hacer senderismo<br \/>\n&#8211; M\u00c1S DE 160 MODOS DE DEPORTE: El reloj inteligente Amazfit Active 2 ofrece m\u00e1s de 160 modos de entrenamiento, incluyendo HYROX Race, entrenamiento de fuerza, carrera, p\u00e1del y yoga; Con una resistencia al agua de 50 m y un bar\u00f3metro, ve a nadar y esquiar con confianza<br \/>\n&#8211; RESPUESTAS DE MENSAJES DE VOZ A TEXTO: Zepp Flow ofrece control total por voz de tu smartwatch. Util\u00edzalo para enviar respuestas a mensajes de Android mediante voz a texto o entrada de teclado; incluso puede ayudarte con traducciones y sugerencias de tono<br \/>\n&#8211; ELIGE TU LOOK: La versi\u00f3n Premium incluye un resistente cristal de zafiro, una lujosa correa de piel y una correa deportiva de silicona adicional sin coste extra; La versi\u00f3n Sport cuenta con una correa de silicona negra transpirable, para mayor comodidad durante los entrenamientos<\/p>\n<\/p><\/div>\n","protected":false},"excerpt":{"rendered":"<p>\ud83d\udfe5 \u00a1S\u00d3LO HOY! \ud83d\udfe5 #Publicidad #Amazon #16 \ud83d\udd34 Reloj deporte \u2705 AHORA 81.81 \u20ac \u2714\ufe0f\ud83d\udfe1 \u274c Antes 99.90 \u20ac \ud83d\uded2: https:\/\/btz.es\/4LJlQN5 &#8211; DISE\u00d1O ELEGANTE, PANTALLA BRILLANTE: La elegante estructura de acero inoxidable combina el estilo cl\u00e1sico con la durabilidad del entrenamiento, mientras que la brillante pantalla AMOLED de 1.32 pulgadas permite leer f\u00e1cilmente los datos, [&hellip;]<\/p>\n","protected":false},"featured_media":5591,"template":"","meta":{"_gspb_post_css":""},"store":[],"product_brand":[],"product_cat":[16],"product_tag":[],"class_list":{"0":"post-5592","1":"product","2":"type-product","3":"status-publish","4":"has-post-thumbnail","6":"product_cat-sin-categorizar","8":"first","9":"instock","10":"sale","11":"shipping-taxable","12":"product-type-external"},"jetpack_sharing_enabled":true,"_links":{"self":[{"href":"https:\/\/ofertacular.com\/index.php\/wp-json\/wp\/v2\/product\/5592","targetHints":{"allow":["GET"]}}],"collection":[{"href":"https:\/\/ofertacular.com\/index.php\/wp-json\/wp\/v2\/product"}],"about":[{"href":"https:\/\/ofertacular.com\/index.php\/wp-json\/wp\/v2\/types\/product"}],"wp:featuredmedia":[{"embeddable":true,"href":"https:\/\/ofertacular.com\/index.php\/wp-json\/wp\/v2\/media\/5591"}],"wp:attachment":[{"href":"https:\/\/ofertacular.com\/index.php\/wp-json\/wp\/v2\/media?parent=5592"}],"wp:term":[{"taxonomy":"store","embeddable":true,"href":"https:\/\/ofertacular.com\/index.php\/wp-json\/wp\/v2\/store?post=5592"},{"taxonomy":"product_brand","embeddable":true,"href":"https:\/\/ofertacular.com\/index.php\/wp-json\/wp\/v2\/product_brand?post=5592"},{"taxonomy":"product_cat","embeddable":true,"href":"https:\/\/ofertacular.com\/index.php\/wp-json\/wp\/v2\/product_cat?post=5592"},{"taxonomy":"product_tag","embeddable":true,"href":"https:\/\/ofertacular.com\/index.php\/wp-json\/wp\/v2\/product_tag?post=5592"}],"curies":[{"name":"wp","href":"https:\/\/api.w.org\/{rel}","templated":true}]}}