{"id":5598,"date":"2025-05-20T11:38:08","date_gmt":"2025-05-20T09:38:08","guid":{"rendered":"https:\/\/ofertacular.com\/index.php\/producto\/haier-smart\/"},"modified":"2025-05-20T11:38:08","modified_gmt":"2025-05-20T09:38:08","slug":"haier-smart","status":"publish","type":"product","link":"https:\/\/ofertacular.com\/index.php\/producto\/haier-smart\/","title":{"rendered":"Haier Smart"},"content":{"rendered":"<div class=\"oferta-container\">\n<p>\ud83d\udfe5 <b>INCRE\u00cdBLE<\/b> \ud83d\udfe5 #Publicidad #Amazon #16<\/p>\n<p>\ud83d\udd34 <b>Smart TV <\/b><\/p>\n<p>\u2705 <b>AHORA 247.11 \u20ac<\/b> \u2714\ufe0f\ud83d\udfe1<\/p>\n<p>\u274c Antes 299.00 \u20ac<\/p>\n<p>\ud83d\uded2: <a href=\"https:\/\/btz.es\/4LJpqy7\" target=\"_blank\" rel=\"nofollow noopener\">https:\/\/btz.es\/4LJpqy7<\/a><\/p>\n<p>&#8211; Panel Direct LED: la retroiluminaci\u00f3n trasera ajusta la potencia e intensidad de los LED con precisi\u00f3n seg\u00fan cada escena; as\u00ed, se consigue un \u00f3ptimo contraste, un brillo \u00f3ptimo y una \u00f3ptimo homogeneidad en la pantalla con unos negros puros haciendo que disfrutes una experiencia visual \u00f3ptima<br \/>\n&#8211; Google TV: Todo tu contenido favorito en un \u00f3ptimo lugar; accede a m\u00e1s de 10,000 aplicaciones, como Disney+, Youtube o Netflix, disponibles en Google Store; adem\u00e1s, a trav\u00e9s de Chromecast, podr\u00e1s transmitir el contenido desde tu tel\u00e9fono m\u00f3vil a la televisi\u00f3n con facilidad<br \/>\n&#8211; Resoluci\u00f3n 4K UHD con HDR10 para una calidad de imagen \u00f3ptimo con detalles precisos y colores vibrantes; adem\u00e1s, el dise\u00f1o sin marcos optimiza la pantalla y ofrece un estilo \u00f3ptimo y elegante en tu sal\u00f3n<br \/>\n&#8211; Este televisor est\u00e1 equipado con \u00f3ptima tecnolog\u00eda de conectividad, incluyendo cuatro puertos HDMI 2.1 y Bluetooth 5.1 para una experiencia de conexi\u00f3n r\u00e1pida y sin complicaciones con tus dispositivos<br \/>\n&#8211; Medidas del producto Ancho x Alto x Fondo: sin peana 111,5 x 64,2 x 6 cm, con peana 111,5 x 65,1 x 26,5 cm<\/p>\n<\/p><\/div>\n","protected":false},"excerpt":{"rendered":"<p>\ud83d\udfe5 INCRE\u00cdBLE \ud83d\udfe5 #Publicidad #Amazon #16 \ud83d\udd34 Smart TV \u2705 AHORA 247.11 \u20ac \u2714\ufe0f\ud83d\udfe1 \u274c Antes 299.00 \u20ac \ud83d\uded2: https:\/\/btz.es\/4LJpqy7 &#8211; Panel Direct LED: la retroiluminaci\u00f3n trasera ajusta la potencia e intensidad de los LED con precisi\u00f3n seg\u00fan cada escena; as\u00ed, se consigue un \u00f3ptimo contraste, un brillo \u00f3ptimo y una \u00f3ptimo homogeneidad en la [&hellip;]<\/p>\n","protected":false},"featured_media":5597,"template":"","meta":{"_gspb_post_css":""},"store":[],"product_brand":[],"product_cat":[16],"product_tag":[],"class_list":{"0":"post-5598","1":"product","2":"type-product","3":"status-publish","4":"has-post-thumbnail","6":"product_cat-sin-categorizar","8":"first","9":"instock","10":"sale","11":"shipping-taxable","12":"product-type-external"},"jetpack_sharing_enabled":true,"_links":{"self":[{"href":"https:\/\/ofertacular.com\/index.php\/wp-json\/wp\/v2\/product\/5598","targetHints":{"allow":["GET"]}}],"collection":[{"href":"https:\/\/ofertacular.com\/index.php\/wp-json\/wp\/v2\/product"}],"about":[{"href":"https:\/\/ofertacular.com\/index.php\/wp-json\/wp\/v2\/types\/product"}],"wp:featuredmedia":[{"embeddable":true,"href":"https:\/\/ofertacular.com\/index.php\/wp-json\/wp\/v2\/media\/5597"}],"wp:attachment":[{"href":"https:\/\/ofertacular.com\/index.php\/wp-json\/wp\/v2\/media?parent=5598"}],"wp:term":[{"taxonomy":"store","embeddable":true,"href":"https:\/\/ofertacular.com\/index.php\/wp-json\/wp\/v2\/store?post=5598"},{"taxonomy":"product_brand","embeddable":true,"href":"https:\/\/ofertacular.com\/index.php\/wp-json\/wp\/v2\/product_brand?post=5598"},{"taxonomy":"product_cat","embeddable":true,"href":"https:\/\/ofertacular.com\/index.php\/wp-json\/wp\/v2\/product_cat?post=5598"},{"taxonomy":"product_tag","embeddable":true,"href":"https:\/\/ofertacular.com\/index.php\/wp-json\/wp\/v2\/product_tag?post=5598"}],"curies":[{"name":"wp","href":"https:\/\/api.w.org\/{rel}","templated":true}]}}