{"id":5604,"date":"2025-05-20T16:24:44","date_gmt":"2025-05-20T14:24:44","guid":{"rendered":"https:\/\/ofertacular.com\/index.php\/producto\/luz-nocturna\/"},"modified":"2025-05-20T16:24:44","modified_gmt":"2025-05-20T14:24:44","slug":"luz-nocturna","status":"publish","type":"product","link":"https:\/\/ofertacular.com\/index.php\/producto\/luz-nocturna\/","title":{"rendered":"Luz Nocturna"},"content":{"rendered":"<div class=\"oferta-container\">\n<p>\ud83d\udfe5 <b>\u00a1OFERTA ESPECIAL!<\/b> \ud83d\udfe5 #Publicidad #Amazon #16<\/p>\n<p>\ud83d\udd34 <b>Luz Nocturna <\/b><\/p>\n<p>\u2705 <b>AHORA 7.85 \u20ac<\/b> \u2714\ufe0f\ud83d\udfe1<\/p>\n<p>\u274c Antes 8.26 \u20ac<\/p>\n<p>\ud83d\uded2: <a href=\"https:\/\/btz.es\/4LKzzWT\" target=\"_blank\" rel=\"nofollow noopener\">https:\/\/btz.es\/4LKzzWT<\/a><\/p>\n<p>&#8211; Ahorro de energ\u00eda y durabilidad: Fabricado en material PC duradero, tiene un dise\u00f1o enchufable que elimina la necesidad de reemplazar bombillas o bater\u00edas. Bajo consumo de energ\u00eda de solo 0,5 W.<br \/>\n&#8211; Sensor Inteligente: con modo sensible a la luz autom\u00e1tico, la luz nocturna se encender\u00e1 autom\u00e1ticamente al anochecer, por la noche o en condiciones de poca luz y se apagar\u00e1 al amanecer, durante el d\u00eda o en condiciones de mucha luz.<br \/>\n&#8211; Brillo ajustable: La luz nocturna infantil tiene 3 niveles de brillo ajustable en ciclo bajo-medio-alto, adecuado para diferentes usos.<br \/>\n&#8211; Luz c\u00e1lida suave: La luz nocturna infantil en la pared proporciona una iluminaci\u00f3n uniforme y una luz c\u00e1lida suave, que no da\u00f1ar\u00e1 sus ojos ni los de sus hijos.<br \/>\n&#8211; Amplia aplicaci\u00f3n: Esta luz noche infantil es ideal para dormitorios de ni\u00f1os, cocinas, salas de estar, pasillos, escaleras, ba\u00f1os, garajes, s\u00f3tanos. \u00a1Perfecto para ni\u00f1os, amigos y familiares!<\/p>\n<\/p><\/div>\n","protected":false},"excerpt":{"rendered":"<p>\ud83d\udfe5 \u00a1OFERTA ESPECIAL! \ud83d\udfe5 #Publicidad #Amazon #16 \ud83d\udd34 Luz Nocturna \u2705 AHORA 7.85 \u20ac \u2714\ufe0f\ud83d\udfe1 \u274c Antes 8.26 \u20ac \ud83d\uded2: https:\/\/btz.es\/4LKzzWT &#8211; Ahorro de energ\u00eda y durabilidad: Fabricado en material PC duradero, tiene un dise\u00f1o enchufable que elimina la necesidad de reemplazar bombillas o bater\u00edas. Bajo consumo de energ\u00eda de solo 0,5 W. &#8211; Sensor [&hellip;]<\/p>\n","protected":false},"featured_media":5603,"template":"","meta":{"_gspb_post_css":""},"store":[],"product_brand":[],"product_cat":[16],"product_tag":[],"class_list":{"0":"post-5604","1":"product","2":"type-product","3":"status-publish","4":"has-post-thumbnail","6":"product_cat-sin-categorizar","8":"first","9":"instock","10":"sale","11":"shipping-taxable","12":"product-type-external"},"jetpack_sharing_enabled":true,"_links":{"self":[{"href":"https:\/\/ofertacular.com\/index.php\/wp-json\/wp\/v2\/product\/5604","targetHints":{"allow":["GET"]}}],"collection":[{"href":"https:\/\/ofertacular.com\/index.php\/wp-json\/wp\/v2\/product"}],"about":[{"href":"https:\/\/ofertacular.com\/index.php\/wp-json\/wp\/v2\/types\/product"}],"wp:featuredmedia":[{"embeddable":true,"href":"https:\/\/ofertacular.com\/index.php\/wp-json\/wp\/v2\/media\/5603"}],"wp:attachment":[{"href":"https:\/\/ofertacular.com\/index.php\/wp-json\/wp\/v2\/media?parent=5604"}],"wp:term":[{"taxonomy":"store","embeddable":true,"href":"https:\/\/ofertacular.com\/index.php\/wp-json\/wp\/v2\/store?post=5604"},{"taxonomy":"product_brand","embeddable":true,"href":"https:\/\/ofertacular.com\/index.php\/wp-json\/wp\/v2\/product_brand?post=5604"},{"taxonomy":"product_cat","embeddable":true,"href":"https:\/\/ofertacular.com\/index.php\/wp-json\/wp\/v2\/product_cat?post=5604"},{"taxonomy":"product_tag","embeddable":true,"href":"https:\/\/ofertacular.com\/index.php\/wp-json\/wp\/v2\/product_tag?post=5604"}],"curies":[{"name":"wp","href":"https:\/\/api.w.org\/{rel}","templated":true}]}}