{"id":5608,"date":"2025-05-20T16:28:22","date_gmt":"2025-05-20T14:28:22","guid":{"rendered":"https:\/\/ofertacular.com\/index.php\/producto\/smart-bulb\/"},"modified":"2025-05-20T16:28:22","modified_gmt":"2025-05-20T14:28:22","slug":"smart-bulb","status":"publish","type":"product","link":"https:\/\/ofertacular.com\/index.php\/producto\/smart-bulb\/","title":{"rendered":"Smart Bulb"},"content":{"rendered":"<div class=\"oferta-container\">\n<p>\ud83d\udfe5 <b>\u00a1APROVECHA!<\/b> \ud83d\udfe5 #Publicidad #Amazon #7<\/p>\n<p>\ud83d\udd34 <b>Bombilla inteligente <\/b><\/p>\n<p>\u2705 <b>AHORA 8.26 \u20ac<\/b> \u2714\ufe0f\ud83d\udfe1<\/p>\n<p>\u274c Antes 8.99 \u20ac<\/p>\n<p>\ud83d\uded2: <a href=\"https:\/\/btz.es\/4LK0uAF\" target=\"_blank\" rel=\"nofollow noopener\">https:\/\/btz.es\/4LK0uAF<\/a><\/p>\n<p>&#8211; LUZ REGULABLE Ajusta la luz blanco c\u00e1lido 2700K y brillo desde tu m\u00f3vil creando la atm\u00f3sfera perfecta en tu casa cuando quieras y seg\u00fan tus necesidades<br \/>\n&#8211; CONTROL DE VOZ Funciona con Alexa y Google Assistant e IFTTT para control de voz; simplemente d\u00ed a tu asistente de voz que aten\u00fae sus luces y establece el ambiente perfecto para la noche de cine<br \/>\n&#8211; PROGRAMACI\u00d3N Y TEMPORIZADOR Usa la aplicaci\u00f3n Tapo para crear sus efectos de luz favoritos ajustando los colores a su gusto y creando un aspecto y atm\u00f3sfera que mejor se adapte a cada situaci\u00f3n. Tambi\u00e9n puede configurar m\u00faltiples horarios de acuerdo con sus necesidades que se pueden repetir diariamente o semanalmente<br \/>\n&#8211; CONTROL REMOTO No se requiere Hub y se conecta a la red wi-fi de tu hogar. Puede controlar esta bombilla inteligente de forma remota en su Smartphone a trav\u00e9s de la App Tapo pudiendo encender, apagar o cambiar los colores incluso estando fuera de casa<br \/>\n&#8211; AHORRO Y SEGUIMIENTO DEL CONSUMO ENERG\u00cdA La bombilla inteligente utiliza tecnolog\u00eda LED 9W 806Lm equivalente a uno normal de 60W con base E27 y est\u00e1 certificada para reducir el consumo de energ\u00eda sin perder calidad. Adem\u00e1s desde la APP puedes tener un control y seguimiento del consumo de energ\u00eda<br \/>\n&#8211; NOTA: Si el producto no se enciende, ap\u00e1guelo y enci\u00e9ndalo 3 veces, haciendo una pausa de un segundo entre ellas. La bombilla inteligente debe parpadear 3 veces, lo que indica un restablecimiento parcial exitoso.<\/p>\n<\/p><\/div>\n","protected":false},"excerpt":{"rendered":"<p>\ud83d\udfe5 \u00a1APROVECHA! \ud83d\udfe5 #Publicidad #Amazon #7 \ud83d\udd34 Bombilla inteligente \u2705 AHORA 8.26 \u20ac \u2714\ufe0f\ud83d\udfe1 \u274c Antes 8.99 \u20ac \ud83d\uded2: https:\/\/btz.es\/4LK0uAF &#8211; LUZ REGULABLE Ajusta la luz blanco c\u00e1lido 2700K y brillo desde tu m\u00f3vil creando la atm\u00f3sfera perfecta en tu casa cuando quieras y seg\u00fan tus necesidades &#8211; CONTROL DE VOZ Funciona con Alexa y [&hellip;]<\/p>\n","protected":false},"featured_media":5607,"template":"","meta":{"_gspb_post_css":""},"store":[],"product_brand":[],"product_cat":[16],"product_tag":[],"class_list":{"0":"post-5608","1":"product","2":"type-product","3":"status-publish","4":"has-post-thumbnail","6":"product_cat-sin-categorizar","8":"first","9":"instock","10":"sale","11":"shipping-taxable","12":"product-type-external"},"jetpack_sharing_enabled":true,"_links":{"self":[{"href":"https:\/\/ofertacular.com\/index.php\/wp-json\/wp\/v2\/product\/5608","targetHints":{"allow":["GET"]}}],"collection":[{"href":"https:\/\/ofertacular.com\/index.php\/wp-json\/wp\/v2\/product"}],"about":[{"href":"https:\/\/ofertacular.com\/index.php\/wp-json\/wp\/v2\/types\/product"}],"wp:featuredmedia":[{"embeddable":true,"href":"https:\/\/ofertacular.com\/index.php\/wp-json\/wp\/v2\/media\/5607"}],"wp:attachment":[{"href":"https:\/\/ofertacular.com\/index.php\/wp-json\/wp\/v2\/media?parent=5608"}],"wp:term":[{"taxonomy":"store","embeddable":true,"href":"https:\/\/ofertacular.com\/index.php\/wp-json\/wp\/v2\/store?post=5608"},{"taxonomy":"product_brand","embeddable":true,"href":"https:\/\/ofertacular.com\/index.php\/wp-json\/wp\/v2\/product_brand?post=5608"},{"taxonomy":"product_cat","embeddable":true,"href":"https:\/\/ofertacular.com\/index.php\/wp-json\/wp\/v2\/product_cat?post=5608"},{"taxonomy":"product_tag","embeddable":true,"href":"https:\/\/ofertacular.com\/index.php\/wp-json\/wp\/v2\/product_tag?post=5608"}],"curies":[{"name":"wp","href":"https:\/\/api.w.org\/{rel}","templated":true}]}}