{"id":5610,"date":"2025-05-21T08:18:22","date_gmt":"2025-05-21T06:18:22","guid":{"rendered":"https:\/\/ofertacular.com\/index.php\/producto\/fm-london-boxers\/"},"modified":"2025-05-21T08:18:22","modified_gmt":"2025-05-21T06:18:22","slug":"fm-london-boxers","status":"publish","type":"product","link":"https:\/\/ofertacular.com\/index.php\/producto\/fm-london-boxers\/","title":{"rendered":"FM London B\u00f3xers"},"content":{"rendered":"<div class=\"oferta-container\">\n<p>\ud83d\udfe5 <b>DATE PRISA<\/b> \ud83d\udfe5 #Publicidad #Amazon #16<\/p>\n<p>\ud83d\udd34 <b>B\u00f3xers hombre <\/b><\/p>\n<p>\u2705 <b>AHORA 26.77 \u20ac<\/b> \u2714\ufe0f\ud83d\udfe1<\/p>\n<p>\u274c Antes 31.49 \u20ac<\/p>\n<p>\ud83d\uded2: <a href=\"https:\/\/btz.es\/4LOr4YI\" target=\"_blank\" rel=\"nofollow noopener\">https:\/\/btz.es\/4LOr4YI<\/a><\/p>\n<p>&#8211; ORIENTADOS A LA COMODIDAD: Confeccionados con una rica mezcla de suave algod\u00f3n para un tacto suave sobre la piel, su estructura resistente te permite disfrutar de una comodidad duradera<br \/>\n&#8211; FRESCURA TODO EL D\u00cdA: Te ayudan a mantenerte fresco durante todo el d\u00eda gracias a la tecnolog\u00eda de protecci\u00f3n antiolor Hyfresh , adem\u00e1s, el material naturalmente transpirable permite el flujo del aire y la ventilaci\u00f3n, para que te mantengas fresco<br \/>\n&#8211; SUJECI\u00d3N Y AJUSTE: La tela el\u00e1stica de 4 direccioness favorece la libertad de movimientos sin restricciones con un ajuste ergon\u00f3mico La cintura con logotipo proporciona un ajuste seguro pero suave, ayudando a mantener todo en su sitio<br \/>\n&#8211; CERO PREOCUPACIONES: Una opci\u00f3n f\u00e1cil de poner, tanto si est\u00e1s en casa tranquilamente como si haces ejercicio o deporte Tambi\u00e9n son f\u00e1ciles de cuidar, y se pueden meter en la lavadora y en la secadora<br \/>\n&#8211; UN B\u00c1SICO EN LA ROPA INTERIOR: Con m\u00e1s de 18000 valoraciones de cinco estrellas, estos calzoncillos b\u00f3xer se han convertido en un complemento esencial de la colecci\u00f3n de ropa interior de todo hombre , comprueba por ti mismo su popular comodidad y estilo<\/p>\n<\/p><\/div>\n","protected":false},"excerpt":{"rendered":"<p>\ud83d\udfe5 DATE PRISA \ud83d\udfe5 #Publicidad #Amazon #16 \ud83d\udd34 B\u00f3xers hombre \u2705 AHORA 26.77 \u20ac \u2714\ufe0f\ud83d\udfe1 \u274c Antes 31.49 \u20ac \ud83d\uded2: https:\/\/btz.es\/4LOr4YI &#8211; ORIENTADOS A LA COMODIDAD: Confeccionados con una rica mezcla de suave algod\u00f3n para un tacto suave sobre la piel, su estructura resistente te permite disfrutar de una comodidad duradera &#8211; FRESCURA TODO EL [&hellip;]<\/p>\n","protected":false},"featured_media":5609,"template":"","meta":{"_gspb_post_css":""},"store":[],"product_brand":[],"product_cat":[16],"product_tag":[],"class_list":{"0":"post-5610","1":"product","2":"type-product","3":"status-publish","4":"has-post-thumbnail","6":"product_cat-sin-categorizar","8":"first","9":"instock","10":"sale","11":"shipping-taxable","12":"product-type-external"},"jetpack_sharing_enabled":true,"_links":{"self":[{"href":"https:\/\/ofertacular.com\/index.php\/wp-json\/wp\/v2\/product\/5610","targetHints":{"allow":["GET"]}}],"collection":[{"href":"https:\/\/ofertacular.com\/index.php\/wp-json\/wp\/v2\/product"}],"about":[{"href":"https:\/\/ofertacular.com\/index.php\/wp-json\/wp\/v2\/types\/product"}],"wp:featuredmedia":[{"embeddable":true,"href":"https:\/\/ofertacular.com\/index.php\/wp-json\/wp\/v2\/media\/5609"}],"wp:attachment":[{"href":"https:\/\/ofertacular.com\/index.php\/wp-json\/wp\/v2\/media?parent=5610"}],"wp:term":[{"taxonomy":"store","embeddable":true,"href":"https:\/\/ofertacular.com\/index.php\/wp-json\/wp\/v2\/store?post=5610"},{"taxonomy":"product_brand","embeddable":true,"href":"https:\/\/ofertacular.com\/index.php\/wp-json\/wp\/v2\/product_brand?post=5610"},{"taxonomy":"product_cat","embeddable":true,"href":"https:\/\/ofertacular.com\/index.php\/wp-json\/wp\/v2\/product_cat?post=5610"},{"taxonomy":"product_tag","embeddable":true,"href":"https:\/\/ofertacular.com\/index.php\/wp-json\/wp\/v2\/product_tag?post=5610"}],"curies":[{"name":"wp","href":"https:\/\/api.w.org\/{rel}","templated":true}]}}