{"id":5612,"date":"2025-05-21T08:21:00","date_gmt":"2025-05-21T06:21:00","guid":{"rendered":"https:\/\/ofertacular.com\/index.php\/producto\/calvin-klein-2\/"},"modified":"2025-05-21T08:21:00","modified_gmt":"2025-05-21T06:21:00","slug":"calvin-klein-2","status":"publish","type":"product","link":"https:\/\/ofertacular.com\/index.php\/producto\/calvin-klein-2\/","title":{"rendered":"Calvin Klein"},"content":{"rendered":"<div class=\"oferta-container\">\n<p>\ud83d\udfe5 <b>CHOLLAZO<\/b> \ud83d\udfe5 #Publicidad #Amazon #16<\/p>\n<p>\ud83d\udd34 <b> <\/b><\/p>\n<p>\u2705 <b>AHORA 32.95 \u20ac<\/b> \u2714\ufe0f\ud83d\udfe1<\/p>\n<p>\u274c Antes 59.90 \u20ac<\/p>\n<p>\ud83d\uded2: <a href=\"https:\/\/btz.es\/4LOsjZw\" target=\"_blank\" rel=\"nofollow noopener\">https:\/\/btz.es\/4LOsjZw<\/a><\/p>\n<p>&#8211; IC\u00d3NICO Y ATEMPORAL: La camiseta de manga larga de Calvin Klein Jeans tiene un dise\u00f1o desenfadado y convence por su tejido suave El logotipo tipo etiqueta de Calvin Klein Jeans en la manga completa el look de esta prenda<br \/>\n&#8211; AJUSTE : Este top con cuello redondo y corte slim tiene un dise\u00f1o atemporal y es c\u00f3modo de llevar Gracias a su material de calidad, es agradable al tacto y ofrece una \u00f3ptima libertad de movimientos<br \/>\n&#8211; PARA OCASI\u00d3N: Esta prenda informal tiene un tacto especialmente agradable Es para llevar a diario, pero tambi\u00e9n para la oficina y se puede combinar de muchas maneras<br \/>\n&#8211; MATERIAL Y CUIDADO: Camiseta de manga larga confeccionada con 55 % algod\u00f3n de transici\u00f3n y 45% algod\u00f3n Se puede lavar a m\u00e1quina y secar en secadora<br \/>\n&#8211; DEPORTIVO : Calvin Klein Jeans es sin\u00f3nimo de moda y deportiva Lanzada en 1977, esta marca de vaqueros siempre apuesta por prendas de calidad y cortes<\/p>\n<\/p><\/div>\n","protected":false},"excerpt":{"rendered":"<p>\ud83d\udfe5 CHOLLAZO \ud83d\udfe5 #Publicidad #Amazon #16 \ud83d\udd34 \u2705 AHORA 32.95 \u20ac \u2714\ufe0f\ud83d\udfe1 \u274c Antes 59.90 \u20ac \ud83d\uded2: https:\/\/btz.es\/4LOsjZw &#8211; IC\u00d3NICO Y ATEMPORAL: La camiseta de manga larga de Calvin Klein Jeans tiene un dise\u00f1o desenfadado y convence por su tejido suave El logotipo tipo etiqueta de Calvin Klein Jeans en la manga completa el look [&hellip;]<\/p>\n","protected":false},"featured_media":5611,"template":"","meta":{"_gspb_post_css":""},"store":[],"product_brand":[],"product_cat":[16],"product_tag":[],"class_list":{"0":"post-5612","1":"product","2":"type-product","3":"status-publish","4":"has-post-thumbnail","6":"product_cat-sin-categorizar","8":"first","9":"instock","10":"sale","11":"shipping-taxable","12":"product-type-external"},"jetpack_sharing_enabled":true,"_links":{"self":[{"href":"https:\/\/ofertacular.com\/index.php\/wp-json\/wp\/v2\/product\/5612","targetHints":{"allow":["GET"]}}],"collection":[{"href":"https:\/\/ofertacular.com\/index.php\/wp-json\/wp\/v2\/product"}],"about":[{"href":"https:\/\/ofertacular.com\/index.php\/wp-json\/wp\/v2\/types\/product"}],"wp:featuredmedia":[{"embeddable":true,"href":"https:\/\/ofertacular.com\/index.php\/wp-json\/wp\/v2\/media\/5611"}],"wp:attachment":[{"href":"https:\/\/ofertacular.com\/index.php\/wp-json\/wp\/v2\/media?parent=5612"}],"wp:term":[{"taxonomy":"store","embeddable":true,"href":"https:\/\/ofertacular.com\/index.php\/wp-json\/wp\/v2\/store?post=5612"},{"taxonomy":"product_brand","embeddable":true,"href":"https:\/\/ofertacular.com\/index.php\/wp-json\/wp\/v2\/product_brand?post=5612"},{"taxonomy":"product_cat","embeddable":true,"href":"https:\/\/ofertacular.com\/index.php\/wp-json\/wp\/v2\/product_cat?post=5612"},{"taxonomy":"product_tag","embeddable":true,"href":"https:\/\/ofertacular.com\/index.php\/wp-json\/wp\/v2\/product_tag?post=5612"}],"curies":[{"name":"wp","href":"https:\/\/api.w.org\/{rel}","templated":true}]}}