{"id":5618,"date":"2025-05-21T10:57:22","date_gmt":"2025-05-21T08:57:22","guid":{"rendered":"https:\/\/ofertacular.com\/index.php\/producto\/neutrogena-locion\/"},"modified":"2025-05-21T10:57:22","modified_gmt":"2025-05-21T08:57:22","slug":"neutrogena-locion","status":"publish","type":"product","link":"https:\/\/ofertacular.com\/index.php\/producto\/neutrogena-locion\/","title":{"rendered":"Neutrogena Loci\u00f3n"},"content":{"rendered":"<div class=\"oferta-container\">\n<p>\ud83d\udfe5 <b>\u00a1NO TE LA PIERDAS!<\/b> \ud83d\udfe5 #Publicidad #Amazon #16<\/p>\n<p>\ud83d\udd34 <b>Loci\u00f3n Neutrogena <\/b><\/p>\n<p>\u2705 <b>AHORA 12.9 \u20ac<\/b> \u2714\ufe0f\ud83d\udfe1<\/p>\n<p>\u274c Antes 13.59 \u20ac<\/p>\n<p>\ud83d\uded2: <a href=\"https:\/\/btz.es\/4LOV6V6\" target=\"_blank\" rel=\"nofollow noopener\">https:\/\/btz.es\/4LOV6V6<\/a><\/p>\n<p>&#8211; F\u00f3rmula Noruega: La loci\u00f3n corporal CICA de Neutrogena contiene un 10% de Glicerina y Centella Asi\u00e1tica, un potente antioxidante conocido por sus propiedades reparadoras<br \/>\n&#8211; Reparaci\u00f3n intensa: Esta crema corporal para piel muy seca aporta 4 beneficios en 1: alivia, repara, fortalece y protege la barrera cut\u00e1nea de la sequedad desde el primer uso<br \/>\n&#8211; Loci\u00f3n no grasa: Gracias a su textura no grasa, esta loci\u00f3n Neutrogena corporal de reparaci\u00f3n intensa se funde con la piel para que puedas vestirte inmediatamente<br \/>\n&#8211; Desarrollada por dermat\u00f3logos: La f\u00f3rmula de esta crema Neutrogena alivia e hidrata intensamente la piel durante 72 horas, desde el primer uso, y ha sido probada cl\u00ednicamente<br \/>\n&#8211; Envase reciclable: Tanto el dosificador como las botellas de 750 ml de esta crema hidratante corporal de reparaci\u00f3n intensa de Neutrogena son 100% reciclables<\/p>\n<\/p><\/div>\n","protected":false},"excerpt":{"rendered":"<p>\ud83d\udfe5 \u00a1NO TE LA PIERDAS! \ud83d\udfe5 #Publicidad #Amazon #16 \ud83d\udd34 Loci\u00f3n Neutrogena \u2705 AHORA 12.9 \u20ac \u2714\ufe0f\ud83d\udfe1 \u274c Antes 13.59 \u20ac \ud83d\uded2: https:\/\/btz.es\/4LOV6V6 &#8211; F\u00f3rmula Noruega: La loci\u00f3n corporal CICA de Neutrogena contiene un 10% de Glicerina y Centella Asi\u00e1tica, un potente antioxidante conocido por sus propiedades reparadoras &#8211; Reparaci\u00f3n intensa: Esta crema corporal para [&hellip;]<\/p>\n","protected":false},"featured_media":5617,"template":"","meta":{"_gspb_post_css":""},"store":[],"product_brand":[],"product_cat":[16],"product_tag":[],"class_list":{"0":"post-5618","1":"product","2":"type-product","3":"status-publish","4":"has-post-thumbnail","6":"product_cat-sin-categorizar","8":"first","9":"instock","10":"sale","11":"shipping-taxable","12":"product-type-external"},"jetpack_sharing_enabled":true,"_links":{"self":[{"href":"https:\/\/ofertacular.com\/index.php\/wp-json\/wp\/v2\/product\/5618","targetHints":{"allow":["GET"]}}],"collection":[{"href":"https:\/\/ofertacular.com\/index.php\/wp-json\/wp\/v2\/product"}],"about":[{"href":"https:\/\/ofertacular.com\/index.php\/wp-json\/wp\/v2\/types\/product"}],"wp:featuredmedia":[{"embeddable":true,"href":"https:\/\/ofertacular.com\/index.php\/wp-json\/wp\/v2\/media\/5617"}],"wp:attachment":[{"href":"https:\/\/ofertacular.com\/index.php\/wp-json\/wp\/v2\/media?parent=5618"}],"wp:term":[{"taxonomy":"store","embeddable":true,"href":"https:\/\/ofertacular.com\/index.php\/wp-json\/wp\/v2\/store?post=5618"},{"taxonomy":"product_brand","embeddable":true,"href":"https:\/\/ofertacular.com\/index.php\/wp-json\/wp\/v2\/product_brand?post=5618"},{"taxonomy":"product_cat","embeddable":true,"href":"https:\/\/ofertacular.com\/index.php\/wp-json\/wp\/v2\/product_cat?post=5618"},{"taxonomy":"product_tag","embeddable":true,"href":"https:\/\/ofertacular.com\/index.php\/wp-json\/wp\/v2\/product_tag?post=5618"}],"curies":[{"name":"wp","href":"https:\/\/api.w.org\/{rel}","templated":true}]}}