{"id":5620,"date":"2025-05-22T08:24:49","date_gmt":"2025-05-22T06:24:49","guid":{"rendered":"https:\/\/ofertacular.com\/index.php\/producto\/cbx-solution\/"},"modified":"2025-05-22T08:24:49","modified_gmt":"2025-05-22T06:24:49","slug":"cbx-solution","status":"publish","type":"product","link":"https:\/\/ofertacular.com\/index.php\/producto\/cbx-solution\/","title":{"rendered":"CBX Solution"},"content":{"rendered":"<div class=\"oferta-container\">\n<p>\ud83d\udfe5 <b>EXCLUSIVO<\/b> \ud83d\udfe5 #Publicidad #Amazon #16<\/p>\n<p>\ud83d\udd34 <b>Soluci\u00f3n CBX <\/b><\/p>\n<p>\u2705 <b>AHORA 109.95 \u20ac<\/b> \u2714\ufe0f\ud83d\udfe1<\/p>\n<p>\u274c Antes 125.76 \u20ac<\/p>\n<p>\ud83d\uded2: <a href=\"https:\/\/btz.es\/4LUjEh7\" target=\"_blank\" rel=\"nofollow noopener\">https:\/\/btz.es\/4LUjEh7<\/a><\/p>\n<p>&#8211; Silla de coche estable y duradera de alta calidad para ni\u00f1os desde los 3 hasta los 12 a\u00f1os aprox. 15-50 kg, aprox. 100-150 cm, Apta para coches sin y con ISOFIX<br \/>\n&#8211; \u00d3ptima seguridad: Protecci\u00f3n lineal contra impactos laterales integrada en los protectores laterales de los hombros, Reposacabezas reclinable Cybex de 3 posiciones que sujeta la cabeza mientras se duerme<br \/>\n&#8211; Reposacabezas ajustable en altura en 11 posiciones para adaptarse al tama\u00f1o del ni\u00f1o, Respaldo de inclinaci\u00f3n ajustable para una adaptaci\u00f3n \u00f3ptima al asiento del veh\u00edculo<br \/>\n&#8211; Fijaci\u00f3n f\u00e1cil y estable en el autom\u00f3vil gracias al sistema ISOFIX con un solo clic, Accesorios disponibles opcionalmente: Funda de verano y ayudas de instalaci\u00f3n ISOFIX<br \/>\n&#8211; Contenido: 1 Silla para coche Solution X i-Fix, Dimensiones LxPxA: 38 x 47 x 64 cm, Peso: 7 kg, Color: Pure Black<\/p>\n<\/p><\/div>\n","protected":false},"excerpt":{"rendered":"<p>\ud83d\udfe5 EXCLUSIVO \ud83d\udfe5 #Publicidad #Amazon #16 \ud83d\udd34 Soluci\u00f3n CBX \u2705 AHORA 109.95 \u20ac \u2714\ufe0f\ud83d\udfe1 \u274c Antes 125.76 \u20ac \ud83d\uded2: https:\/\/btz.es\/4LUjEh7 &#8211; Silla de coche estable y duradera de alta calidad para ni\u00f1os desde los 3 hasta los 12 a\u00f1os aprox. 15-50 kg, aprox. 100-150 cm, Apta para coches sin y con ISOFIX &#8211; \u00d3ptima seguridad: [&hellip;]<\/p>\n","protected":false},"featured_media":5619,"template":"","meta":{"_gspb_post_css":""},"store":[],"product_brand":[],"product_cat":[16],"product_tag":[],"class_list":{"0":"post-5620","1":"product","2":"type-product","3":"status-publish","4":"has-post-thumbnail","6":"product_cat-sin-categorizar","8":"first","9":"instock","10":"sale","11":"shipping-taxable","12":"product-type-external"},"jetpack_sharing_enabled":true,"_links":{"self":[{"href":"https:\/\/ofertacular.com\/index.php\/wp-json\/wp\/v2\/product\/5620","targetHints":{"allow":["GET"]}}],"collection":[{"href":"https:\/\/ofertacular.com\/index.php\/wp-json\/wp\/v2\/product"}],"about":[{"href":"https:\/\/ofertacular.com\/index.php\/wp-json\/wp\/v2\/types\/product"}],"wp:featuredmedia":[{"embeddable":true,"href":"https:\/\/ofertacular.com\/index.php\/wp-json\/wp\/v2\/media\/5619"}],"wp:attachment":[{"href":"https:\/\/ofertacular.com\/index.php\/wp-json\/wp\/v2\/media?parent=5620"}],"wp:term":[{"taxonomy":"store","embeddable":true,"href":"https:\/\/ofertacular.com\/index.php\/wp-json\/wp\/v2\/store?post=5620"},{"taxonomy":"product_brand","embeddable":true,"href":"https:\/\/ofertacular.com\/index.php\/wp-json\/wp\/v2\/product_brand?post=5620"},{"taxonomy":"product_cat","embeddable":true,"href":"https:\/\/ofertacular.com\/index.php\/wp-json\/wp\/v2\/product_cat?post=5620"},{"taxonomy":"product_tag","embeddable":true,"href":"https:\/\/ofertacular.com\/index.php\/wp-json\/wp\/v2\/product_tag?post=5620"}],"curies":[{"name":"wp","href":"https:\/\/api.w.org\/{rel}","templated":true}]}}