{"id":5624,"date":"2025-05-22T10:32:08","date_gmt":"2025-05-22T08:32:08","guid":{"rendered":"https:\/\/ofertacular.com\/index.php\/producto\/cosori-airfryer-turbo\/"},"modified":"2025-05-22T10:32:08","modified_gmt":"2025-05-22T08:32:08","slug":"cosori-airfryer-turbo","status":"publish","type":"product","link":"https:\/\/ofertacular.com\/index.php\/producto\/cosori-airfryer-turbo\/","title":{"rendered":"COSORI Airfryer Turbo"},"content":{"rendered":"<div class=\"oferta-container\">\n<p>\ud83d\udfe5 <b>\u00a1APROVECHA!<\/b> \ud83d\udfe5 #Publicidad #Amazon #16<\/p>\n<p>\ud83d\udd34 <b>Airfryer Turbo <\/b><\/p>\n<p>\u2705 <b>AHORA 129.99 \u20ac<\/b> \u2714\ufe0f\ud83d\udfe1<\/p>\n<p>\u274c Antes 169.99 \u20ac<\/p>\n<p>\ud83d\uded2: <a href=\"https:\/\/btz.es\/4LUFH0e\" target=\"_blank\" rel=\"nofollow noopener\">https:\/\/btz.es\/4LUFH0e<\/a><\/p>\n<p>&#8211; [Sabor al M\u00e1ximo Nivel] Esta innovadora freidora de aire est\u00e1 equipada con un motor de alta tecnolog\u00eda llamado \u201cDC\u201d, que permite 5 niveles de velocidad. Cada nivel fue asignado a un tipo de cocci\u00f3n, a fin de garantizarte los mejores resultados. Estas velocidades optimizadas del ventilador y de la parrilla mejoran la circulaci\u00f3n del aire caliente hasta en un 28%, asegurando que el resultado final ser\u00e1 m\u00e1s uniforme y que tus platillos quedar\u00e1n mucho m\u00e1s crujientes<br \/>\n&#8211; [Un Solo Dispositivo; M\u00faltiples Posibilidades de Cocci\u00f3n] La TurboBlaze ofrece 9 funciones en un solo dispositivo. Una freidora de aire cl\u00e1sica solo fr\u00ede; mientras que la TurboBlaze puede \u201cfreir\u201d con aire, pero tambi\u00e9n puede hornear, asar, calentar, y mucho m\u00e1s. Su temperatura ajustable 30-230\u2103 y su amplio rango de tiempo 1-24 horas te ayudan a preparar cada comida seg\u00fan tus preferencias<br \/>\n&#8211; [Come Sano Sin Sacrificar Sabor] Incluye un libro con 30 deliciosas recetas saludables; adem\u00e1s, puedes acceder a la aplicaci\u00f3n Vesync para m\u00e1s recetas y una tabla con m\u00e1s de 90 ingredientes de cocina. Para a\u00fan m\u00e1s contenido, ingresa a cosori.es y siguenos en redes sociales<br \/>\n&#8211; [Significativamente M\u00e1s R\u00e1pida y Energ\u00e9ticamente Eficiente] Gracias a su motor DC, cocina un 46% m\u00e1s r\u00e1pido que los dispositivos tradicionales y ahorra hasta un 64% de energ\u00eda en comparaci\u00f3n con los hornos convencionales. \u00a1La TurboBlaze es completamente amigable con el ambiente<br \/>\n&#8211; [Gran Capacidad en un Cuerpo Sumamente Compacto] Podr\u00e1s cocinar f\u00e1cilmente alimentos para una familia de 3 a 5 personas, gracias a su cesta de 6L de capacidad. Con su dise\u00f1o particularmente compacto, la TurboBlaze de Cosori ocupa muy poco espacio y, por lo tanto, es adecuada para casi todas las cocinas 40x30x30cm<br \/>\n&#8211; [Silenciosa como un Susurro] Sabemos que lo que menos quieres es aparatos ruidosos en tu cocina. Por eso hemos optimizado los componentes de la TurboBlaze, logrando que emita tan solo 27dB\u2026 Imagina casi como un susurro<br \/>\n&#8211; [No te preocupes por la limpieza] \u00a1La TurboBlaze se puede lavar perfectamente en tu lavavajillas! O si lo prefieres, la puedes limpiar a mano con gran facilidad gracias a su cesta antiadherente<br \/>\n&#8211; [Nuestra compromiso contigo] Estamos completamente comprometidos a ayudarte a ti y a tu familia a alcanzar un estilo de vida saludable -y delicioso- a trav\u00e9s de nuestras freidoras de aire y por supuesto, nuestras recetas. Contamos con un equipo de chefs profesionales y de expertos en nutrici\u00f3n, que investigan constantemente los procesos de cocci\u00f3n y dise\u00f1an las mejores recetas. Y completamos esta promesa con una garant\u00eda de 3 a\u00f1os y un excelente servicio al cliente, para que conf\u00edes siempre en tu producto COSORI<\/p>\n<\/p><\/div>\n","protected":false},"excerpt":{"rendered":"<p>\ud83d\udfe5 \u00a1APROVECHA! \ud83d\udfe5 #Publicidad #Amazon #16 \ud83d\udd34 Airfryer Turbo \u2705 AHORA 129.99 \u20ac \u2714\ufe0f\ud83d\udfe1 \u274c Antes 169.99 \u20ac \ud83d\uded2: https:\/\/btz.es\/4LUFH0e &#8211; [Sabor al M\u00e1ximo Nivel] Esta innovadora freidora de aire est\u00e1 equipada con un motor de alta tecnolog\u00eda llamado \u201cDC\u201d, que permite 5 niveles de velocidad. Cada nivel fue asignado a un tipo de cocci\u00f3n, [&hellip;]<\/p>\n","protected":false},"featured_media":5623,"template":"","meta":{"_gspb_post_css":""},"store":[],"product_brand":[],"product_cat":[16],"product_tag":[],"class_list":{"0":"post-5624","1":"product","2":"type-product","3":"status-publish","4":"has-post-thumbnail","6":"product_cat-sin-categorizar","8":"first","9":"instock","10":"sale","11":"shipping-taxable","12":"product-type-external"},"jetpack_sharing_enabled":true,"_links":{"self":[{"href":"https:\/\/ofertacular.com\/index.php\/wp-json\/wp\/v2\/product\/5624","targetHints":{"allow":["GET"]}}],"collection":[{"href":"https:\/\/ofertacular.com\/index.php\/wp-json\/wp\/v2\/product"}],"about":[{"href":"https:\/\/ofertacular.com\/index.php\/wp-json\/wp\/v2\/types\/product"}],"wp:featuredmedia":[{"embeddable":true,"href":"https:\/\/ofertacular.com\/index.php\/wp-json\/wp\/v2\/media\/5623"}],"wp:attachment":[{"href":"https:\/\/ofertacular.com\/index.php\/wp-json\/wp\/v2\/media?parent=5624"}],"wp:term":[{"taxonomy":"store","embeddable":true,"href":"https:\/\/ofertacular.com\/index.php\/wp-json\/wp\/v2\/store?post=5624"},{"taxonomy":"product_brand","embeddable":true,"href":"https:\/\/ofertacular.com\/index.php\/wp-json\/wp\/v2\/product_brand?post=5624"},{"taxonomy":"product_cat","embeddable":true,"href":"https:\/\/ofertacular.com\/index.php\/wp-json\/wp\/v2\/product_cat?post=5624"},{"taxonomy":"product_tag","embeddable":true,"href":"https:\/\/ofertacular.com\/index.php\/wp-json\/wp\/v2\/product_tag?post=5624"}],"curies":[{"name":"wp","href":"https:\/\/api.w.org\/{rel}","templated":true}]}}