{"id":5628,"date":"2025-05-22T11:00:53","date_gmt":"2025-05-22T09:00:53","guid":{"rendered":"https:\/\/ofertacular.com\/index.php\/producto\/adelaide-wilson\/"},"modified":"2025-05-22T11:00:53","modified_gmt":"2025-05-22T09:00:53","slug":"adelaide-wilson","status":"publish","type":"product","link":"https:\/\/ofertacular.com\/index.php\/producto\/adelaide-wilson\/","title":{"rendered":"Adelaide Wilson"},"content":{"rendered":"<div class=\"oferta-container\">\n\ud83d\udfea <b>EXCLUSIVO<\/b> \ud83d\udfea #Publicidad #Amazon<\/p>\n<p>\ud83d\udfe3 <b> Funko POP! Movies: Adelaide Wilson Adelaide Wilson<\/b> <\/p>\n<p>\u2705 <b>AHORA 9 \u20ac<\/b> \u2714\ufe0f\ud83d\udfe1<br \/>\n\u274c Antes 16.00 \u20ac \u20ac <\/p>\n<p>\ud83d\uded2: https:\/\/btz.es\/4LUMPjB\ud83d\udfe2 <\/p>\n<p>Ofertacular.com<\/p>\n<p>&#8211; Who Are Funko: Funko es una marca l\u00edder de estilo de vida de la cultura pop. Proporcionamos conexi\u00f3n a la cultura pop con una l\u00ednea de productos que incluye figuras de vinilo, juguetes de acci\u00f3n, felpa, ropa, juegos de mesa y accesorios<br \/>\n&#8211; Qu\u00e9 talla es un pop!: Pops est\u00e1ndar! tienen aproximadamente 4 pulgadas de alto: aunque los tama\u00f1os var\u00edan dependiendo del personaje. \u00a1Super Pop! \u00a1Son 6 pulgadas de altura, Jumbo Pops! \u00a1Son 10 pulgadas de altura y mega pop! son una friolera de 18 pulgadas<br \/>\n&#8211; Con el significado de persecuci\u00f3n: un chase pop es una variante rara de una figura com\u00fan de funko pop, por la cual su dise\u00f1o difiere ligeramente a la figura original en la que se basa. Cuando compra una cifra con una variante de persecuci\u00f3n, tiene la oportunidad de recibir una variante de Chase 1 en 6<br \/>\n&#8211; Mira la tienda de la marca Funko y col\u00f3calas todas!<br \/>\n&#8211; TAMA\u00d1O IDEAL PARA COLECCIONAR &#8211; Con una altura aproximada de 9,5 cm, esta mini figurita de vinilo complementa otros art\u00edculos de colecci\u00f3n y encaja perfectamente en tu vitrina o en tu escritorio.<\/p>\n<\/div>\n","protected":false},"excerpt":{"rendered":"<p>\ud83d\udfea EXCLUSIVO \ud83d\udfea #Publicidad #Amazon \ud83d\udfe3 Funko POP! Movies: Adelaide Wilson Adelaide Wilson \u2705 AHORA 9 \u20ac \u2714\ufe0f\ud83d\udfe1 \u274c Antes 16.00 \u20ac \u20ac \ud83d\uded2: https:\/\/btz.es\/4LUMPjB\ud83d\udfe2 Ofertacular.com &#8211; Who Are Funko: Funko es una marca l\u00edder de estilo de vida de la cultura pop. Proporcionamos conexi\u00f3n a la cultura pop con una l\u00ednea de productos que [&hellip;]<\/p>\n","protected":false},"featured_media":5627,"template":"","meta":{"_gspb_post_css":""},"store":[],"product_brand":[],"product_cat":[16],"product_tag":[],"class_list":{"0":"post-5628","1":"product","2":"type-product","3":"status-publish","4":"has-post-thumbnail","6":"product_cat-sin-categorizar","8":"first","9":"instock","10":"sale","11":"shipping-taxable","12":"product-type-external"},"jetpack_sharing_enabled":true,"_links":{"self":[{"href":"https:\/\/ofertacular.com\/index.php\/wp-json\/wp\/v2\/product\/5628","targetHints":{"allow":["GET"]}}],"collection":[{"href":"https:\/\/ofertacular.com\/index.php\/wp-json\/wp\/v2\/product"}],"about":[{"href":"https:\/\/ofertacular.com\/index.php\/wp-json\/wp\/v2\/types\/product"}],"wp:featuredmedia":[{"embeddable":true,"href":"https:\/\/ofertacular.com\/index.php\/wp-json\/wp\/v2\/media\/5627"}],"wp:attachment":[{"href":"https:\/\/ofertacular.com\/index.php\/wp-json\/wp\/v2\/media?parent=5628"}],"wp:term":[{"taxonomy":"store","embeddable":true,"href":"https:\/\/ofertacular.com\/index.php\/wp-json\/wp\/v2\/store?post=5628"},{"taxonomy":"product_brand","embeddable":true,"href":"https:\/\/ofertacular.com\/index.php\/wp-json\/wp\/v2\/product_brand?post=5628"},{"taxonomy":"product_cat","embeddable":true,"href":"https:\/\/ofertacular.com\/index.php\/wp-json\/wp\/v2\/product_cat?post=5628"},{"taxonomy":"product_tag","embeddable":true,"href":"https:\/\/ofertacular.com\/index.php\/wp-json\/wp\/v2\/product_tag?post=5628"}],"curies":[{"name":"wp","href":"https:\/\/api.w.org\/{rel}","templated":true}]}}