{"id":5630,"date":"2025-05-22T11:12:52","date_gmt":"2025-05-22T09:12:52","guid":{"rendered":"https:\/\/ofertacular.com\/index.php\/producto\/xiaomi-tv-2\/"},"modified":"2025-05-22T11:12:52","modified_gmt":"2025-05-22T09:12:52","slug":"xiaomi-tv-2","status":"publish","type":"product","link":"https:\/\/ofertacular.com\/index.php\/producto\/xiaomi-tv-2\/","title":{"rendered":"Xiaomi TV"},"content":{"rendered":"<div class=\"oferta-container\">\n<p>\ud83d\udfe5 <b>\u00a1OFERT\u00d3N!<\/b> \ud83d\udfe5 #Publicidad #Amazon #16<\/p>\n<p>\ud83d\udd34 <b>Televisor Xiaomi <\/b><\/p>\n<p>\u2705 <b>AHORA 479 \u20ac<\/b> \u2714\ufe0f\ud83d\udfe1<\/p>\n<p>\u274c Antes 569.00 \u20ac<\/p>\n<p>\ud83d\uded2: <a href=\"https:\/\/btz.es\/4LUPXc1\" target=\"_blank\" rel=\"nofollow noopener\">https:\/\/btz.es\/4LUPXc1<\/a><\/p>\n<p>&#8211; Dise\u00f1o elegante con marco ultrafino y cuerpo met\u00e1lico: un look moderno que se adapta a cualquier espacio y ampl\u00eda visualmente la imagen para una experiencia de visualizaci\u00f3n envolvente.<br \/>\n&#8211; Tecnolog\u00eda MEMC: im\u00e1genes m\u00e1s fluidas y n\u00edtidas incluso en escenas r\u00e1pidas, para una experiencia de visualizaci\u00f3n m\u00e1s envolvente y realista.<br \/>\n&#8211; Admite Dolby Audio, DTS:X y DTS Virtual:X\u202f\u2013 un sonido extraordinario y un audio envolvente e inmersivo transforman el Xiaomi TV en tu cine en casa personal.<\/p>\n<\/p><\/div>\n","protected":false},"excerpt":{"rendered":"<p>\ud83d\udfe5 \u00a1OFERT\u00d3N! \ud83d\udfe5 #Publicidad #Amazon #16 \ud83d\udd34 Televisor Xiaomi \u2705 AHORA 479 \u20ac \u2714\ufe0f\ud83d\udfe1 \u274c Antes 569.00 \u20ac \ud83d\uded2: https:\/\/btz.es\/4LUPXc1 &#8211; Dise\u00f1o elegante con marco ultrafino y cuerpo met\u00e1lico: un look moderno que se adapta a cualquier espacio y ampl\u00eda visualmente la imagen para una experiencia de visualizaci\u00f3n envolvente. &#8211; Tecnolog\u00eda MEMC: im\u00e1genes m\u00e1s fluidas [&hellip;]<\/p>\n","protected":false},"featured_media":5629,"template":"","meta":{"_gspb_post_css":""},"store":[],"product_brand":[],"product_cat":[16],"product_tag":[],"class_list":{"0":"post-5630","1":"product","2":"type-product","3":"status-publish","4":"has-post-thumbnail","6":"product_cat-sin-categorizar","8":"first","9":"instock","10":"sale","11":"shipping-taxable","12":"product-type-external"},"jetpack_sharing_enabled":true,"_links":{"self":[{"href":"https:\/\/ofertacular.com\/index.php\/wp-json\/wp\/v2\/product\/5630","targetHints":{"allow":["GET"]}}],"collection":[{"href":"https:\/\/ofertacular.com\/index.php\/wp-json\/wp\/v2\/product"}],"about":[{"href":"https:\/\/ofertacular.com\/index.php\/wp-json\/wp\/v2\/types\/product"}],"wp:featuredmedia":[{"embeddable":true,"href":"https:\/\/ofertacular.com\/index.php\/wp-json\/wp\/v2\/media\/5629"}],"wp:attachment":[{"href":"https:\/\/ofertacular.com\/index.php\/wp-json\/wp\/v2\/media?parent=5630"}],"wp:term":[{"taxonomy":"store","embeddable":true,"href":"https:\/\/ofertacular.com\/index.php\/wp-json\/wp\/v2\/store?post=5630"},{"taxonomy":"product_brand","embeddable":true,"href":"https:\/\/ofertacular.com\/index.php\/wp-json\/wp\/v2\/product_brand?post=5630"},{"taxonomy":"product_cat","embeddable":true,"href":"https:\/\/ofertacular.com\/index.php\/wp-json\/wp\/v2\/product_cat?post=5630"},{"taxonomy":"product_tag","embeddable":true,"href":"https:\/\/ofertacular.com\/index.php\/wp-json\/wp\/v2\/product_tag?post=5630"}],"curies":[{"name":"wp","href":"https:\/\/api.w.org\/{rel}","templated":true}]}}