{"id":5636,"date":"2025-05-22T18:05:42","date_gmt":"2025-05-22T16:05:42","guid":{"rendered":"https:\/\/ofertacular.com\/index.php\/producto\/melitta-solo\/"},"modified":"2025-05-22T18:05:42","modified_gmt":"2025-05-22T16:05:42","slug":"melitta-solo","status":"publish","type":"product","link":"https:\/\/ofertacular.com\/index.php\/producto\/melitta-solo\/","title":{"rendered":"Melitta Solo"},"content":{"rendered":"<div class=\"oferta-container\">\n<p>\ud83d\udfe5 <b>EXCLUSIVO<\/b> \ud83d\udfe5 #Publicidad #Amazon #16<\/p>\n<p>\ud83d\udd34 <b>Cafetera Melitta <\/b><\/p>\n<p>\u2705 <b>AHORA 241 \u20ac<\/b> \u2714\ufe0f\ud83d\udfe1<\/p>\n<p>\u274c Antes 271.15 \u20ac<\/p>\n<p>\ud83d\uded2: <a href=\"https:\/\/btz.es\/4LW5SNt\" target=\"_blank\" rel=\"nofollow noopener\">https:\/\/btz.es\/4LW5SNt<\/a><\/p>\n<p>&#8211; Mejor juntos: El modo de preparaci\u00f3n doble taza de la cafetera autom\u00e1tica permite preparar 2 tazas de expreso o 1 de expreso largo a la vez, para quienes toman mucho caf\u00e9<br \/>\n&#8211; Caf\u00e9 arom\u00e1tico: Esta cafetera profesional tiene una funci\u00f3n de preinfusi\u00f3n que humedece el caf\u00e9 reci\u00e9n molido con agua caliente antes de prepararlo para mejorar su sabor<br \/>\n&#8211; V\u00e1lvula de caf\u00e9 regulable en altura: La altura de la boquilla de esta cafetera el\u00e9ctrica puede regularse hasta 135\u202fmm, para que puedas usar c\u00f3modamente tazas grandes<br \/>\n&#8211; Configurable: La m\u00e1quina de caf\u00e9 tiene un molinillo con 5 grados de molienda y permite elegir entre 3 niveles de intensidad, as\u00ed como la temperatura y la cantidad de caf\u00e9<br \/>\n&#8211; Compacta: Esta cafetera peque\u00f1a, de solo 20 cm de ancho, es la prueba de que un dise\u00f1o compacto es suficiente para albergar la tecnolog\u00eda Melitta de alta calidad<\/p>\n<\/p><\/div>\n","protected":false},"excerpt":{"rendered":"<p>\ud83d\udfe5 EXCLUSIVO \ud83d\udfe5 #Publicidad #Amazon #16 \ud83d\udd34 Cafetera Melitta \u2705 AHORA 241 \u20ac \u2714\ufe0f\ud83d\udfe1 \u274c Antes 271.15 \u20ac \ud83d\uded2: https:\/\/btz.es\/4LW5SNt &#8211; Mejor juntos: El modo de preparaci\u00f3n doble taza de la cafetera autom\u00e1tica permite preparar 2 tazas de expreso o 1 de expreso largo a la vez, para quienes toman mucho caf\u00e9 &#8211; Caf\u00e9 arom\u00e1tico: [&hellip;]<\/p>\n","protected":false},"featured_media":5635,"template":"","meta":{"_gspb_post_css":""},"store":[],"product_brand":[],"product_cat":[16],"product_tag":[],"class_list":{"0":"post-5636","1":"product","2":"type-product","3":"status-publish","4":"has-post-thumbnail","6":"product_cat-sin-categorizar","8":"first","9":"instock","10":"sale","11":"shipping-taxable","12":"product-type-external"},"jetpack_sharing_enabled":true,"_links":{"self":[{"href":"https:\/\/ofertacular.com\/index.php\/wp-json\/wp\/v2\/product\/5636","targetHints":{"allow":["GET"]}}],"collection":[{"href":"https:\/\/ofertacular.com\/index.php\/wp-json\/wp\/v2\/product"}],"about":[{"href":"https:\/\/ofertacular.com\/index.php\/wp-json\/wp\/v2\/types\/product"}],"wp:featuredmedia":[{"embeddable":true,"href":"https:\/\/ofertacular.com\/index.php\/wp-json\/wp\/v2\/media\/5635"}],"wp:attachment":[{"href":"https:\/\/ofertacular.com\/index.php\/wp-json\/wp\/v2\/media?parent=5636"}],"wp:term":[{"taxonomy":"store","embeddable":true,"href":"https:\/\/ofertacular.com\/index.php\/wp-json\/wp\/v2\/store?post=5636"},{"taxonomy":"product_brand","embeddable":true,"href":"https:\/\/ofertacular.com\/index.php\/wp-json\/wp\/v2\/product_brand?post=5636"},{"taxonomy":"product_cat","embeddable":true,"href":"https:\/\/ofertacular.com\/index.php\/wp-json\/wp\/v2\/product_cat?post=5636"},{"taxonomy":"product_tag","embeddable":true,"href":"https:\/\/ofertacular.com\/index.php\/wp-json\/wp\/v2\/product_tag?post=5636"}],"curies":[{"name":"wp","href":"https:\/\/api.w.org\/{rel}","templated":true}]}}