{"id":5642,"date":"2025-05-23T08:17:49","date_gmt":"2025-05-23T06:17:49","guid":{"rendered":"https:\/\/ofertacular.com\/index.php\/producto\/pistola-masaje-3\/"},"modified":"2025-05-23T08:17:49","modified_gmt":"2025-05-23T06:17:49","slug":"pistola-masaje-3","status":"publish","type":"product","link":"https:\/\/ofertacular.com\/index.php\/producto\/pistola-masaje-3\/","title":{"rendered":"Pistola Masaje"},"content":{"rendered":"<div class=\"oferta-container\">\n<p>\ud83d\udfe5 <b>\u00a1NO TE LA PIERDAS!<\/b> \ud83d\udfe5 #Publicidad #Amazon #16<\/p>\n<p>\ud83d\udd34 <b>Pistola Masaje <\/b><\/p>\n<p>\u2705 <b>AHORA 26.59 \u20ac<\/b> \u2714\ufe0f\ud83d\udfe1<\/p>\n<p>\u274c Antes 31.99 \u20ac<\/p>\n<p>\ud83d\uded2: <a href=\"https:\/\/btz.es\/4LZYzsq\" target=\"_blank\" rel=\"nofollow noopener\">https:\/\/btz.es\/4LZYzsq<\/a><\/p>\n<p>&#8211; \ud83c\udf84PISTOLA MASAJE: Mediante una estimulaci\u00f3n vibratoria profunda y potente, La pistola de masaje muscular relaja la fascia y los m\u00fasculos tensos, recupera los tejidos blandos, acelera la circulaci\u00f3n sangu\u00ednea y reduce r\u00e1pidamente el \u00e1cido l\u00e1ctico producido despu\u00e9s del ejercicio, acorta en gran medida el tiempo de recuperaci\u00f3n de los m\u00fasculos.<br \/>\n&#8211; \ud83c\udf846 CABEZALES DE MASAJE OPCIONALES: Cuenta con 6 cabezales y puede usar cada uno para las diferentes partes musculares. En el manual que se incluye se explica la funci\u00f3n que tiene cada uno. Esta pistola para masaje muscular puede apuntar con precisi\u00f3n a diferentes partes del cuerpo y grupos musculares, energizando efectivamente su cuerpo y reduciendo el da\u00f1o \u00f3seo y muscular.<br \/>\n&#8211; \ud83c\udf8430 VELOCIDADES AJUSTABLES: Nuestra pistola masajeadora muscular ofrece 30 niveles de fuerza de velocidad ajustable que var\u00edan de 1800 a 3400 percusiones cada minutos. Elija diferentes punta de masajeador y nivel de velocidad seg\u00fan el grupo muscular diferente y su propia necesidad, hacer que la recuperaci\u00f3n sea m\u00e1s efectiva. Con funci\u00f3n de protecci\u00f3n del motor, apagado autom\u00e1tico en 15 minutos.<br \/>\n&#8211; \ud83c\udf84CARGA USB Y PANTALLA TACTIL LCD: Nuestra pistola masaje profesional tiene con una bater\u00eda de litio de alta calidad, que le permite usarla durante 6 a 8 horas despu\u00e9s de una carga completa.Tienes dos indicadores en la pantalla, en la izquierda el nivel de intensidad del movimiento y en la derecha el nivel de bater\u00eda. Es recargable por Type-C, lo cual es conveniente.<br \/>\n&#8211; \ud83c\udf84NIVEL DE RUIDO MAS BAJO E DISENO INTELIGENTE: Nuestras pistola masaje tienen un aspecto elegante. Materiales resistentes y dise\u00f1o ergonomico. Tiene un fuerte motor de reducci\u00f3n de ruido eficiente, nuestra pistola masaje profesional funciona con un nivel de ruido silencioso de solo 35-45dB, adecuado para usar en casa, en el gimnasio o en la oficina.<\/p>\n<\/p><\/div>\n","protected":false},"excerpt":{"rendered":"<p>\ud83d\udfe5 \u00a1NO TE LA PIERDAS! \ud83d\udfe5 #Publicidad #Amazon #16 \ud83d\udd34 Pistola Masaje \u2705 AHORA 26.59 \u20ac \u2714\ufe0f\ud83d\udfe1 \u274c Antes 31.99 \u20ac \ud83d\uded2: https:\/\/btz.es\/4LZYzsq &#8211; \ud83c\udf84PISTOLA MASAJE: Mediante una estimulaci\u00f3n vibratoria profunda y potente, La pistola de masaje muscular relaja la fascia y los m\u00fasculos tensos, recupera los tejidos blandos, acelera la circulaci\u00f3n sangu\u00ednea y reduce [&hellip;]<\/p>\n","protected":false},"featured_media":5641,"template":"","meta":{"_gspb_post_css":""},"store":[],"product_brand":[],"product_cat":[16],"product_tag":[],"class_list":{"0":"post-5642","1":"product","2":"type-product","3":"status-publish","4":"has-post-thumbnail","6":"product_cat-sin-categorizar","8":"first","9":"instock","10":"sale","11":"shipping-taxable","12":"product-type-external"},"jetpack_sharing_enabled":true,"_links":{"self":[{"href":"https:\/\/ofertacular.com\/index.php\/wp-json\/wp\/v2\/product\/5642","targetHints":{"allow":["GET"]}}],"collection":[{"href":"https:\/\/ofertacular.com\/index.php\/wp-json\/wp\/v2\/product"}],"about":[{"href":"https:\/\/ofertacular.com\/index.php\/wp-json\/wp\/v2\/types\/product"}],"wp:featuredmedia":[{"embeddable":true,"href":"https:\/\/ofertacular.com\/index.php\/wp-json\/wp\/v2\/media\/5641"}],"wp:attachment":[{"href":"https:\/\/ofertacular.com\/index.php\/wp-json\/wp\/v2\/media?parent=5642"}],"wp:term":[{"taxonomy":"store","embeddable":true,"href":"https:\/\/ofertacular.com\/index.php\/wp-json\/wp\/v2\/store?post=5642"},{"taxonomy":"product_brand","embeddable":true,"href":"https:\/\/ofertacular.com\/index.php\/wp-json\/wp\/v2\/product_brand?post=5642"},{"taxonomy":"product_cat","embeddable":true,"href":"https:\/\/ofertacular.com\/index.php\/wp-json\/wp\/v2\/product_cat?post=5642"},{"taxonomy":"product_tag","embeddable":true,"href":"https:\/\/ofertacular.com\/index.php\/wp-json\/wp\/v2\/product_tag?post=5642"}],"curies":[{"name":"wp","href":"https:\/\/api.w.org\/{rel}","templated":true}]}}