{"id":5656,"date":"2025-05-25T07:29:28","date_gmt":"2025-05-25T05:29:28","guid":{"rendered":"https:\/\/ofertacular.com\/index.php\/producto\/dji-mini\/"},"modified":"2025-05-25T07:29:28","modified_gmt":"2025-05-25T05:29:28","slug":"dji-mini","status":"publish","type":"product","link":"https:\/\/ofertacular.com\/index.php\/producto\/dji-mini\/","title":{"rendered":"DJI Mini"},"content":{"rendered":"<div class=\"oferta-container\">\n<p>\ud83d\udfe5 <b>ES UN CHOLL\u00d3N<\/b> \ud83d\udfe5 #Publicidad #Amazon #16<\/p>\n<p>\ud83d\udd34 <b>Drone compacto <\/b><\/p>\n<p>\u2705 <b>AHORA 299 \u20ac<\/b> \u2714\ufe0f\ud83d\udfe1<\/p>\n<p>\u274c Antes <\/p>\n<p>\ud83d\uded2: <a href=\"https:\/\/btz.es\/4Ml3rZQ\" target=\"_blank\" rel=\"nofollow noopener\">https:\/\/btz.es\/4Ml3rZQ<\/a><\/p>\n<p>&#8211; Menos de 249 g, Certificaci\u00f3n de clase C0 &#8211; Gracias a su peso ultraligero, el Mini 4K puede volar en las categor\u00edas A1 y A3. Los operadores no necesitan realizar ning\u00fan test.<br \/>\n&#8211; 4K Ultra HD y estabilizador de 3 ejes para grabaciones de calidad cinematogr\u00e1fica &#8211; Captura momentos asombrosos con cualquier iluminaci\u00f3n: amaneceres, atardeceres y escenas nocturnas. Gracias al estabilizador de 3 ejes, puedes conseguir v\u00eddeos de calidad cinematogr\u00e1fica.<br \/>\n&#8211; Resistencia al viento de 38 km\/h nivel 5 &#8211; DJI Mini 4K vuela de forma estable incluso con viento de nivel 5. Los motores sin escobillas aumentan la potencia y permiten despegar a altitudes de hasta 4000 metros.<br \/>\n&#8211; Creaci\u00f3n de contenidos ininterrumpida con mayor vida de la bater\u00eda &#8211; Hay tres sets disponibles para que elijas: Set de 1 bater\u00eda 31 min, set de 2 bater\u00edas 62 min o set de 3 bater\u00edas 93 min. [3] Desp\u00eddete de la preocupaci\u00f3n por la bater\u00eda.<br \/>\n&#8211; Seguro y f\u00e1cil de usar &#8211; DJI Mini 4K admite despegue\/aterrizaje con un toque, Regreso al punto de origen RPO y vuelo estacionario estable por GPS, y operaci\u00f3n sencilla con un solo toque para principiantes. Recursos de aprendizaje adicionales en la aplicaci\u00f3n para que domines el vuelo r\u00e1pidamente.<br \/>\n&#8211; Potencia tu inspiraci\u00f3n con QuickShots inteligentes &#8211; Con solo unos toques, Mini 4K graba autom\u00e1ticamente v\u00eddeos de nivel profesional usando los QuickShots Espiral, Dronie, Cohete, \u00d3rbita y Boomerang.<br \/>\n&#8211; Transmisi\u00f3n m\u00e1x. de v\u00eddeo HD a 10 km &#8211; Transmisi\u00f3n de v\u00eddeo en HD hasta 10 km [2] y una excelente capacidad antiinterferencias para que puedas explorar libremente vastos paisajes y ver m\u00e1s n\u00edtidamente.<br \/>\n&#8211; Incluye DJI Mini 4K, 1 bater\u00eda, un RC-N1C y todo lo que necesitas para volar f\u00e1cilmente grabando en 4K. Una opci\u00f3n genial y asequible para principiantes.<br \/>\n&#8211; Notas: Los requisitos normativos correspondientes pueden variar seg\u00fan c\u00f3mo uses tu dron. Por tu seguridad, aseg\u00farate de consultar y cumplir en todo momento las leyes y normativas locales m\u00e1s recientes antes de volar.<\/p>\n<\/p><\/div>\n","protected":false},"excerpt":{"rendered":"<p>\ud83d\udfe5 ES UN CHOLL\u00d3N \ud83d\udfe5 #Publicidad #Amazon #16 \ud83d\udd34 Drone compacto \u2705 AHORA 299 \u20ac \u2714\ufe0f\ud83d\udfe1 \u274c Antes \ud83d\uded2: https:\/\/btz.es\/4Ml3rZQ &#8211; Menos de 249 g, Certificaci\u00f3n de clase C0 &#8211; Gracias a su peso ultraligero, el Mini 4K puede volar en las categor\u00edas A1 y A3. Los operadores no necesitan realizar ning\u00fan test. &#8211; 4K [&hellip;]<\/p>\n","protected":false},"featured_media":5655,"template":"","meta":{"_gspb_post_css":""},"store":[],"product_brand":[],"product_cat":[16],"product_tag":[],"class_list":{"0":"post-5656","1":"product","2":"type-product","3":"status-publish","4":"has-post-thumbnail","6":"product_cat-sin-categorizar","8":"first","9":"instock","10":"shipping-taxable","11":"product-type-external"},"jetpack_sharing_enabled":true,"_links":{"self":[{"href":"https:\/\/ofertacular.com\/index.php\/wp-json\/wp\/v2\/product\/5656","targetHints":{"allow":["GET"]}}],"collection":[{"href":"https:\/\/ofertacular.com\/index.php\/wp-json\/wp\/v2\/product"}],"about":[{"href":"https:\/\/ofertacular.com\/index.php\/wp-json\/wp\/v2\/types\/product"}],"wp:featuredmedia":[{"embeddable":true,"href":"https:\/\/ofertacular.com\/index.php\/wp-json\/wp\/v2\/media\/5655"}],"wp:attachment":[{"href":"https:\/\/ofertacular.com\/index.php\/wp-json\/wp\/v2\/media?parent=5656"}],"wp:term":[{"taxonomy":"store","embeddable":true,"href":"https:\/\/ofertacular.com\/index.php\/wp-json\/wp\/v2\/store?post=5656"},{"taxonomy":"product_brand","embeddable":true,"href":"https:\/\/ofertacular.com\/index.php\/wp-json\/wp\/v2\/product_brand?post=5656"},{"taxonomy":"product_cat","embeddable":true,"href":"https:\/\/ofertacular.com\/index.php\/wp-json\/wp\/v2\/product_cat?post=5656"},{"taxonomy":"product_tag","embeddable":true,"href":"https:\/\/ofertacular.com\/index.php\/wp-json\/wp\/v2\/product_tag?post=5656"}],"curies":[{"name":"wp","href":"https:\/\/api.w.org\/{rel}","templated":true}]}}