{"id":5658,"date":"2025-05-25T07:49:04","date_gmt":"2025-05-25T05:49:04","guid":{"rendered":"https:\/\/ofertacular.com\/index.php\/producto\/cecotec-espresso-2\/"},"modified":"2025-05-25T07:49:04","modified_gmt":"2025-05-25T05:49:04","slug":"cecotec-espresso-2","status":"publish","type":"product","link":"https:\/\/ofertacular.com\/index.php\/producto\/cecotec-espresso-2\/","title":{"rendered":"Cecotec Espresso"},"content":{"rendered":"<div class=\"oferta-container\">\n<p>\ud83d\udfe5 <b>SUPER OFERTA<\/b> \ud83d\udfe5 #Publicidad #Amazon #16<\/p>\n<p>\ud83d\udd34 <b>Cafetera Espresso <\/b><\/p>\n<p>\u2705 <b>AHORA 94.9 \u20ac<\/b> \u2714\ufe0f\ud83d\udfe1<\/p>\n<p>\u274c Antes 109.00 \u20ac<\/p>\n<p>\ud83d\uded2: <a href=\"https:\/\/btz.es\/4Ml8n5F\" target=\"_blank\" rel=\"nofollow noopener\">https:\/\/btz.es\/4Ml8n5F<\/a><\/p>\n<p>&#8211; Cafetera express: prepara tus caf\u00e9s espressos y cappuccinos r\u00e1pidamente.<br \/>\n&#8211; Pantalla con botones: La intuitiva pantalla con funcionamiento por botones facilita la operaci\u00f3n de la cafetera, permiti\u00e9ndote seleccionar tus preferencias de caf\u00e9 de manera sencilla y r\u00e1pida.<br \/>\n&#8211; Bomba de presi\u00f3n de 20 bares: consigue la mejor crema y el m\u00e1ximo aroma.<br \/>\n&#8211; Vaporizador orientable con protecci\u00f3n: espuma leche, emite agua caliente para infusiones y calienta l\u00edquidos.<br \/>\n&#8211; Dep\u00f3sito de agua extra\u00edble: gran capacidad de 1,5 litros. Tanque de leche: capacidad de 550 ml.<\/p>\n<\/p><\/div>\n","protected":false},"excerpt":{"rendered":"<p>\ud83d\udfe5 SUPER OFERTA \ud83d\udfe5 #Publicidad #Amazon #16 \ud83d\udd34 Cafetera Espresso \u2705 AHORA 94.9 \u20ac \u2714\ufe0f\ud83d\udfe1 \u274c Antes 109.00 \u20ac \ud83d\uded2: https:\/\/btz.es\/4Ml8n5F &#8211; Cafetera express: prepara tus caf\u00e9s espressos y cappuccinos r\u00e1pidamente. &#8211; Pantalla con botones: La intuitiva pantalla con funcionamiento por botones facilita la operaci\u00f3n de la cafetera, permiti\u00e9ndote seleccionar tus preferencias de caf\u00e9 de [&hellip;]<\/p>\n","protected":false},"featured_media":5657,"template":"","meta":{"_gspb_post_css":""},"store":[],"product_brand":[],"product_cat":[16],"product_tag":[],"class_list":{"0":"post-5658","1":"product","2":"type-product","3":"status-publish","4":"has-post-thumbnail","6":"product_cat-sin-categorizar","8":"first","9":"instock","10":"sale","11":"shipping-taxable","12":"product-type-external"},"jetpack_sharing_enabled":true,"_links":{"self":[{"href":"https:\/\/ofertacular.com\/index.php\/wp-json\/wp\/v2\/product\/5658","targetHints":{"allow":["GET"]}}],"collection":[{"href":"https:\/\/ofertacular.com\/index.php\/wp-json\/wp\/v2\/product"}],"about":[{"href":"https:\/\/ofertacular.com\/index.php\/wp-json\/wp\/v2\/types\/product"}],"wp:featuredmedia":[{"embeddable":true,"href":"https:\/\/ofertacular.com\/index.php\/wp-json\/wp\/v2\/media\/5657"}],"wp:attachment":[{"href":"https:\/\/ofertacular.com\/index.php\/wp-json\/wp\/v2\/media?parent=5658"}],"wp:term":[{"taxonomy":"store","embeddable":true,"href":"https:\/\/ofertacular.com\/index.php\/wp-json\/wp\/v2\/store?post=5658"},{"taxonomy":"product_brand","embeddable":true,"href":"https:\/\/ofertacular.com\/index.php\/wp-json\/wp\/v2\/product_brand?post=5658"},{"taxonomy":"product_cat","embeddable":true,"href":"https:\/\/ofertacular.com\/index.php\/wp-json\/wp\/v2\/product_cat?post=5658"},{"taxonomy":"product_tag","embeddable":true,"href":"https:\/\/ofertacular.com\/index.php\/wp-json\/wp\/v2\/product_tag?post=5658"}],"curies":[{"name":"wp","href":"https:\/\/api.w.org\/{rel}","templated":true}]}}