{"id":5664,"date":"2025-05-26T10:05:36","date_gmt":"2025-05-26T08:05:36","guid":{"rendered":"https:\/\/ofertacular.com\/index.php\/producto\/bic-boligrafos-retractiles\/"},"modified":"2025-05-26T10:05:36","modified_gmt":"2025-05-26T08:05:36","slug":"bic-boligrafos-retractiles","status":"publish","type":"product","link":"https:\/\/ofertacular.com\/index.php\/producto\/bic-boligrafos-retractiles\/","title":{"rendered":"BIC Bol\u00edgrafos Retr\u00e1ctiles"},"content":{"rendered":"<div class=\"oferta-container\">\n<p>\ud83d\udfe5 <b>EXCLUSIVO<\/b> \ud83d\udfe5 #Publicidad #Amazon #16<\/p>\n<p>\ud83d\udd34 <b>Bol\u00edgrafos retr\u00e1ctiles <\/b><\/p>\n<p>\u2705 <b>AHORA 4.84 \u20ac<\/b> \u2714\ufe0f\ud83d\udfe1<\/p>\n<p>\u274c Antes 5.70 \u20ac<\/p>\n<p>\ud83d\uded2: <a href=\"https:\/\/btz.es\/4MrXhEm\" target=\"_blank\" rel=\"nofollow noopener\">https:\/\/btz.es\/4MrXhEm<\/a><\/p>\n<p>&#8211; Bol\u00edgrafos Bic Original, 3 bolis de colores cada uno con 4 puntas de 1,0 mm para una escritura precisa<br \/>\n&#8211; Con los bol\u00edgrafos Bic cambia de color sin cambiar de boli gracias al sistema retr\u00e1ctil de 4 colores diferentes incorporado en el mismo boli Bic<br \/>\n&#8211; Crea t\u00edtulos y cuerpos de texto usando el Bic 4 colores que conserva su punta tradicional de 1,0 mm, su dise\u00f1o cl\u00e1sico bicolor, su clip lateral y sus caracter\u00edsticos botones de selecci\u00f3n<br \/>\n&#8211; Disfrutar de colores 4 colores est\u00e1 a un clic de distancia pues el boli Bic te da los colores tradicionales negro y azul y a\u00f1ade el rojo y verde, bolis con lo que podr\u00e1s escribir una media de 2 km, lo que suma un total de 8 km<br \/>\n&#8211; El boli Bic 4 colores est\u00e1 fabricado con pocos materiales y gracias a esto posee el certificado NF Environnement que te da tranquilidad para usarlos cada d\u00eda<\/p>\n<\/p><\/div>\n","protected":false},"excerpt":{"rendered":"<p>\ud83d\udfe5 EXCLUSIVO \ud83d\udfe5 #Publicidad #Amazon #16 \ud83d\udd34 Bol\u00edgrafos retr\u00e1ctiles \u2705 AHORA 4.84 \u20ac \u2714\ufe0f\ud83d\udfe1 \u274c Antes 5.70 \u20ac \ud83d\uded2: https:\/\/btz.es\/4MrXhEm &#8211; Bol\u00edgrafos Bic Original, 3 bolis de colores cada uno con 4 puntas de 1,0 mm para una escritura precisa &#8211; Con los bol\u00edgrafos Bic cambia de color sin cambiar de boli gracias al sistema [&hellip;]<\/p>\n","protected":false},"featured_media":5663,"template":"","meta":{"_gspb_post_css":""},"store":[],"product_brand":[],"product_cat":[16],"product_tag":[],"class_list":{"0":"post-5664","1":"product","2":"type-product","3":"status-publish","4":"has-post-thumbnail","6":"product_cat-sin-categorizar","8":"first","9":"instock","10":"sale","11":"shipping-taxable","12":"product-type-external"},"jetpack_sharing_enabled":true,"_links":{"self":[{"href":"https:\/\/ofertacular.com\/index.php\/wp-json\/wp\/v2\/product\/5664","targetHints":{"allow":["GET"]}}],"collection":[{"href":"https:\/\/ofertacular.com\/index.php\/wp-json\/wp\/v2\/product"}],"about":[{"href":"https:\/\/ofertacular.com\/index.php\/wp-json\/wp\/v2\/types\/product"}],"wp:featuredmedia":[{"embeddable":true,"href":"https:\/\/ofertacular.com\/index.php\/wp-json\/wp\/v2\/media\/5663"}],"wp:attachment":[{"href":"https:\/\/ofertacular.com\/index.php\/wp-json\/wp\/v2\/media?parent=5664"}],"wp:term":[{"taxonomy":"store","embeddable":true,"href":"https:\/\/ofertacular.com\/index.php\/wp-json\/wp\/v2\/store?post=5664"},{"taxonomy":"product_brand","embeddable":true,"href":"https:\/\/ofertacular.com\/index.php\/wp-json\/wp\/v2\/product_brand?post=5664"},{"taxonomy":"product_cat","embeddable":true,"href":"https:\/\/ofertacular.com\/index.php\/wp-json\/wp\/v2\/product_cat?post=5664"},{"taxonomy":"product_tag","embeddable":true,"href":"https:\/\/ofertacular.com\/index.php\/wp-json\/wp\/v2\/product_tag?post=5664"}],"curies":[{"name":"wp","href":"https:\/\/api.w.org\/{rel}","templated":true}]}}