{"id":5670,"date":"2025-05-26T10:13:32","date_gmt":"2025-05-26T08:13:32","guid":{"rendered":"https:\/\/ofertacular.com\/index.php\/producto\/cecotec-secador\/"},"modified":"2025-05-26T10:13:32","modified_gmt":"2025-05-26T08:13:32","slug":"cecotec-secador","status":"publish","type":"product","link":"https:\/\/ofertacular.com\/index.php\/producto\/cecotec-secador\/","title":{"rendered":"Cecotec Secador"},"content":{"rendered":"<div class=\"oferta-container\">\n<p>\ud83d\udfe5 <b>\u00a1OFERT\u00d3N!<\/b> \ud83d\udfe5 #Publicidad #Amazon #16<\/p>\n<p>\ud83d\udd34 <b>Secador Cecotec <\/b><\/p>\n<p>\u2705 <b>AHORA 17.9 \u20ac<\/b> \u2714\ufe0f\ud83d\udfe1<\/p>\n<p>\u274c Antes 18.93 \u20ac<\/p>\n<p>\ud83d\uded2: <a href=\"https:\/\/btz.es\/4MrZh1R\" target=\"_blank\" rel=\"nofollow noopener\">https:\/\/btz.es\/4MrZh1R<\/a><\/p>\n<p>&#8211; Potente motor profesional de nueva generaci\u00f3n con 2300 W. Gran caudal de aire para secar el cabello de forma r\u00e1pida y con Ion Real para un cabello m\u00e1s brillante y sin antiencrespado.<br \/>\n&#8211; Pro Style. Cuida de tu cabello mejorando el sellado de la cut\u00edcula para un acabado ultrabrillante y sin p\u00e9rdida de color. Control total. Gracias al ajuste de la temperatura y la velocidad podr\u00e1s elegir los ajustes ideales para tu peinado. Cuenta con dos posiciones de velocidad Turbo\/Medio y tres posiciones de temperatura Calor\/Medio\/Fr\u00edo.<br \/>\n&#8211; Incluye boquilla de precisi\u00f3n, perfecta para un acabado profesional y el difusor ayuda a conseguir un maxivolumen natural en las ra\u00edces y definir los rizos f\u00e1cilmente.<br \/>\n&#8211; Tecnolog\u00eda Hair Care para proteger el cabello frente a los sobrecalentamientos. Funci\u00f3n de aire fr\u00edo, para un extra de fijaci\u00f3n en el peinado y que se mantenga perfecto durante m\u00e1s tiempo.<br \/>\n&#8211; Incorpora 1,8 m de cable para que puedas usar el secador i\u00f3nico de forma c\u00f3moda en cualquier lugar. El filtro es muy f\u00e1cil de limpiar gracias a la rejilla trasera extra\u00edble. Adem\u00e1s, alarga la vida \u00fatil del secador y permite que el secador funcione en niveles \u00f3ptimos.<\/p>\n<\/p><\/div>\n","protected":false},"excerpt":{"rendered":"<p>\ud83d\udfe5 \u00a1OFERT\u00d3N! \ud83d\udfe5 #Publicidad #Amazon #16 \ud83d\udd34 Secador Cecotec \u2705 AHORA 17.9 \u20ac \u2714\ufe0f\ud83d\udfe1 \u274c Antes 18.93 \u20ac \ud83d\uded2: https:\/\/btz.es\/4MrZh1R &#8211; Potente motor profesional de nueva generaci\u00f3n con 2300 W. Gran caudal de aire para secar el cabello de forma r\u00e1pida y con Ion Real para un cabello m\u00e1s brillante y sin antiencrespado. &#8211; Pro [&hellip;]<\/p>\n","protected":false},"featured_media":5669,"template":"","meta":{"_gspb_post_css":""},"store":[],"product_brand":[],"product_cat":[16],"product_tag":[],"class_list":{"0":"post-5670","1":"product","2":"type-product","3":"status-publish","4":"has-post-thumbnail","6":"product_cat-sin-categorizar","8":"first","9":"instock","10":"sale","11":"shipping-taxable","12":"product-type-external"},"jetpack_sharing_enabled":true,"_links":{"self":[{"href":"https:\/\/ofertacular.com\/index.php\/wp-json\/wp\/v2\/product\/5670","targetHints":{"allow":["GET"]}}],"collection":[{"href":"https:\/\/ofertacular.com\/index.php\/wp-json\/wp\/v2\/product"}],"about":[{"href":"https:\/\/ofertacular.com\/index.php\/wp-json\/wp\/v2\/types\/product"}],"wp:featuredmedia":[{"embeddable":true,"href":"https:\/\/ofertacular.com\/index.php\/wp-json\/wp\/v2\/media\/5669"}],"wp:attachment":[{"href":"https:\/\/ofertacular.com\/index.php\/wp-json\/wp\/v2\/media?parent=5670"}],"wp:term":[{"taxonomy":"store","embeddable":true,"href":"https:\/\/ofertacular.com\/index.php\/wp-json\/wp\/v2\/store?post=5670"},{"taxonomy":"product_brand","embeddable":true,"href":"https:\/\/ofertacular.com\/index.php\/wp-json\/wp\/v2\/product_brand?post=5670"},{"taxonomy":"product_cat","embeddable":true,"href":"https:\/\/ofertacular.com\/index.php\/wp-json\/wp\/v2\/product_cat?post=5670"},{"taxonomy":"product_tag","embeddable":true,"href":"https:\/\/ofertacular.com\/index.php\/wp-json\/wp\/v2\/product_tag?post=5670"}],"curies":[{"name":"wp","href":"https:\/\/api.w.org\/{rel}","templated":true}]}}