{"id":5680,"date":"2025-05-26T13:29:03","date_gmt":"2025-05-26T11:29:03","guid":{"rendered":"https:\/\/ofertacular.com\/index.php\/producto\/estrella-cerveza\/"},"modified":"2025-05-26T13:29:03","modified_gmt":"2025-05-26T11:29:03","slug":"estrella-cerveza","status":"publish","type":"product","link":"https:\/\/ofertacular.com\/index.php\/producto\/estrella-cerveza\/","title":{"rendered":"Estrella Cerveza"},"content":{"rendered":"<div class=\"oferta-container\">\n<p>\ud83d\udfe5 <b>\u00a1S\u00d3LO HOY!<\/b> \ud83d\udfe5 #Publicidad #Amazon #16<\/p>\n<p>\ud83d\udd34 <b>Cerveza Estrella <\/b><\/p>\n<p>\u2705 <b>AHORA 7.99 \u20ac<\/b> \u2714\ufe0f\ud83d\udfe1<\/p>\n<p>\u274c Antes 12.32 \u20ac<\/p>\n<p>\ud83d\uded2: <a href=\"https:\/\/btz.es\/4MsMvst\" target=\"_blank\" rel=\"nofollow noopener\">https:\/\/btz.es\/4MsMvst<\/a><\/p>\n<p>&#8211; \ud83c\udf7aDAMM CERVEZA ESTRELLA DEL SUR &#8211; Una cerveza de tono \u00e1mbar claro y brillante que se distingue por su espuma persistente y p\u00e1lida, creando una presentaci\u00f3n visual atractiva.<br \/>\n&#8211; \ud83c\udf43 PERFIL DE SABOR &#8211; Esta cerveza ofrece notas pronunciadas a levadura y l\u00fapulo, lo que la hace una elecci\u00f3n ideal para aquellos que disfrutan de sabores caracter\u00edsticos y aut\u00e9nticos.<br \/>\n&#8211; \ud83c\udf1e REFRESCANTE EN EL SUR &#8211; Especialmente concebida para las altas temperaturas del sur, convirti\u00e9ndola en la compa\u00f1era perfecta para refrescarse y disfrutar en climas c\u00e1lidos.<br \/>\n&#8211; \u2744\ufe0fFORMATO Y CONSUMO &#8211; Pack de 24 Botellas 25cl. Consumirla a unos 4-6 grados, para poder disfrutar de su sabor y su car\u00e1cter refrescante.<br \/>\n&#8211; \u2b50ESTRELLA DEL SUR &#8211; Desde su nacimiento en Sevilla en 1959, Estrella del Sur ha estado presente en el paladar y el coraz\u00f3n de los andaluces.<\/p>\n<\/p><\/div>\n","protected":false},"excerpt":{"rendered":"<p>\ud83d\udfe5 \u00a1S\u00d3LO HOY! \ud83d\udfe5 #Publicidad #Amazon #16 \ud83d\udd34 Cerveza Estrella \u2705 AHORA 7.99 \u20ac \u2714\ufe0f\ud83d\udfe1 \u274c Antes 12.32 \u20ac \ud83d\uded2: https:\/\/btz.es\/4MsMvst &#8211; \ud83c\udf7aDAMM CERVEZA ESTRELLA DEL SUR &#8211; Una cerveza de tono \u00e1mbar claro y brillante que se distingue por su espuma persistente y p\u00e1lida, creando una presentaci\u00f3n visual atractiva. &#8211; \ud83c\udf43 PERFIL DE SABOR [&hellip;]<\/p>\n","protected":false},"featured_media":5679,"template":"","meta":{"_gspb_post_css":""},"store":[],"product_brand":[],"product_cat":[16],"product_tag":[],"class_list":{"0":"post-5680","1":"product","2":"type-product","3":"status-publish","4":"has-post-thumbnail","6":"product_cat-sin-categorizar","8":"first","9":"instock","10":"sale","11":"shipping-taxable","12":"product-type-external"},"jetpack_sharing_enabled":true,"_links":{"self":[{"href":"https:\/\/ofertacular.com\/index.php\/wp-json\/wp\/v2\/product\/5680","targetHints":{"allow":["GET"]}}],"collection":[{"href":"https:\/\/ofertacular.com\/index.php\/wp-json\/wp\/v2\/product"}],"about":[{"href":"https:\/\/ofertacular.com\/index.php\/wp-json\/wp\/v2\/types\/product"}],"wp:featuredmedia":[{"embeddable":true,"href":"https:\/\/ofertacular.com\/index.php\/wp-json\/wp\/v2\/media\/5679"}],"wp:attachment":[{"href":"https:\/\/ofertacular.com\/index.php\/wp-json\/wp\/v2\/media?parent=5680"}],"wp:term":[{"taxonomy":"store","embeddable":true,"href":"https:\/\/ofertacular.com\/index.php\/wp-json\/wp\/v2\/store?post=5680"},{"taxonomy":"product_brand","embeddable":true,"href":"https:\/\/ofertacular.com\/index.php\/wp-json\/wp\/v2\/product_brand?post=5680"},{"taxonomy":"product_cat","embeddable":true,"href":"https:\/\/ofertacular.com\/index.php\/wp-json\/wp\/v2\/product_cat?post=5680"},{"taxonomy":"product_tag","embeddable":true,"href":"https:\/\/ofertacular.com\/index.php\/wp-json\/wp\/v2\/product_tag?post=5680"}],"curies":[{"name":"wp","href":"https:\/\/api.w.org\/{rel}","templated":true}]}}