{"id":5703,"date":"2025-05-28T10:04:08","date_gmt":"2025-05-28T08:04:08","guid":{"rendered":"https:\/\/ofertacular.com\/index.php\/producto\/calvo-atun\/"},"modified":"2025-05-28T10:04:08","modified_gmt":"2025-05-28T08:04:08","slug":"calvo-atun","status":"publish","type":"product","link":"https:\/\/ofertacular.com\/index.php\/producto\/calvo-atun\/","title":{"rendered":"Calvo At\u00fan"},"content":{"rendered":"<div class=\"oferta-container\">\n<p>\ud83d\udfe5 <b>ES UN CHOLL\u00d3N<\/b> \ud83d\udfe5 #Publicidad #Amazon #16<\/p>\n<p>\ud83d\udd34 <b>At\u00fan Calvo <\/b><\/p>\n<p>\u2705 <b>AHORA 23.9 \u20ac<\/b> \u2714\ufe0f\ud83d\udfe1<\/p>\n<p>\u274c Antes 35.00 \u20ac<\/p>\n<p>\ud83d\uded2: <a href=\"https:\/\/btz.es\/4M3DOn0\" target=\"_blank\" rel=\"nofollow noopener\">https:\/\/btz.es\/4M3DOn0<\/a><\/p>\n<p>&#8211; La siguiente informaci\u00f3n se aplica a cada unidad del paquete<br \/>\n&#8211; At\u00fan claro al natural<br \/>\n&#8211; Una fuente \u00f3ptima de prote\u00ednas limpias de grasa<br \/>\n&#8211; Nuestro at\u00fan m\u00e1s sabroso con el toque justo de agua<br \/>\n&#8211; Adecuado para toda la familia<br \/>\n&#8211; Se debe conservar en un lugar fresco y seco<\/p>\n<\/p><\/div>\n","protected":false},"excerpt":{"rendered":"<p>\ud83d\udfe5 ES UN CHOLL\u00d3N \ud83d\udfe5 #Publicidad #Amazon #16 \ud83d\udd34 At\u00fan Calvo \u2705 AHORA 23.9 \u20ac \u2714\ufe0f\ud83d\udfe1 \u274c Antes 35.00 \u20ac \ud83d\uded2: https:\/\/btz.es\/4M3DOn0 &#8211; La siguiente informaci\u00f3n se aplica a cada unidad del paquete &#8211; At\u00fan claro al natural &#8211; Una fuente \u00f3ptima de prote\u00ednas limpias de grasa &#8211; Nuestro at\u00fan m\u00e1s sabroso con el toque [&hellip;]<\/p>\n","protected":false},"featured_media":5702,"template":"","meta":{"_gspb_post_css":""},"store":[],"product_brand":[],"product_cat":[16],"product_tag":[],"class_list":{"0":"post-5703","1":"product","2":"type-product","3":"status-publish","4":"has-post-thumbnail","6":"product_cat-sin-categorizar","8":"first","9":"instock","10":"sale","11":"shipping-taxable","12":"product-type-external"},"jetpack_sharing_enabled":true,"_links":{"self":[{"href":"https:\/\/ofertacular.com\/index.php\/wp-json\/wp\/v2\/product\/5703","targetHints":{"allow":["GET"]}}],"collection":[{"href":"https:\/\/ofertacular.com\/index.php\/wp-json\/wp\/v2\/product"}],"about":[{"href":"https:\/\/ofertacular.com\/index.php\/wp-json\/wp\/v2\/types\/product"}],"wp:featuredmedia":[{"embeddable":true,"href":"https:\/\/ofertacular.com\/index.php\/wp-json\/wp\/v2\/media\/5702"}],"wp:attachment":[{"href":"https:\/\/ofertacular.com\/index.php\/wp-json\/wp\/v2\/media?parent=5703"}],"wp:term":[{"taxonomy":"store","embeddable":true,"href":"https:\/\/ofertacular.com\/index.php\/wp-json\/wp\/v2\/store?post=5703"},{"taxonomy":"product_brand","embeddable":true,"href":"https:\/\/ofertacular.com\/index.php\/wp-json\/wp\/v2\/product_brand?post=5703"},{"taxonomy":"product_cat","embeddable":true,"href":"https:\/\/ofertacular.com\/index.php\/wp-json\/wp\/v2\/product_cat?post=5703"},{"taxonomy":"product_tag","embeddable":true,"href":"https:\/\/ofertacular.com\/index.php\/wp-json\/wp\/v2\/product_tag?post=5703"}],"curies":[{"name":"wp","href":"https:\/\/api.w.org\/{rel}","templated":true}]}}