{"id":5707,"date":"2025-05-28T10:31:52","date_gmt":"2025-05-28T08:31:52","guid":{"rendered":"https:\/\/ofertacular.com\/index.php\/producto\/captain-carter\/"},"modified":"2025-05-28T10:31:52","modified_gmt":"2025-05-28T08:31:52","slug":"captain-carter","status":"publish","type":"product","link":"https:\/\/ofertacular.com\/index.php\/producto\/captain-carter\/","title":{"rendered":"Captain Carter"},"content":{"rendered":"<div class=\"oferta-container\">\n\ud83d\udfea <b>\u00a1FUNKO!<\/b> \ud83d\udfea #Publicidad #Amazon<\/p>\n<p>\ud83d\udfe3 <b> Funko Marvel: Captain Carter Collectible Vinyl<\/b> <\/p>\n<p>\u2705 <b>AHORA 14.64 \u20ac<\/b> \u2714\ufe0f\ud83d\udfe1<br \/>\n\u274c Antes 17.46 \u20ac \u20ac <\/p>\n<p>\ud83d\uded2: https:\/\/btz.es\/4M3KM7l\ud83d\udfe2 <\/p>\n<p>Ofertacular.com<\/p>\n<p>&#8211; Funko POP Vinyl: What If S2- POP 1<br \/>\n&#8211; QUI\u00c9NES SON FUNKO: Funko es una marca l\u00edder en el estilo de vida de la cultura pop. Brindamos conexi\u00f3n con la cultura pop con una l\u00ednea de productos que incluye figuras de vinilo, juguetes de acci\u00f3n, peluches, indumentaria, juegos de mesa y accesorios<br \/>\n&#8211; W\/CHASE SIGNIFICADO: Un Chase Pop es una variante rara de una figura Funko Pop com\u00fan, por lo que su dise\u00f1o difiere ligeramente de la figura original en la que se basa. Cuando compra una figura con una variante de persecuci\u00f3n, tiene la oportunidad de recibir una variante de persecuci\u00f3n de 1 en 6<br \/>\n&#8211; Colecci\u00f3nalos todos!<br \/>\n&#8211; TAMA\u00d1O IDEAL PARA COLECCIONAR &#8211; Con una altura aproximada de 9,5 cm, esta mini figurita de vinilo complementa otros art\u00edculos de colecci\u00f3n y encaja perfectamente en tu vitrina o en tu escritorio.<\/p>\n<\/div>\n","protected":false},"excerpt":{"rendered":"<p>\ud83d\udfea \u00a1FUNKO! \ud83d\udfea #Publicidad #Amazon \ud83d\udfe3 Funko Marvel: Captain Carter Collectible Vinyl \u2705 AHORA 14.64 \u20ac \u2714\ufe0f\ud83d\udfe1 \u274c Antes 17.46 \u20ac \u20ac \ud83d\uded2: https:\/\/btz.es\/4M3KM7l\ud83d\udfe2 Ofertacular.com &#8211; Funko POP Vinyl: What If S2- POP 1 &#8211; QUI\u00c9NES SON FUNKO: Funko es una marca l\u00edder en el estilo de vida de la cultura pop. Brindamos conexi\u00f3n con [&hellip;]<\/p>\n","protected":false},"featured_media":5706,"template":"","meta":{"_gspb_post_css":""},"store":[],"product_brand":[],"product_cat":[16],"product_tag":[],"class_list":{"0":"post-5707","1":"product","2":"type-product","3":"status-publish","4":"has-post-thumbnail","6":"product_cat-sin-categorizar","8":"first","9":"instock","10":"sale","11":"shipping-taxable","12":"product-type-external"},"jetpack_sharing_enabled":true,"_links":{"self":[{"href":"https:\/\/ofertacular.com\/index.php\/wp-json\/wp\/v2\/product\/5707","targetHints":{"allow":["GET"]}}],"collection":[{"href":"https:\/\/ofertacular.com\/index.php\/wp-json\/wp\/v2\/product"}],"about":[{"href":"https:\/\/ofertacular.com\/index.php\/wp-json\/wp\/v2\/types\/product"}],"wp:featuredmedia":[{"embeddable":true,"href":"https:\/\/ofertacular.com\/index.php\/wp-json\/wp\/v2\/media\/5706"}],"wp:attachment":[{"href":"https:\/\/ofertacular.com\/index.php\/wp-json\/wp\/v2\/media?parent=5707"}],"wp:term":[{"taxonomy":"store","embeddable":true,"href":"https:\/\/ofertacular.com\/index.php\/wp-json\/wp\/v2\/store?post=5707"},{"taxonomy":"product_brand","embeddable":true,"href":"https:\/\/ofertacular.com\/index.php\/wp-json\/wp\/v2\/product_brand?post=5707"},{"taxonomy":"product_cat","embeddable":true,"href":"https:\/\/ofertacular.com\/index.php\/wp-json\/wp\/v2\/product_cat?post=5707"},{"taxonomy":"product_tag","embeddable":true,"href":"https:\/\/ofertacular.com\/index.php\/wp-json\/wp\/v2\/product_tag?post=5707"}],"curies":[{"name":"wp","href":"https:\/\/api.w.org\/{rel}","templated":true}]}}