{"id":5715,"date":"2025-05-28T14:32:42","date_gmt":"2025-05-28T12:32:42","guid":{"rendered":"https:\/\/ofertacular.com\/index.php\/producto\/dove-neceser\/"},"modified":"2025-05-28T14:32:42","modified_gmt":"2025-05-28T12:32:42","slug":"dove-neceser","status":"publish","type":"product","link":"https:\/\/ofertacular.com\/index.php\/producto\/dove-neceser\/","title":{"rendered":"Dove Neceser"},"content":{"rendered":"<div class=\"oferta-container\">\n<p>\ud83d\udfe5 <b>REBAJA<\/b> \ud83d\udfe5 #Publicidad #Amazon #16<\/p>\n<p>\ud83d\udd34 <b>Neceser mujer <\/b><\/p>\n<p>\u2705 <b>AHORA 5.89 \u20ac<\/b> \u2714\ufe0f\ud83d\udfe1<\/p>\n<p>\u274c Antes 6.95 \u20ac<\/p>\n<p>\ud83d\uded2: <a href=\"https:\/\/btz.es\/4M4JzRS\" target=\"_blank\" rel=\"nofollow noopener\">https:\/\/btz.es\/4M4JzRS<\/a><\/p>\n<p>&#8211; Antitranspirante Roll-on Dove Men+Care Clean Comfort 50 ml<br \/>\n&#8211; Gel de ducha Dove Men+Care Clean Comfort 55 ml<br \/>\n&#8211; Champ\u00fa Tresemm\u00e9 Hidrataci\u00f3n Intensa 100 ml<br \/>\n&#8211; Dent\u00edfrico Signal White Now 14 ml<br \/>\n&#8211; Cepillo de dientes plegable Signal<\/p>\n<\/p><\/div>\n","protected":false},"excerpt":{"rendered":"<p>\ud83d\udfe5 REBAJA \ud83d\udfe5 #Publicidad #Amazon #16 \ud83d\udd34 Neceser mujer \u2705 AHORA 5.89 \u20ac \u2714\ufe0f\ud83d\udfe1 \u274c Antes 6.95 \u20ac \ud83d\uded2: https:\/\/btz.es\/4M4JzRS &#8211; Antitranspirante Roll-on Dove Men+Care Clean Comfort 50 ml &#8211; Gel de ducha Dove Men+Care Clean Comfort 55 ml &#8211; Champ\u00fa Tresemm\u00e9 Hidrataci\u00f3n Intensa 100 ml &#8211; Dent\u00edfrico Signal White Now 14 ml &#8211; Cepillo [&hellip;]<\/p>\n","protected":false},"featured_media":5714,"template":"","meta":{"_gspb_post_css":""},"store":[],"product_brand":[],"product_cat":[16],"product_tag":[],"class_list":{"0":"post-5715","1":"product","2":"type-product","3":"status-publish","4":"has-post-thumbnail","6":"product_cat-sin-categorizar","8":"first","9":"instock","10":"sale","11":"shipping-taxable","12":"product-type-external"},"jetpack_sharing_enabled":true,"_links":{"self":[{"href":"https:\/\/ofertacular.com\/index.php\/wp-json\/wp\/v2\/product\/5715","targetHints":{"allow":["GET"]}}],"collection":[{"href":"https:\/\/ofertacular.com\/index.php\/wp-json\/wp\/v2\/product"}],"about":[{"href":"https:\/\/ofertacular.com\/index.php\/wp-json\/wp\/v2\/types\/product"}],"wp:featuredmedia":[{"embeddable":true,"href":"https:\/\/ofertacular.com\/index.php\/wp-json\/wp\/v2\/media\/5714"}],"wp:attachment":[{"href":"https:\/\/ofertacular.com\/index.php\/wp-json\/wp\/v2\/media?parent=5715"}],"wp:term":[{"taxonomy":"store","embeddable":true,"href":"https:\/\/ofertacular.com\/index.php\/wp-json\/wp\/v2\/store?post=5715"},{"taxonomy":"product_brand","embeddable":true,"href":"https:\/\/ofertacular.com\/index.php\/wp-json\/wp\/v2\/product_brand?post=5715"},{"taxonomy":"product_cat","embeddable":true,"href":"https:\/\/ofertacular.com\/index.php\/wp-json\/wp\/v2\/product_cat?post=5715"},{"taxonomy":"product_tag","embeddable":true,"href":"https:\/\/ofertacular.com\/index.php\/wp-json\/wp\/v2\/product_tag?post=5715"}],"curies":[{"name":"wp","href":"https:\/\/api.w.org\/{rel}","templated":true}]}}