{"id":5731,"date":"2025-05-30T10:40:31","date_gmt":"2025-05-30T08:40:31","guid":{"rendered":"https:\/\/ofertacular.com\/index.php\/producto\/lefant-robot-3\/"},"modified":"2025-05-30T10:40:31","modified_gmt":"2025-05-30T08:40:31","slug":"lefant-robot-3","status":"publish","type":"product","link":"https:\/\/ofertacular.com\/index.php\/producto\/lefant-robot-3\/","title":{"rendered":"LEFANT Robot"},"content":{"rendered":"<div class=\"oferta-container\">\n<p>\ud83d\udfe5 <b>CHOLLAZO<\/b> \ud83d\udfe5 #Publicidad #Amazon #16<\/p>\n<p>\ud83d\udd34 <b>Robot Aspirador <\/b><\/p>\n<p>\u2705 <b>AHORA 89.99 \u20ac<\/b> \u2714\ufe0f\ud83d\udfe1<\/p>\n<p>\u274c Antes 289.99 \u20ac<\/p>\n<p>\ud83d\uded2: <a href=\"https:\/\/btz.es\/4MF4aKe\" target=\"_blank\" rel=\"nofollow noopener\">https:\/\/btz.es\/4MF4aKe<\/a><\/p>\n<p>&#8211; \u3010Tecnolog\u00eda FreeMove 3.0\u3011El Lefant M210P robot aspirador sensor infrarrojo anticolisi\u00f3n incorporado mejorado puede detectar obst\u00e1culos con mayor sensibilidad. En lugar de la colisi\u00f3n mec\u00e1nica tradicional del mercado, es m\u00e1s f\u00e1cil sortear obst\u00e1culos al mismo tiempo que se reduce el tama\u00f1o del fuselaje, disminuyendo las fallas causadas por el f\u00e1cil desgaste, deformaci\u00f3n, acumulaci\u00f3n de polvo, etc. Capaz de detectar escaleras para evitar ca\u00eddas y subir f\u00e1cilmente alfombras.<br \/>\n&#8211; \u3010Impulso de alfombra\u3011Optimizado para alfombras. El robot aspirador identifica de manera inteligente las alfombras y aumenta la potencia m\u00e1xima de succi\u00f3n para obtener un rendimiento de limpieza \u00f3ptimo. Esta funci\u00f3n se puede activar a trav\u00e9s de la aplicaci\u00f3n.<br \/>\n&#8211; \u30106 Modos de Limpieza\u3011El robot aspirador puede alternar de manera flexible entre diferentes modos a trav\u00e9s de la aplicaci\u00f3n: \u278aLimpieza organizada\u278bLimpieza aleatoria\u278cLimpieza puntual\u278dLimpieza a lo largo de la pared\u278ePlanificaci\u00f3n de la limpieza\u278fLimpieza manual. El exclusivo modo de limpieza programada inteligente en tres etapas: 1. Limpieza en zigzag, 2. Limpieza de bordes, 3. Identificaci\u00f3n de \u00e1reas faltantes y ejecuci\u00f3n de limpieza secundaria en zigzag. *Solo compatible con 2,4 GHz.<br \/>\n&#8211; \u3010Incluye control remoto\u3011 Controla con precisi\u00f3n el movimiento y el funcionamiento del robot mediante el mando a distancia, permitiendo una selecci\u00f3n y posicionamiento flexibles del modo de limpieza. Es conveniente para personas mayores cuando no hay conexi\u00f3n a Internet, reduciendo su carga de tareas dom\u00e9sticas y manteniendo el hogar limpio.<br \/>\n&#8211; \u3010Funci\u00f3n de limpieza\u3011Despu\u00e9s de instalar los accesorios m\u00e1gicos exclusivos no incluidos en el paquete, ASIN: B0BZVZM5W9, el Lefant M210P puede limpiar en seco o en h\u00famedo. A diferencia de los robots de barrido tradicionales que solo pueden aspirar o tener su propio tanque de agua, el M210 puede eliminar peque\u00f1as manchas del suelo sin dejar marcas de agua en el piso. Limpia las aguas residuales mientras barre la basura y friega los pisos.<br \/>\n&#8211; \u3010Dise\u00f1o de cuerpo peque\u00f1o\u3011El robot aspirador Lefant M210P tiene un dise\u00f1o de cuerpo de una sola pieza con solo 28 cm de di\u00e1metro y 7,8 cm de grosor. Ha sido dise\u00f1ado para espacios estrechos debajo de camas, sof\u00e1s y esquinas, para evitar enganches y proporcionar una alta cobertura con una tasa de fallas muy baja.<br \/>\n&#8211; \u3010Actualizaci\u00f3n de la funci\u00f3n de carga autom\u00e1tica y autonom\u00eda de 120 minutos\u3011El robot aspirador Lefant M210P ha sido mejorado con 5 sensores en la base de carga, lo que hace que encontrarla sea m\u00e1s eficiente y preciso. El tiempo de limpieza puede ser de hasta 120 minutos.<br \/>\n&#8211; \u3010Boca de succi\u00f3n \u00fanica y succi\u00f3n potente\u3011El robot aspirador para mascotas retire el cepillo de rodillo inferior y adopte el dise\u00f1o de puerta de succi\u00f3n grande para limpiar el polvo del cabello y reducir los problemas de limpieza del cabello. La eficiencia de limpieza es cercana al 99%. El cuerpo compacto con un dep\u00f3sito de polvo grande de 500 ml puede contener m\u00e1s residuos y reducir la frecuencia de limpieza.<\/p>\n<\/p><\/div>\n","protected":false},"excerpt":{"rendered":"<p>\ud83d\udfe5 CHOLLAZO \ud83d\udfe5 #Publicidad #Amazon #16 \ud83d\udd34 Robot Aspirador \u2705 AHORA 89.99 \u20ac \u2714\ufe0f\ud83d\udfe1 \u274c Antes 289.99 \u20ac \ud83d\uded2: https:\/\/btz.es\/4MF4aKe &#8211; \u3010Tecnolog\u00eda FreeMove 3.0\u3011El Lefant M210P robot aspirador sensor infrarrojo anticolisi\u00f3n incorporado mejorado puede detectar obst\u00e1culos con mayor sensibilidad. En lugar de la colisi\u00f3n mec\u00e1nica tradicional del mercado, es m\u00e1s f\u00e1cil sortear obst\u00e1culos al mismo [&hellip;]<\/p>\n","protected":false},"featured_media":5730,"template":"","meta":{"_gspb_post_css":""},"store":[],"product_brand":[],"product_cat":[16],"product_tag":[],"class_list":{"0":"post-5731","1":"product","2":"type-product","3":"status-publish","4":"has-post-thumbnail","6":"product_cat-sin-categorizar","8":"first","9":"instock","10":"sale","11":"shipping-taxable","12":"product-type-external"},"jetpack_sharing_enabled":true,"_links":{"self":[{"href":"https:\/\/ofertacular.com\/index.php\/wp-json\/wp\/v2\/product\/5731","targetHints":{"allow":["GET"]}}],"collection":[{"href":"https:\/\/ofertacular.com\/index.php\/wp-json\/wp\/v2\/product"}],"about":[{"href":"https:\/\/ofertacular.com\/index.php\/wp-json\/wp\/v2\/types\/product"}],"wp:featuredmedia":[{"embeddable":true,"href":"https:\/\/ofertacular.com\/index.php\/wp-json\/wp\/v2\/media\/5730"}],"wp:attachment":[{"href":"https:\/\/ofertacular.com\/index.php\/wp-json\/wp\/v2\/media?parent=5731"}],"wp:term":[{"taxonomy":"store","embeddable":true,"href":"https:\/\/ofertacular.com\/index.php\/wp-json\/wp\/v2\/store?post=5731"},{"taxonomy":"product_brand","embeddable":true,"href":"https:\/\/ofertacular.com\/index.php\/wp-json\/wp\/v2\/product_brand?post=5731"},{"taxonomy":"product_cat","embeddable":true,"href":"https:\/\/ofertacular.com\/index.php\/wp-json\/wp\/v2\/product_cat?post=5731"},{"taxonomy":"product_tag","embeddable":true,"href":"https:\/\/ofertacular.com\/index.php\/wp-json\/wp\/v2\/product_tag?post=5731"}],"curies":[{"name":"wp","href":"https:\/\/api.w.org\/{rel}","templated":true}]}}