{"id":5733,"date":"2025-05-30T11:34:41","date_gmt":"2025-05-30T09:34:41","guid":{"rendered":"https:\/\/ofertacular.com\/index.php\/producto\/mars-gaming\/"},"modified":"2025-05-30T11:34:41","modified_gmt":"2025-05-30T09:34:41","slug":"mars-gaming","status":"publish","type":"product","link":"https:\/\/ofertacular.com\/index.php\/producto\/mars-gaming\/","title":{"rendered":"Mars Gaming"},"content":{"rendered":"<div class=\"oferta-container\">\n<p>\ud83d\udfe5 <b>\u00a1NO TE LA PIERDAS!<\/b> \ud83d\udfe5 #Publicidad #Amazon #16<\/p>\n<p>\ud83d\udd34 <b>Gaming Mars <\/b><\/p>\n<p>\u2705 <b>AHORA 11.07 \u20ac<\/b> \u2714\ufe0f\ud83d\udfe1<\/p>\n<p>\u274c Antes 15.90 \u20ac<\/p>\n<p>\ud83d\uded2: <a href=\"https:\/\/btz.es\/4MFHE7c\" target=\"_blank\" rel=\"nofollow noopener\">https:\/\/btz.es\/4MFHE7c<\/a><\/p>\n<p>&#8211; BLUETOOTH 5.1: Calidad de sonido de alta fidelidad con codecs avanzados y m\u00e1xima optimizaci\u00f3n del consumo energ\u00e9tico de hasta 16 horas<br \/>\n&#8211; SONIDO ESPACIAL DUAL DRIVER: Consigue un sonido de calidad espectacular y una inmersi\u00f3n impactante gracias a su sistema DUAL DRIVER de doble v\u00eda<br \/>\n&#8211; CANCELACI\u00d3N DE RUIDO PASIVA: A\u00edslate de forma efectiva de ruidos externos sin perder calidad de sonido ni aumentar el consumo de bater\u00eda<br \/>\n&#8211; MICR\u00d3FONO DE C\u00c1PSULA DIRECCIONAL: Utiliza el micr\u00f3fono de c\u00e1psula direccional integrado situado apuntando a tu boca para una captaci\u00f3n perfecta de tu voz en llamadas o streamings<br \/>\n&#8211; RESISTENCIA IPX4: Fabricados con materiales de alta calidad tendr\u00e1s resistencia IPX4, lo que te permitir\u00e1 usarlos para uso deportivo sin ning\u00fan problema<\/p>\n<\/p><\/div>\n","protected":false},"excerpt":{"rendered":"<p>\ud83d\udfe5 \u00a1NO TE LA PIERDAS! \ud83d\udfe5 #Publicidad #Amazon #16 \ud83d\udd34 Gaming Mars \u2705 AHORA 11.07 \u20ac \u2714\ufe0f\ud83d\udfe1 \u274c Antes 15.90 \u20ac \ud83d\uded2: https:\/\/btz.es\/4MFHE7c &#8211; BLUETOOTH 5.1: Calidad de sonido de alta fidelidad con codecs avanzados y m\u00e1xima optimizaci\u00f3n del consumo energ\u00e9tico de hasta 16 horas &#8211; SONIDO ESPACIAL DUAL DRIVER: Consigue un sonido de calidad [&hellip;]<\/p>\n","protected":false},"featured_media":5732,"template":"","meta":{"_gspb_post_css":""},"store":[],"product_brand":[],"product_cat":[16],"product_tag":[],"class_list":{"0":"post-5733","1":"product","2":"type-product","3":"status-publish","4":"has-post-thumbnail","6":"product_cat-sin-categorizar","8":"first","9":"instock","10":"sale","11":"shipping-taxable","12":"product-type-external"},"jetpack_sharing_enabled":true,"_links":{"self":[{"href":"https:\/\/ofertacular.com\/index.php\/wp-json\/wp\/v2\/product\/5733","targetHints":{"allow":["GET"]}}],"collection":[{"href":"https:\/\/ofertacular.com\/index.php\/wp-json\/wp\/v2\/product"}],"about":[{"href":"https:\/\/ofertacular.com\/index.php\/wp-json\/wp\/v2\/types\/product"}],"wp:featuredmedia":[{"embeddable":true,"href":"https:\/\/ofertacular.com\/index.php\/wp-json\/wp\/v2\/media\/5732"}],"wp:attachment":[{"href":"https:\/\/ofertacular.com\/index.php\/wp-json\/wp\/v2\/media?parent=5733"}],"wp:term":[{"taxonomy":"store","embeddable":true,"href":"https:\/\/ofertacular.com\/index.php\/wp-json\/wp\/v2\/store?post=5733"},{"taxonomy":"product_brand","embeddable":true,"href":"https:\/\/ofertacular.com\/index.php\/wp-json\/wp\/v2\/product_brand?post=5733"},{"taxonomy":"product_cat","embeddable":true,"href":"https:\/\/ofertacular.com\/index.php\/wp-json\/wp\/v2\/product_cat?post=5733"},{"taxonomy":"product_tag","embeddable":true,"href":"https:\/\/ofertacular.com\/index.php\/wp-json\/wp\/v2\/product_tag?post=5733"}],"curies":[{"name":"wp","href":"https:\/\/api.w.org\/{rel}","templated":true}]}}