{"id":5749,"date":"2025-06-02T07:39:09","date_gmt":"2025-06-02T05:39:09","guid":{"rendered":"https:\/\/ofertacular.com\/index.php\/producto\/coronel-tapioca\/"},"modified":"2025-06-02T07:39:09","modified_gmt":"2025-06-02T05:39:09","slug":"coronel-tapioca","status":"publish","type":"product","link":"https:\/\/ofertacular.com\/index.php\/producto\/coronel-tapioca\/","title":{"rendered":"Coronel Tapioca"},"content":{"rendered":"<div class=\"oferta-container\">\n<p>\ud83d\udfe5 <b>DESCUENTO<\/b> \ud83d\udfe5 #Publicidad #Amazon #16<\/p>\n<p>\ud83d\udd34 <b>Tapioca <\/b><\/p>\n<p>\u2705 <b>AHORA 9.95 \u20ac<\/b> \u2714\ufe0f\ud83d\udfe1<\/p>\n<p>\u274c Antes <\/p>\n<p>\ud83d\uded2: <a href=\"https:\/\/btz.es\/4MWrVRT\" target=\"_blank\" rel=\"nofollow noopener\">https:\/\/btz.es\/4MWrVRT<\/a><\/p>\n<p>&#8211; FRAGANCIA \u00daNICA: una colonia que representa a la perfecci\u00f3n el esp\u00edritu de Nueva York, la ciudad global, con su intensidad y fuerza. Un aroma \u00fanico que despertar\u00e1 todos tus sentidos . Frasco con vaporizador.<br \/>\n&#8211; TENDENCIA OLFATIVA: Este perfume masculino tiene una tendencia arom\u00e1tica fresca, que rinde homenaje a los hombres nobles y con fuerza \u00a1D\u00e9jate emocionar!<br \/>\n&#8211; PIR\u00c1MIDE OLFATIVA: Notas de salida: bergamota, flor de naranjo y mandarina; Notas de coraz\u00f3n: jazm\u00edn, lavanda, rosa y violeta; Notas de fondo: almizcle, madera de cedro, pachul\u00ed y s\u00e1ndalo<br \/>\n&#8211; LARGA DURACI\u00d3N: una fragancia cuya esencia persiste en la piel, una colonia de larga duraci\u00f3n para que te acompa\u00f1e en tu d\u00eda a d\u00eda<br \/>\n&#8211; MASCULINO Y AROM\u00c1TICO: un perfume que nace de una explosi\u00f3n c\u00edtrica y floral que despierta los sentidos y da a esta fragancia un car\u00e1cter \u00fanico propio de una gran ciudad<\/p>\n<\/p><\/div>\n","protected":false},"excerpt":{"rendered":"<p>\ud83d\udfe5 DESCUENTO \ud83d\udfe5 #Publicidad #Amazon #16 \ud83d\udd34 Tapioca \u2705 AHORA 9.95 \u20ac \u2714\ufe0f\ud83d\udfe1 \u274c Antes \ud83d\uded2: https:\/\/btz.es\/4MWrVRT &#8211; FRAGANCIA \u00daNICA: una colonia que representa a la perfecci\u00f3n el esp\u00edritu de Nueva York, la ciudad global, con su intensidad y fuerza. Un aroma \u00fanico que despertar\u00e1 todos tus sentidos . Frasco con vaporizador. &#8211; TENDENCIA OLFATIVA: [&hellip;]<\/p>\n","protected":false},"featured_media":5748,"template":"","meta":{"_gspb_post_css":""},"store":[],"product_brand":[],"product_cat":[16],"product_tag":[],"class_list":{"0":"post-5749","1":"product","2":"type-product","3":"status-publish","4":"has-post-thumbnail","6":"product_cat-sin-categorizar","8":"first","9":"instock","10":"shipping-taxable","11":"product-type-external"},"jetpack_sharing_enabled":true,"_links":{"self":[{"href":"https:\/\/ofertacular.com\/index.php\/wp-json\/wp\/v2\/product\/5749","targetHints":{"allow":["GET"]}}],"collection":[{"href":"https:\/\/ofertacular.com\/index.php\/wp-json\/wp\/v2\/product"}],"about":[{"href":"https:\/\/ofertacular.com\/index.php\/wp-json\/wp\/v2\/types\/product"}],"wp:featuredmedia":[{"embeddable":true,"href":"https:\/\/ofertacular.com\/index.php\/wp-json\/wp\/v2\/media\/5748"}],"wp:attachment":[{"href":"https:\/\/ofertacular.com\/index.php\/wp-json\/wp\/v2\/media?parent=5749"}],"wp:term":[{"taxonomy":"store","embeddable":true,"href":"https:\/\/ofertacular.com\/index.php\/wp-json\/wp\/v2\/store?post=5749"},{"taxonomy":"product_brand","embeddable":true,"href":"https:\/\/ofertacular.com\/index.php\/wp-json\/wp\/v2\/product_brand?post=5749"},{"taxonomy":"product_cat","embeddable":true,"href":"https:\/\/ofertacular.com\/index.php\/wp-json\/wp\/v2\/product_cat?post=5749"},{"taxonomy":"product_tag","embeddable":true,"href":"https:\/\/ofertacular.com\/index.php\/wp-json\/wp\/v2\/product_tag?post=5749"}],"curies":[{"name":"wp","href":"https:\/\/api.w.org\/{rel}","templated":true}]}}