{"id":5765,"date":"2025-06-02T08:40:39","date_gmt":"2025-06-02T06:40:39","guid":{"rendered":"https:\/\/ofertacular.com\/index.php\/producto\/cecotec-espresso-3\/"},"modified":"2025-06-02T08:40:39","modified_gmt":"2025-06-02T06:40:39","slug":"cecotec-espresso-3","status":"publish","type":"product","link":"https:\/\/ofertacular.com\/index.php\/producto\/cecotec-espresso-3\/","title":{"rendered":"Cecotec Espresso"},"content":{"rendered":"<div class=\"oferta-container\">\n<p>\ud83d\udfe5 <b>DESCUENTO<\/b> \ud83d\udfe5 #Publicidad #Amazon #16<\/p>\n<p>\ud83d\udd34 <b>Cafetera Espresso <\/b><\/p>\n<p>\u2705 <b>AHORA 59.95 \u20ac<\/b> \u2714\ufe0f\ud83d\udfe1<\/p>\n<p>\u274c Antes 76.78 \u20ac<\/p>\n<p>\ud83d\uded2: <a href=\"https:\/\/btz.es\/4MW7zID\" target=\"_blank\" rel=\"nofollow noopener\">https:\/\/btz.es\/4MW7zID<\/a><\/p>\n<p>&#8211; Cafetera express para caf\u00e9 espresso y cappuccino, prepara todo tipo de caf\u00e9s con solo pulsar un bot\u00f3n; incluye brazo con doble salida y dos portafiltros para preparar uno o dos caf\u00e9s a la vez<br \/>\n&#8211; Bomba de presi\u00f3n de 20 bares y 850 W de potencia &#8211; consigue la mejor crema y el m\u00e1ximo aroma y aprovecha la superficie calienta-tazas para almacenar y calentar las tazas previamente, consiguiendo as\u00ed mayor intensidad y aroma en tu caf\u00e9 al evitar el contraste t\u00e9rmico<br \/>\n&#8211; Incluye vaporizador orientable con protecci\u00f3n para el uso, para espumar leche, emitir agua caliente para infusiones, calentar l\u00edquidos y preparar cappuccinos y tambi\u00e9n tiene indicadores luminosos en cada funci\u00f3n<br \/>\n&#8211; Incluye cucharilla dosificadora con prensador para el caf\u00e9 y dep\u00f3sito de agua extra\u00edble con capacidad de 1,5 litros y bandeja de goteo desmontable para facilitar la limpieza<br \/>\n&#8211; Cafetera apta para uso con caf\u00e9 molido con v\u00e1lvula de seguridad que libera autom\u00e1ticamente la presi\u00f3n<\/p>\n<\/p><\/div>\n","protected":false},"excerpt":{"rendered":"<p>\ud83d\udfe5 DESCUENTO \ud83d\udfe5 #Publicidad #Amazon #16 \ud83d\udd34 Cafetera Espresso \u2705 AHORA 59.95 \u20ac \u2714\ufe0f\ud83d\udfe1 \u274c Antes 76.78 \u20ac \ud83d\uded2: https:\/\/btz.es\/4MW7zID &#8211; Cafetera express para caf\u00e9 espresso y cappuccino, prepara todo tipo de caf\u00e9s con solo pulsar un bot\u00f3n; incluye brazo con doble salida y dos portafiltros para preparar uno o dos caf\u00e9s a la vez [&hellip;]<\/p>\n","protected":false},"featured_media":5764,"template":"","meta":{"_gspb_post_css":""},"store":[],"product_brand":[],"product_cat":[16],"product_tag":[],"class_list":{"0":"post-5765","1":"product","2":"type-product","3":"status-publish","4":"has-post-thumbnail","6":"product_cat-sin-categorizar","8":"first","9":"instock","10":"sale","11":"shipping-taxable","12":"product-type-external"},"jetpack_sharing_enabled":true,"_links":{"self":[{"href":"https:\/\/ofertacular.com\/index.php\/wp-json\/wp\/v2\/product\/5765","targetHints":{"allow":["GET"]}}],"collection":[{"href":"https:\/\/ofertacular.com\/index.php\/wp-json\/wp\/v2\/product"}],"about":[{"href":"https:\/\/ofertacular.com\/index.php\/wp-json\/wp\/v2\/types\/product"}],"wp:featuredmedia":[{"embeddable":true,"href":"https:\/\/ofertacular.com\/index.php\/wp-json\/wp\/v2\/media\/5764"}],"wp:attachment":[{"href":"https:\/\/ofertacular.com\/index.php\/wp-json\/wp\/v2\/media?parent=5765"}],"wp:term":[{"taxonomy":"store","embeddable":true,"href":"https:\/\/ofertacular.com\/index.php\/wp-json\/wp\/v2\/store?post=5765"},{"taxonomy":"product_brand","embeddable":true,"href":"https:\/\/ofertacular.com\/index.php\/wp-json\/wp\/v2\/product_brand?post=5765"},{"taxonomy":"product_cat","embeddable":true,"href":"https:\/\/ofertacular.com\/index.php\/wp-json\/wp\/v2\/product_cat?post=5765"},{"taxonomy":"product_tag","embeddable":true,"href":"https:\/\/ofertacular.com\/index.php\/wp-json\/wp\/v2\/product_tag?post=5765"}],"curies":[{"name":"wp","href":"https:\/\/api.w.org\/{rel}","templated":true}]}}