{"id":5773,"date":"2025-06-02T10:56:22","date_gmt":"2025-06-02T08:56:22","guid":{"rendered":"https:\/\/ofertacular.com\/index.php\/producto\/viscoelastica-almohada\/"},"modified":"2025-06-02T10:56:22","modified_gmt":"2025-06-02T08:56:22","slug":"viscoelastica-almohada","status":"publish","type":"product","link":"https:\/\/ofertacular.com\/index.php\/producto\/viscoelastica-almohada\/","title":{"rendered":"Viscoel\u00e1stica Almohada"},"content":{"rendered":"<div class=\"oferta-container\">\n<p>\ud83d\udfe5 <b>\u00a1GANGAZO!<\/b> \ud83d\udfe5 #Publicidad #Amazon #16<\/p>\n<p>\ud83d\udd34 <b>Almohada viscoel\u00e1stica <\/b><\/p>\n<p>\u2705 <b>AHORA 15.9 \u20ac<\/b> \u2714\ufe0f\ud83d\udfe1<\/p>\n<p>\u274c Antes 28.60 \u20ac<\/p>\n<p>\ud83d\uded2: <a href=\"https:\/\/btz.es\/4MXfAfl\" target=\"_blank\" rel=\"nofollow noopener\">https:\/\/btz.es\/4MXfAfl<\/a><\/p>\n<p>&#8211; 1 Unidad Almohada 90 cm. Tejido de suave textura y escasa abrasi\u00f3n.<br \/>\n&#8211; N\u00facleo Blanco 100% Viscoel\u00e1stico de alta ventilaci\u00f3n que evita la acumulaci\u00f3n de calor.<br \/>\n&#8211; Funda exterior con cremallera alta resistencia para facilitar su lavado a 40\u00ba.<br \/>\n&#8211; Cualidades antibacterianas e hipoalerg\u00e9nicas.<br \/>\n&#8211; Regulaci\u00f3n natural de humedad y temperatura.<\/p>\n<\/p><\/div>\n","protected":false},"excerpt":{"rendered":"<p>\ud83d\udfe5 \u00a1GANGAZO! \ud83d\udfe5 #Publicidad #Amazon #16 \ud83d\udd34 Almohada viscoel\u00e1stica \u2705 AHORA 15.9 \u20ac \u2714\ufe0f\ud83d\udfe1 \u274c Antes 28.60 \u20ac \ud83d\uded2: https:\/\/btz.es\/4MXfAfl &#8211; 1 Unidad Almohada 90 cm. Tejido de suave textura y escasa abrasi\u00f3n. &#8211; N\u00facleo Blanco 100% Viscoel\u00e1stico de alta ventilaci\u00f3n que evita la acumulaci\u00f3n de calor. &#8211; Funda exterior con cremallera alta resistencia para [&hellip;]<\/p>\n","protected":false},"featured_media":5772,"template":"","meta":{"_gspb_post_css":""},"store":[],"product_brand":[],"product_cat":[16],"product_tag":[],"class_list":{"0":"post-5773","1":"product","2":"type-product","3":"status-publish","4":"has-post-thumbnail","6":"product_cat-sin-categorizar","8":"first","9":"instock","10":"sale","11":"shipping-taxable","12":"product-type-external"},"jetpack_sharing_enabled":true,"_links":{"self":[{"href":"https:\/\/ofertacular.com\/index.php\/wp-json\/wp\/v2\/product\/5773","targetHints":{"allow":["GET"]}}],"collection":[{"href":"https:\/\/ofertacular.com\/index.php\/wp-json\/wp\/v2\/product"}],"about":[{"href":"https:\/\/ofertacular.com\/index.php\/wp-json\/wp\/v2\/types\/product"}],"wp:featuredmedia":[{"embeddable":true,"href":"https:\/\/ofertacular.com\/index.php\/wp-json\/wp\/v2\/media\/5772"}],"wp:attachment":[{"href":"https:\/\/ofertacular.com\/index.php\/wp-json\/wp\/v2\/media?parent=5773"}],"wp:term":[{"taxonomy":"store","embeddable":true,"href":"https:\/\/ofertacular.com\/index.php\/wp-json\/wp\/v2\/store?post=5773"},{"taxonomy":"product_brand","embeddable":true,"href":"https:\/\/ofertacular.com\/index.php\/wp-json\/wp\/v2\/product_brand?post=5773"},{"taxonomy":"product_cat","embeddable":true,"href":"https:\/\/ofertacular.com\/index.php\/wp-json\/wp\/v2\/product_cat?post=5773"},{"taxonomy":"product_tag","embeddable":true,"href":"https:\/\/ofertacular.com\/index.php\/wp-json\/wp\/v2\/product_tag?post=5773"}],"curies":[{"name":"wp","href":"https:\/\/api.w.org\/{rel}","templated":true}]}}