{"id":5787,"date":"2025-06-03T08:05:56","date_gmt":"2025-06-03T06:05:56","guid":{"rendered":"https:\/\/ofertacular.com\/index.php\/producto\/cecotec-aire\/"},"modified":"2025-06-03T08:05:56","modified_gmt":"2025-06-03T06:05:56","slug":"cecotec-aire","status":"publish","type":"product","link":"https:\/\/ofertacular.com\/index.php\/producto\/cecotec-aire\/","title":{"rendered":"Cecotec Aire"},"content":{"rendered":"<div class=\"oferta-container\">\n<p>\ud83d\udfe5 <b>DATE PRISA<\/b> \ud83d\udfe5 #Publicidad #Amazon #141<\/p>\n<p>\ud83d\udd34 <b>Aire Cecotec <\/b><\/p>\n<p>\u2705 <b>AHORA 198.77 \u20ac<\/b> \u2714\ufe0f\ud83d\udfe1<\/p>\n<p>\u274c Antes 209.90 \u20ac<\/p>\n<p>\ud83d\uded2: <a href=\"https:\/\/btz.es\/4Ncpm88\" target=\"_blank\" rel=\"nofollow noopener\">https:\/\/btz.es\/4Ncpm88<\/a><\/p>\n<p>&#8211; Aire acondicionado port\u00e1til con una gran capacidad de enfriamiento de 7000 BTU. Dicha capacidad facilita conseguir la temperatura deseada en la estancia de manera r\u00e1pida y eficaz. Su gran \u00e1rea de cobertura de 20 m2* permite adaptar y modificar la temperatura de la estancia a los grados deseados. *El espacio a enfriar puede variar dependiendo de los metros c\u00fabicos del mismo.<br \/>\n&#8211; Tecnolog\u00eda Soundless. Sistema que aporta un funcionamiento m\u00e1s silencioso y adem\u00e1s reduce las posibles vibraciones para crear un mayor confort. Su panel de control superior t\u00e1ctil permite controlar el funcionamiento del aire acondicionado de manera c\u00f3moda y sencilla. Posee mando a distancia y su pantalla LED muestra todas las configuraciones posibles y destaca las que se est\u00e1n utilizando en cada momento con el fin de ofrecer un sencillo control del aire acondicionado.<br \/>\n&#8211; El aire acondicionado cuenta con 4 modos de funcionamiento: modo Ventilador, modo Refrigeraci\u00f3n, modo Deshumidificaci\u00f3n y modo Noche. Las 2 velocidades del aire acondicionado permiten adaptar su funcionamiento seg\u00fan la necesidad en cada momento, velocidad Baja o Low y velocidad Alta o High. Su modo Deshumidificaci\u00f3n es capaz de captar un m\u00e1ximo de 20 litros al d\u00eda, lo que conseguir\u00e1 un ambiente m\u00e1s sano en tu hogar. El temporizador se puede programar un m\u00e1ximo de 24 horas.<br \/>\n&#8211; El aire acondicionado utiliza el gas R-290, respetuoso con el medioambiente y apenas contaminante. El aire acondicionado posee un tubo de drenaje de agua para poder mantenerlo en funcionamiento en todo momento. El filtro de aire es capaz de frenar las part\u00edculas m\u00e1s grandes del aire y conseguir as\u00ed una mayor calidad del mismo.<br \/>\n&#8211; Sus ruedas multidireccionales 360\u00ba y sus asas permiten trasladar el aire acondicionado de una estancia a otra de manera sencilla, c\u00f3moda y sin apenas esfuerzo. Incluye kit de instalaci\u00f3n en ventanas.<\/p>\n<\/p><\/div>\n","protected":false},"excerpt":{"rendered":"<p>\ud83d\udfe5 DATE PRISA \ud83d\udfe5 #Publicidad #Amazon #141 \ud83d\udd34 Aire Cecotec \u2705 AHORA 198.77 \u20ac \u2714\ufe0f\ud83d\udfe1 \u274c Antes 209.90 \u20ac \ud83d\uded2: https:\/\/btz.es\/4Ncpm88 &#8211; Aire acondicionado port\u00e1til con una gran capacidad de enfriamiento de 7000 BTU. Dicha capacidad facilita conseguir la temperatura deseada en la estancia de manera r\u00e1pida y eficaz. Su gran \u00e1rea de cobertura de [&hellip;]<\/p>\n","protected":false},"featured_media":5786,"template":"","meta":{"_gspb_post_css":""},"store":[],"product_brand":[],"product_cat":[16],"product_tag":[],"class_list":{"0":"post-5787","1":"product","2":"type-product","3":"status-publish","4":"has-post-thumbnail","6":"product_cat-sin-categorizar","8":"first","9":"instock","10":"sale","11":"shipping-taxable","12":"product-type-external"},"jetpack_sharing_enabled":true,"_links":{"self":[{"href":"https:\/\/ofertacular.com\/index.php\/wp-json\/wp\/v2\/product\/5787","targetHints":{"allow":["GET"]}}],"collection":[{"href":"https:\/\/ofertacular.com\/index.php\/wp-json\/wp\/v2\/product"}],"about":[{"href":"https:\/\/ofertacular.com\/index.php\/wp-json\/wp\/v2\/types\/product"}],"wp:featuredmedia":[{"embeddable":true,"href":"https:\/\/ofertacular.com\/index.php\/wp-json\/wp\/v2\/media\/5786"}],"wp:attachment":[{"href":"https:\/\/ofertacular.com\/index.php\/wp-json\/wp\/v2\/media?parent=5787"}],"wp:term":[{"taxonomy":"store","embeddable":true,"href":"https:\/\/ofertacular.com\/index.php\/wp-json\/wp\/v2\/store?post=5787"},{"taxonomy":"product_brand","embeddable":true,"href":"https:\/\/ofertacular.com\/index.php\/wp-json\/wp\/v2\/product_brand?post=5787"},{"taxonomy":"product_cat","embeddable":true,"href":"https:\/\/ofertacular.com\/index.php\/wp-json\/wp\/v2\/product_cat?post=5787"},{"taxonomy":"product_tag","embeddable":true,"href":"https:\/\/ofertacular.com\/index.php\/wp-json\/wp\/v2\/product_tag?post=5787"}],"curies":[{"name":"wp","href":"https:\/\/api.w.org\/{rel}","templated":true}]}}