{"id":5793,"date":"2025-06-03T08:42:06","date_gmt":"2025-06-03T06:42:06","guid":{"rendered":"https:\/\/ofertacular.com\/index.php\/producto\/chicco-sandals\/"},"modified":"2025-06-03T08:42:06","modified_gmt":"2025-06-03T06:42:06","slug":"chicco-sandals","status":"publish","type":"product","link":"https:\/\/ofertacular.com\/index.php\/producto\/chicco-sandals\/","title":{"rendered":"Chicco Sandals"},"content":{"rendered":"<div class=\"oferta-container\">\n<p>\ud83d\udfe5 <b>\u00a1GANGAZO!<\/b> \ud83d\udfe5 #Publicidad #Amazon #16<\/p>\n<p>\ud83d\udd34 <b>Sandalias Chicco <\/b><\/p>\n<p>\u2705 <b>AHORA 8.88 \u20ac<\/b> \u2714\ufe0f\ud83d\udfe1<\/p>\n<p>\u274c Antes 10.45 \u20ac<\/p>\n<p>\ud83d\uded2: <a href=\"https:\/\/btz.es\/4NcytbR\" target=\"_blank\" rel=\"nofollow noopener\">https:\/\/btz.es\/4NcytbR<\/a><\/p>\n<p>&#8211; SANDALIAS NI\u00d1A Y NI\u00d1O: Sandalias Chicco con c\u00f3modo cierre doble de ajustable, ideales para la playa y la piscina<br \/>\n&#8211; M\u00c1XIMA COMODIDAD: Las sandalias Chicco para la playa y la piscina son flexibles, ligeras y pr\u00e1cticas<br \/>\n&#8211; GU\u00cdA DE TALLAS: Elige la talla m\u00e1s adecuada siguiendo las indicaciones de la imagen de la galer\u00eda<br \/>\n&#8211; CHICCO: Siempre al lado de las familias, escuchando sus historias y necesidades. Con nuestros productos innovadores, siempre respondemos a las nuevas necesidades de los padres y de quienes cuidan de los ni\u00f1os<\/p>\n<\/p><\/div>\n","protected":false},"excerpt":{"rendered":"<p>\ud83d\udfe5 \u00a1GANGAZO! \ud83d\udfe5 #Publicidad #Amazon #16 \ud83d\udd34 Sandalias Chicco \u2705 AHORA 8.88 \u20ac \u2714\ufe0f\ud83d\udfe1 \u274c Antes 10.45 \u20ac \ud83d\uded2: https:\/\/btz.es\/4NcytbR &#8211; SANDALIAS NI\u00d1A Y NI\u00d1O: Sandalias Chicco con c\u00f3modo cierre doble de ajustable, ideales para la playa y la piscina &#8211; M\u00c1XIMA COMODIDAD: Las sandalias Chicco para la playa y la piscina son flexibles, ligeras [&hellip;]<\/p>\n","protected":false},"featured_media":5792,"template":"","meta":{"_gspb_post_css":""},"store":[],"product_brand":[],"product_cat":[16],"product_tag":[],"class_list":{"0":"post-5793","1":"product","2":"type-product","3":"status-publish","4":"has-post-thumbnail","6":"product_cat-sin-categorizar","8":"first","9":"instock","10":"sale","11":"shipping-taxable","12":"product-type-external"},"jetpack_sharing_enabled":true,"_links":{"self":[{"href":"https:\/\/ofertacular.com\/index.php\/wp-json\/wp\/v2\/product\/5793","targetHints":{"allow":["GET"]}}],"collection":[{"href":"https:\/\/ofertacular.com\/index.php\/wp-json\/wp\/v2\/product"}],"about":[{"href":"https:\/\/ofertacular.com\/index.php\/wp-json\/wp\/v2\/types\/product"}],"wp:featuredmedia":[{"embeddable":true,"href":"https:\/\/ofertacular.com\/index.php\/wp-json\/wp\/v2\/media\/5792"}],"wp:attachment":[{"href":"https:\/\/ofertacular.com\/index.php\/wp-json\/wp\/v2\/media?parent=5793"}],"wp:term":[{"taxonomy":"store","embeddable":true,"href":"https:\/\/ofertacular.com\/index.php\/wp-json\/wp\/v2\/store?post=5793"},{"taxonomy":"product_brand","embeddable":true,"href":"https:\/\/ofertacular.com\/index.php\/wp-json\/wp\/v2\/product_brand?post=5793"},{"taxonomy":"product_cat","embeddable":true,"href":"https:\/\/ofertacular.com\/index.php\/wp-json\/wp\/v2\/product_cat?post=5793"},{"taxonomy":"product_tag","embeddable":true,"href":"https:\/\/ofertacular.com\/index.php\/wp-json\/wp\/v2\/product_tag?post=5793"}],"curies":[{"name":"wp","href":"https:\/\/api.w.org\/{rel}","templated":true}]}}