{"id":5795,"date":"2025-06-03T10:11:55","date_gmt":"2025-06-03T08:11:55","guid":{"rendered":"https:\/\/ofertacular.com\/index.php\/producto\/1005007709260515\/"},"modified":"2025-06-03T10:11:55","modified_gmt":"2025-06-03T08:11:55","slug":"1005007709260515","status":"publish","type":"product","link":"https:\/\/ofertacular.com\/index.php\/producto\/1005007709260515\/","title":{"rendered":"Alhambra Sport"},"content":{"rendered":"<div class=\"oferta-container\">\n<p>\ud83d\udfe5 <b>SUPER OFERTA<\/b> \ud83d\udfe5 #Publicidad #Amazon #<\/p>\n<p>\ud83d\udd34 <b>Alhambra Sport <\/b><\/p>\n<p>\u2705 <b>AHORA 18.79\u20ac \u20ac<\/b> \u2714\ufe0f\ud83d\udfe1<\/p>\n<p>\u274c Antes 32.99 \u20ac<\/p>\n<p>\ud83d\uded2: <a href=\"https:\/\/btz.es\/4NcKUON\" target=\"_blank\" rel=\"nofollow noopener\">https:\/\/btz.es\/4NcKUON<\/a><\/p>\n<p>Descubre la frescura y calidad insuperable de Alhambra Sport, la cerveza perfecta para acompa\u00f1ar tus momentos de ocio y celebraci\u00f3n. Esta cerveza artesanal espa\u00f1ola, elaborada con ingredientes naturales y un proceso tradicional, ofrece un sabor equilibrado y refrescante que cautiva a los amantes de las cervezas premium. Ideal para disfrutar con amigos, en reuniones o simplemente para relajarte despu\u00e9s de un largo d\u00eda, Alhambra Sport destaca por su cuerpo ligero y su aroma intenso, combinando maltas seleccionadas y l\u00fapulos arom\u00e1ticos que proporcionan una experiencia \u00fanica en cada sorbo. Adem\u00e1s, su dise\u00f1o moderno y elegante en botella hace que sea una excelente opci\u00f3n para regalar o para tener siempre en tu nevera. Potencia tus encuentros con la aut\u00e9ntica esencia de Alhambra Sport y d\u00e9jate seducir por su calidad y sabor inconfundible. No pierdas la oportunidad de conocer una cerveza que no solo satisface tu paladar sino que tambi\u00e9n representa la tradici\u00f3n cervecera espa\u00f1ola con un toque contempor\u00e1neo. Compra ahora Alhambra Sport y vive la experiencia de una cerveza dise\u00f1ada para los verdaderos amantes del buen gusto y la excelencia.<\/p>\n<\/p><\/div>\n","protected":false},"excerpt":{"rendered":"<p>\ud83d\udfe5 SUPER OFERTA \ud83d\udfe5 #Publicidad #Amazon # \ud83d\udd34 Alhambra Sport \u2705 AHORA 18.79\u20ac \u20ac \u2714\ufe0f\ud83d\udfe1 \u274c Antes 32.99 \u20ac \ud83d\uded2: https:\/\/btz.es\/4NcKUON Descubre la frescura y calidad insuperable de Alhambra Sport, la cerveza perfecta para acompa\u00f1ar tus momentos de ocio y celebraci\u00f3n. Esta cerveza artesanal espa\u00f1ola, elaborada con ingredientes naturales y un proceso tradicional, ofrece un [&hellip;]<\/p>\n","protected":false},"featured_media":5794,"template":"","meta":{"_gspb_post_css":""},"store":[],"product_brand":[],"product_cat":[16],"product_tag":[],"class_list":{"0":"post-5795","1":"product","2":"type-product","3":"status-publish","4":"has-post-thumbnail","6":"product_cat-sin-categorizar","8":"first","9":"instock","10":"shipping-taxable","11":"product-type-external"},"jetpack_sharing_enabled":true,"_links":{"self":[{"href":"https:\/\/ofertacular.com\/index.php\/wp-json\/wp\/v2\/product\/5795","targetHints":{"allow":["GET"]}}],"collection":[{"href":"https:\/\/ofertacular.com\/index.php\/wp-json\/wp\/v2\/product"}],"about":[{"href":"https:\/\/ofertacular.com\/index.php\/wp-json\/wp\/v2\/types\/product"}],"wp:featuredmedia":[{"embeddable":true,"href":"https:\/\/ofertacular.com\/index.php\/wp-json\/wp\/v2\/media\/5794"}],"wp:attachment":[{"href":"https:\/\/ofertacular.com\/index.php\/wp-json\/wp\/v2\/media?parent=5795"}],"wp:term":[{"taxonomy":"store","embeddable":true,"href":"https:\/\/ofertacular.com\/index.php\/wp-json\/wp\/v2\/store?post=5795"},{"taxonomy":"product_brand","embeddable":true,"href":"https:\/\/ofertacular.com\/index.php\/wp-json\/wp\/v2\/product_brand?post=5795"},{"taxonomy":"product_cat","embeddable":true,"href":"https:\/\/ofertacular.com\/index.php\/wp-json\/wp\/v2\/product_cat?post=5795"},{"taxonomy":"product_tag","embeddable":true,"href":"https:\/\/ofertacular.com\/index.php\/wp-json\/wp\/v2\/product_tag?post=5795"}],"curies":[{"name":"wp","href":"https:\/\/api.w.org\/{rel}","templated":true}]}}