{"id":5799,"date":"2025-06-03T10:36:59","date_gmt":"2025-06-03T08:36:59","guid":{"rendered":"https:\/\/ofertacular.com\/index.php\/producto\/freidora-papel\/"},"modified":"2025-06-03T10:36:59","modified_gmt":"2025-06-03T08:36:59","slug":"freidora-papel","status":"publish","type":"product","link":"https:\/\/ofertacular.com\/index.php\/producto\/freidora-papel\/","title":{"rendered":"Freidora Papel"},"content":{"rendered":"<div class=\"oferta-container\">\n<p>\ud83d\udfe5 <b>INCRE\u00cdBLE<\/b> \ud83d\udfe5 #Publicidad #Amazon #16<\/p>\n<p>\ud83d\udd34 <b>Freidora Papel <\/b><\/p>\n<p>\u2705 <b>AHORA 3.96 \u20ac<\/b> \u2714\ufe0f\ud83d\udfe1<\/p>\n<p>\u274c Antes 7.99 \u20ac<\/p>\n<p>\ud83d\uded2: <a href=\"https:\/\/btz.es\/4NcRokg\" target=\"_blank\" rel=\"nofollow noopener\">https:\/\/btz.es\/4NcRokg<\/a><\/p>\n<p>&#8211; \ud83c\udf70\u3010Material saludable de grado alimenticio \u3011: AiQInu papel freidora aire est\u00e1 hecho de pulpa natural y revestimiento de grado alimentario, el papel sin blanquear est\u00e1 completamente libre de fluorescencia, papel pergamino de grado alimentario de alta calidad, sin BPA, resistente al aceite, impermeable,antiadherente,resistente al calor hasta 428 \u00b0F. papel desechables es degradable, ecol\u00f3gico, saludable y respetuoso con el medio ambiente, y aporta m\u00e1s placer a la cocina de su familia.<br \/>\n&#8211; \ud83c\udf55\u3010Mantener la freidora de aire limpia\u3011:El papel para freidora de aire desechable evita eficazmente que los restos de comida entren en la freidora de aire, protegiendo su su freidora de aire de los restos de comida, facilitando la limpieza y prolongando la vida de la freidora de aire, es el mejor accesorio de la freidora de aire.No hay necesidad de gastar mucha energ\u00eda y tiempo en la limpieza despu\u00e9s de una comida, ahorre su tiempo y disfrute de su comida en paz.<br \/>\n&#8211; \ud83c\udf57\u3010F\u00e1cil de usar\u3011:AiQInu papel airfryer tiene una forma de taz\u00f3n, por lo que no necesita rasgar, doblar o cortar. El dise\u00f1o del borde elevado hace que sea f\u00e1cil retirar el papel pergamino de la sart\u00e9n despu\u00e9s de la cocci\u00f3n. Cuando cocine, saque uno, p\u00f3ngalo en la freidora o en el microondas y cocine a su gusto, el papel horno puede mantener sus pasteles, bocadillos intactos y hermosos, y no afecta el sabor de los alimentos.<br \/>\n&#8211; \ud83c\udf64\u3010Tama\u00f1o perfecto\u3011AiQInu papel de pergamino para freidora de aire incluye 100 hojas, di\u00e1metro interior: 16 cm, n 4,5 cm de borde elevado del papel de hornear para proteger los lados de la freidora y evitar que los alimentos se peguen. Ideal para freidoras de aire de 3 a 4,5 litros. El producto se presenta en una caja de pl\u00e1stico transparente f\u00e1cil de extraer con una clara indicaci\u00f3n de la cantidad de producto que queda para que pueda prepararse para cada servicio de comidas.<br \/>\n&#8211; \ud83e\udd53\u3010Large use\u3011Nuestro papel freidora aire redondo es adecuado para la freidora de aire, el horno de microondas, el horno, el molde para pasteles, etc. AiQInu se centra en proporcionar productos de alta calidad, todos nuestros productos est\u00e1n garantizados al 100%\uff01Su papel para freidora de aire est\u00e1 cubierto por nuestra garant\u00eda de devoluci\u00f3n de dinero de 30 d\u00edas y garant\u00eda de reemplazo gratuito de 1 a\u00f1o.\u00bb<\/p>\n<\/p><\/div>\n","protected":false},"excerpt":{"rendered":"<p>\ud83d\udfe5 INCRE\u00cdBLE \ud83d\udfe5 #Publicidad #Amazon #16 \ud83d\udd34 Freidora Papel \u2705 AHORA 3.96 \u20ac \u2714\ufe0f\ud83d\udfe1 \u274c Antes 7.99 \u20ac \ud83d\uded2: https:\/\/btz.es\/4NcRokg &#8211; \ud83c\udf70\u3010Material saludable de grado alimenticio \u3011: AiQInu papel freidora aire est\u00e1 hecho de pulpa natural y revestimiento de grado alimentario, el papel sin blanquear est\u00e1 completamente libre de fluorescencia, papel pergamino de grado alimentario [&hellip;]<\/p>\n","protected":false},"featured_media":5798,"template":"","meta":{"_gspb_post_css":""},"store":[],"product_brand":[],"product_cat":[16],"product_tag":[],"class_list":{"0":"post-5799","1":"product","2":"type-product","3":"status-publish","4":"has-post-thumbnail","6":"product_cat-sin-categorizar","8":"first","9":"instock","10":"sale","11":"shipping-taxable","12":"product-type-external"},"jetpack_sharing_enabled":true,"_links":{"self":[{"href":"https:\/\/ofertacular.com\/index.php\/wp-json\/wp\/v2\/product\/5799","targetHints":{"allow":["GET"]}}],"collection":[{"href":"https:\/\/ofertacular.com\/index.php\/wp-json\/wp\/v2\/product"}],"about":[{"href":"https:\/\/ofertacular.com\/index.php\/wp-json\/wp\/v2\/types\/product"}],"wp:featuredmedia":[{"embeddable":true,"href":"https:\/\/ofertacular.com\/index.php\/wp-json\/wp\/v2\/media\/5798"}],"wp:attachment":[{"href":"https:\/\/ofertacular.com\/index.php\/wp-json\/wp\/v2\/media?parent=5799"}],"wp:term":[{"taxonomy":"store","embeddable":true,"href":"https:\/\/ofertacular.com\/index.php\/wp-json\/wp\/v2\/store?post=5799"},{"taxonomy":"product_brand","embeddable":true,"href":"https:\/\/ofertacular.com\/index.php\/wp-json\/wp\/v2\/product_brand?post=5799"},{"taxonomy":"product_cat","embeddable":true,"href":"https:\/\/ofertacular.com\/index.php\/wp-json\/wp\/v2\/product_cat?post=5799"},{"taxonomy":"product_tag","embeddable":true,"href":"https:\/\/ofertacular.com\/index.php\/wp-json\/wp\/v2\/product_tag?post=5799"}],"curies":[{"name":"wp","href":"https:\/\/api.w.org\/{rel}","templated":true}]}}