{"id":5803,"date":"2025-06-03T11:39:25","date_gmt":"2025-06-03T09:39:25","guid":{"rendered":"https:\/\/ofertacular.com\/index.php\/producto\/smart-plug-2\/"},"modified":"2025-06-03T11:39:25","modified_gmt":"2025-06-03T09:39:25","slug":"smart-plug-2","status":"publish","type":"product","link":"https:\/\/ofertacular.com\/index.php\/producto\/smart-plug-2\/","title":{"rendered":"Smart Plug"},"content":{"rendered":"<div class=\"oferta-container\">\n<p>\ud83d\udfe5 <b>EXCLUSIVO<\/b> \ud83d\udfe5 #Publicidad #Amazon #16<\/p>\n<p>\ud83d\udd34 <b>Enchufe inteligente <\/b><\/p>\n<p>\u2705 <b>AHORA 9.99 \u20ac<\/b> \u2714\ufe0f\ud83d\udfe1<\/p>\n<p>\u274c Antes 14.99 \u20ac<\/p>\n<p>\ud83d\uded2: <a href=\"https:\/\/btz.es\/4NdgWQj\" target=\"_blank\" rel=\"nofollow noopener\">https:\/\/btz.es\/4NdgWQj<\/a><\/p>\n<p>&#8211; Control remoto: enciende y apaga instant\u00e1neamente los dispositivos conectados donde sea que est\u00e9s a trav\u00e9s de la aplicaci\u00f3n tapo<br \/>\n&#8211; Programaci\u00f3n: preestablezca una programaci\u00f3n para administrar dispositivos autom\u00e1ticamente<br \/>\n&#8211; Temporizador: crea listas de temporizadores de cuenta regresiva para los dispositivos electr\u00f3nicos conectados<br \/>\n&#8211; Control de voz: administre su socket inteligente con comandos de voz a trav\u00e9s de alexa o el asistente de google<br \/>\n&#8211; Modo ausente: enciende y apaga autom\u00e1ticamente los dispositivos en diferentes momentos para dar la apariencia de que alguien est\u00e1 en casa<br \/>\n&#8211; Dise\u00f1o compacto: tama\u00f1o peque\u00f1o para evitar el bloqueo de tomas adyacente; (solo para toma hembra tipo C o tomas<br \/>\n&#8211; F\u00e1cil configuraci\u00f3n y uso: no se requiere concentrador, config\u00farelo r\u00e1pidamente y admin\u00edstrelo f\u00e1cilmente a trav\u00e9s de la aplicaci\u00f3n<\/p>\n<\/p><\/div>\n","protected":false},"excerpt":{"rendered":"<p>\ud83d\udfe5 EXCLUSIVO \ud83d\udfe5 #Publicidad #Amazon #16 \ud83d\udd34 Enchufe inteligente \u2705 AHORA 9.99 \u20ac \u2714\ufe0f\ud83d\udfe1 \u274c Antes 14.99 \u20ac \ud83d\uded2: https:\/\/btz.es\/4NdgWQj &#8211; Control remoto: enciende y apaga instant\u00e1neamente los dispositivos conectados donde sea que est\u00e9s a trav\u00e9s de la aplicaci\u00f3n tapo &#8211; Programaci\u00f3n: preestablezca una programaci\u00f3n para administrar dispositivos autom\u00e1ticamente &#8211; Temporizador: crea listas de temporizadores [&hellip;]<\/p>\n","protected":false},"featured_media":5802,"template":"","meta":{"_gspb_post_css":""},"store":[],"product_brand":[],"product_cat":[16],"product_tag":[],"class_list":{"0":"post-5803","1":"product","2":"type-product","3":"status-publish","4":"has-post-thumbnail","6":"product_cat-sin-categorizar","8":"first","9":"instock","10":"sale","11":"shipping-taxable","12":"product-type-external"},"jetpack_sharing_enabled":true,"_links":{"self":[{"href":"https:\/\/ofertacular.com\/index.php\/wp-json\/wp\/v2\/product\/5803","targetHints":{"allow":["GET"]}}],"collection":[{"href":"https:\/\/ofertacular.com\/index.php\/wp-json\/wp\/v2\/product"}],"about":[{"href":"https:\/\/ofertacular.com\/index.php\/wp-json\/wp\/v2\/types\/product"}],"wp:featuredmedia":[{"embeddable":true,"href":"https:\/\/ofertacular.com\/index.php\/wp-json\/wp\/v2\/media\/5802"}],"wp:attachment":[{"href":"https:\/\/ofertacular.com\/index.php\/wp-json\/wp\/v2\/media?parent=5803"}],"wp:term":[{"taxonomy":"store","embeddable":true,"href":"https:\/\/ofertacular.com\/index.php\/wp-json\/wp\/v2\/store?post=5803"},{"taxonomy":"product_brand","embeddable":true,"href":"https:\/\/ofertacular.com\/index.php\/wp-json\/wp\/v2\/product_brand?post=5803"},{"taxonomy":"product_cat","embeddable":true,"href":"https:\/\/ofertacular.com\/index.php\/wp-json\/wp\/v2\/product_cat?post=5803"},{"taxonomy":"product_tag","embeddable":true,"href":"https:\/\/ofertacular.com\/index.php\/wp-json\/wp\/v2\/product_tag?post=5803"}],"curies":[{"name":"wp","href":"https:\/\/api.w.org\/{rel}","templated":true}]}}