{"id":5811,"date":"2025-06-03T17:37:06","date_gmt":"2025-06-03T15:37:06","guid":{"rendered":"https:\/\/ofertacular.com\/index.php\/producto\/1005007805549897\/"},"modified":"2025-06-03T17:37:06","modified_gmt":"2025-06-03T15:37:06","slug":"1005007805549897","status":"publish","type":"product","link":"https:\/\/ofertacular.com\/index.php\/producto\/1005007805549897\/","title":{"rendered":"Masajeador El\u00e9ctrico"},"content":{"rendered":"<div class=\"oferta-container\">\n<p>\ud83d\udfe5 <b>SUPER OFERTA<\/b> \ud83d\udfe5 #Publicidad #Amazon #<\/p>\n<p>\ud83d\udd34 <b>Masajeador El\u00e9ctrico <\/b><\/p>\n<p>\u2705 <b>AHORA 19.19\u20ac \u20ac<\/b> \u2714\ufe0f\ud83d\udfe1<\/p>\n<p>\u274c Antes 52.77 \u20ac<\/p>\n<p>\ud83d\uded2: <a href=\"https:\/\/btz.es\/4Ne8Z4R\" target=\"_blank\" rel=\"nofollow noopener\">https:\/\/btz.es\/4Ne8Z4R<\/a><\/p>\n<p>Descubre el mejor Masajeador El\u00e9ctrico para aliviar tensiones y dolores musculares. Nuestro producto ofrece m\u00faltiples modos de masaje, dise\u00f1o ergon\u00f3mico y tecnolog\u00eda avanzada para una experiencia relajante y profesional en la comodidad de tu hogar. Ideal para uso diario, perfecto para mejorar la circulaci\u00f3n y reducir el estr\u00e9s.<\/p>\n<\/p><\/div>\n","protected":false},"excerpt":{"rendered":"<p>\ud83d\udfe5 SUPER OFERTA \ud83d\udfe5 #Publicidad #Amazon # \ud83d\udd34 Masajeador El\u00e9ctrico \u2705 AHORA 19.19\u20ac \u20ac \u2714\ufe0f\ud83d\udfe1 \u274c Antes 52.77 \u20ac \ud83d\uded2: https:\/\/btz.es\/4Ne8Z4R Descubre el mejor Masajeador El\u00e9ctrico para aliviar tensiones y dolores musculares. Nuestro producto ofrece m\u00faltiples modos de masaje, dise\u00f1o ergon\u00f3mico y tecnolog\u00eda avanzada para una experiencia relajante y profesional en la comodidad de tu [&hellip;]<\/p>\n","protected":false},"featured_media":5810,"template":"","meta":{"_gspb_post_css":""},"store":[],"product_brand":[],"product_cat":[16],"product_tag":[],"class_list":{"0":"post-5811","1":"product","2":"type-product","3":"status-publish","4":"has-post-thumbnail","6":"product_cat-sin-categorizar","8":"first","9":"instock","10":"shipping-taxable","11":"product-type-external"},"jetpack_sharing_enabled":true,"_links":{"self":[{"href":"https:\/\/ofertacular.com\/index.php\/wp-json\/wp\/v2\/product\/5811","targetHints":{"allow":["GET"]}}],"collection":[{"href":"https:\/\/ofertacular.com\/index.php\/wp-json\/wp\/v2\/product"}],"about":[{"href":"https:\/\/ofertacular.com\/index.php\/wp-json\/wp\/v2\/types\/product"}],"wp:featuredmedia":[{"embeddable":true,"href":"https:\/\/ofertacular.com\/index.php\/wp-json\/wp\/v2\/media\/5810"}],"wp:attachment":[{"href":"https:\/\/ofertacular.com\/index.php\/wp-json\/wp\/v2\/media?parent=5811"}],"wp:term":[{"taxonomy":"store","embeddable":true,"href":"https:\/\/ofertacular.com\/index.php\/wp-json\/wp\/v2\/store?post=5811"},{"taxonomy":"product_brand","embeddable":true,"href":"https:\/\/ofertacular.com\/index.php\/wp-json\/wp\/v2\/product_brand?post=5811"},{"taxonomy":"product_cat","embeddable":true,"href":"https:\/\/ofertacular.com\/index.php\/wp-json\/wp\/v2\/product_cat?post=5811"},{"taxonomy":"product_tag","embeddable":true,"href":"https:\/\/ofertacular.com\/index.php\/wp-json\/wp\/v2\/product_tag?post=5811"}],"curies":[{"name":"wp","href":"https:\/\/api.w.org\/{rel}","templated":true}]}}