{"id":5817,"date":"2025-06-04T09:47:29","date_gmt":"2025-06-04T07:47:29","guid":{"rendered":"https:\/\/ofertacular.com\/index.php\/producto\/cafe-en-grano\/"},"modified":"2025-06-04T09:47:29","modified_gmt":"2025-06-04T07:47:29","slug":"cafe-en-grano","status":"publish","type":"product","link":"https:\/\/ofertacular.com\/index.php\/producto\/cafe-en-grano\/","title":{"rendered":"Caf\u00e9 En Grano"},"content":{"rendered":"<div class=\"oferta-container\">\n<p>\ud83d\udfe5 <b>\u00a1GANGAZO!<\/b> \ud83d\udfe5 #Publicidad #Amazon #16<\/p>\n<p>\ud83d\udd34 <b>Caf\u00e9 Grano <\/b><\/p>\n<p>\u2705 <b>AHORA 15.84 \u20ac<\/b> \u2714\ufe0f\ud83d\udfe1<\/p>\n<p>\u274c Antes 17.39 \u20ac<\/p>\n<p>\ud83d\uded2: <a href=\"https:\/\/btz.es\/4Ni5rUU\" target=\"_blank\" rel=\"nofollow noopener\">https:\/\/btz.es\/4Ni5rUU<\/a><\/p>\n<p>&#8211; TAMA\u00d1O: 2 paquetes: 2 x 1 kg, total 2 kg<br \/>\n&#8211; FACILIDAD DE USO: Adecuado para todas las preparaciones dependiendo de la molienda. Expreso = fina. Filtro = media. Italiana = media. \u00c9mbolo = gruesa<br \/>\n&#8211; CALIDAD: Envasado en atm\u00f3sfera protectora para mantener la frescura<br \/>\n&#8211; INTENSIDAD: 3\/5<br \/>\n&#8211; 100% ARABICA<br \/>\n&#8211; FUENTE: Tostado y envasado en B\u00e9lgica<br \/>\n&#8211; CERTIFICACI\u00d3N RAINFOREST ALLIANCE: La procedencia del caf\u00e9 utilizado para este producto goza de la certificaci\u00f3n Rainforest Alliance, lo que significa que no solo sabe bien, sino que tambi\u00e9n tiene un impacto positivo. Con cada compra, ayuda a cientos de agricultores y sus familias en todo el mundo, adem\u00e1s de aportar su granito a la selva tropical; beber mejor es hacerlo mejor<br \/>\n&#8211; IMPORTANTE: Puede variar el color del embalaje del producto<\/p>\n<\/p><\/div>\n","protected":false},"excerpt":{"rendered":"<p>\ud83d\udfe5 \u00a1GANGAZO! \ud83d\udfe5 #Publicidad #Amazon #16 \ud83d\udd34 Caf\u00e9 Grano \u2705 AHORA 15.84 \u20ac \u2714\ufe0f\ud83d\udfe1 \u274c Antes 17.39 \u20ac \ud83d\uded2: https:\/\/btz.es\/4Ni5rUU &#8211; TAMA\u00d1O: 2 paquetes: 2 x 1 kg, total 2 kg &#8211; FACILIDAD DE USO: Adecuado para todas las preparaciones dependiendo de la molienda. Expreso = fina. Filtro = media. Italiana = media. \u00c9mbolo = [&hellip;]<\/p>\n","protected":false},"featured_media":5816,"template":"","meta":{"_gspb_post_css":""},"store":[],"product_brand":[],"product_cat":[16],"product_tag":[],"class_list":{"0":"post-5817","1":"product","2":"type-product","3":"status-publish","4":"has-post-thumbnail","6":"product_cat-sin-categorizar","8":"first","9":"instock","10":"sale","11":"shipping-taxable","12":"product-type-external"},"jetpack_sharing_enabled":true,"_links":{"self":[{"href":"https:\/\/ofertacular.com\/index.php\/wp-json\/wp\/v2\/product\/5817","targetHints":{"allow":["GET"]}}],"collection":[{"href":"https:\/\/ofertacular.com\/index.php\/wp-json\/wp\/v2\/product"}],"about":[{"href":"https:\/\/ofertacular.com\/index.php\/wp-json\/wp\/v2\/types\/product"}],"wp:featuredmedia":[{"embeddable":true,"href":"https:\/\/ofertacular.com\/index.php\/wp-json\/wp\/v2\/media\/5816"}],"wp:attachment":[{"href":"https:\/\/ofertacular.com\/index.php\/wp-json\/wp\/v2\/media?parent=5817"}],"wp:term":[{"taxonomy":"store","embeddable":true,"href":"https:\/\/ofertacular.com\/index.php\/wp-json\/wp\/v2\/store?post=5817"},{"taxonomy":"product_brand","embeddable":true,"href":"https:\/\/ofertacular.com\/index.php\/wp-json\/wp\/v2\/product_brand?post=5817"},{"taxonomy":"product_cat","embeddable":true,"href":"https:\/\/ofertacular.com\/index.php\/wp-json\/wp\/v2\/product_cat?post=5817"},{"taxonomy":"product_tag","embeddable":true,"href":"https:\/\/ofertacular.com\/index.php\/wp-json\/wp\/v2\/product_tag?post=5817"}],"curies":[{"name":"wp","href":"https:\/\/api.w.org\/{rel}","templated":true}]}}