{"id":5827,"date":"2025-06-04T10:03:07","date_gmt":"2025-06-04T08:03:07","guid":{"rendered":"https:\/\/ofertacular.com\/index.php\/producto\/philips-oneblade-3\/"},"modified":"2025-06-04T10:03:07","modified_gmt":"2025-06-04T08:03:07","slug":"philips-oneblade-3","status":"publish","type":"product","link":"https:\/\/ofertacular.com\/index.php\/producto\/philips-oneblade-3\/","title":{"rendered":"Philips OneBlade"},"content":{"rendered":"<div class=\"oferta-container\">\n<p>\ud83d\udfe5 <b>CHOLLAZO<\/b> \ud83d\udfe5 #Publicidad #Amazon #16<\/p>\n<p>\ud83d\udd34 <b>Cortapelos Philips <\/b><\/p>\n<p>\u2705 <b>AHORA 35.62 \u20ac<\/b> \u2714\ufe0f\ud83d\udfe1<\/p>\n<p>\u274c Antes 37.49 \u20ac<\/p>\n<p>\ud83d\uded2: <a href=\"https:\/\/btz.es\/4Ni9nWY\" target=\"_blank\" rel=\"nofollow noopener\">https:\/\/btz.es\/4Ni9nWY<\/a><\/p>\n<p>&#8211; Tecnolog\u00eda OneBlade: la unidad de corte de movimiento r\u00e1pido 12 000 veces por minuto es eficiente incluso con el vello m\u00e1s largo. El sistema de protecci\u00f3n doble con un revestimiento deslizante y puntas redondeadas hace que el afeitado sea m\u00e1s f\u00e1cil y c\u00f3modo<br \/>\n&#8211; Innovadora cuchilla 360: se puede inclinar en todas las direcciones para permitir un contacto y control constantes sobre la piel, as\u00ed como para recortar y afeitar f\u00e1cilmente incluso las zonas m\u00e1s dif\u00edciles de alcanzar con menos pasadas y mayor comodidad\u00b9<br \/>\n&#8211; Dise\u00f1ada para cortar el pelo, no la piel: recorta la barba a una longitud uniforme con nuestros 3 peines-gu\u00eda para barba de dos d\u00edas 1, 2, 3, 5 mm, crea bordes precisos gracias a la cuchilla de doble cara y afeita cualquier longitud de vello f\u00e1cilmente<br \/>\n&#8211; Afeitadora el\u00e9ctrica 100 % resistente al agua que proporciona un arreglo personal f\u00e1cil en cualquier lugar: \u00fasala en la ducha, en seco o en h\u00famedo; la bater\u00eda de Ni-MH de 45 minutos y el mango compacto la convierten en el compa\u00f1ero de viaje perfecto<br \/>\n&#8211; No se desafila f\u00e1cilmente: la cuchilla de acero inoxidable dura hasta 4 meses de uso para mantener esa sensaci\u00f3n de frescura. Aparecer\u00e1 un icono de expulsi\u00f3n en la cuchilla cuando llegue el momento de sustituirla por una nueva<br \/>\n&#8211; El juego incluye: 1 Philips OneBlade 360, 2 cuchillas 360, 3 peines para barba 1,3,5 mm, 1 tapa de almacenamiento, 1 funda blanda, un manual de usuario; adaptador de corriente no incluido<\/p>\n<\/p><\/div>\n","protected":false},"excerpt":{"rendered":"<p>\ud83d\udfe5 CHOLLAZO \ud83d\udfe5 #Publicidad #Amazon #16 \ud83d\udd34 Cortapelos Philips \u2705 AHORA 35.62 \u20ac \u2714\ufe0f\ud83d\udfe1 \u274c Antes 37.49 \u20ac \ud83d\uded2: https:\/\/btz.es\/4Ni9nWY &#8211; Tecnolog\u00eda OneBlade: la unidad de corte de movimiento r\u00e1pido 12 000 veces por minuto es eficiente incluso con el vello m\u00e1s largo. El sistema de protecci\u00f3n doble con un revestimiento deslizante y puntas redondeadas [&hellip;]<\/p>\n","protected":false},"featured_media":5826,"template":"","meta":{"_gspb_post_css":""},"store":[],"product_brand":[],"product_cat":[16],"product_tag":[],"class_list":{"0":"post-5827","1":"product","2":"type-product","3":"status-publish","4":"has-post-thumbnail","6":"product_cat-sin-categorizar","8":"first","9":"instock","10":"sale","11":"shipping-taxable","12":"product-type-external"},"jetpack_sharing_enabled":true,"_links":{"self":[{"href":"https:\/\/ofertacular.com\/index.php\/wp-json\/wp\/v2\/product\/5827","targetHints":{"allow":["GET"]}}],"collection":[{"href":"https:\/\/ofertacular.com\/index.php\/wp-json\/wp\/v2\/product"}],"about":[{"href":"https:\/\/ofertacular.com\/index.php\/wp-json\/wp\/v2\/types\/product"}],"wp:featuredmedia":[{"embeddable":true,"href":"https:\/\/ofertacular.com\/index.php\/wp-json\/wp\/v2\/media\/5826"}],"wp:attachment":[{"href":"https:\/\/ofertacular.com\/index.php\/wp-json\/wp\/v2\/media?parent=5827"}],"wp:term":[{"taxonomy":"store","embeddable":true,"href":"https:\/\/ofertacular.com\/index.php\/wp-json\/wp\/v2\/store?post=5827"},{"taxonomy":"product_brand","embeddable":true,"href":"https:\/\/ofertacular.com\/index.php\/wp-json\/wp\/v2\/product_brand?post=5827"},{"taxonomy":"product_cat","embeddable":true,"href":"https:\/\/ofertacular.com\/index.php\/wp-json\/wp\/v2\/product_cat?post=5827"},{"taxonomy":"product_tag","embeddable":true,"href":"https:\/\/ofertacular.com\/index.php\/wp-json\/wp\/v2\/product_tag?post=5827"}],"curies":[{"name":"wp","href":"https:\/\/api.w.org\/{rel}","templated":true}]}}