{"id":5843,"date":"2025-06-04T11:04:23","date_gmt":"2025-06-04T09:04:23","guid":{"rendered":"https:\/\/ofertacular.com\/index.php\/producto\/kinderkraft-triciclo\/"},"modified":"2025-06-04T11:04:23","modified_gmt":"2025-06-04T09:04:23","slug":"kinderkraft-triciclo","status":"publish","type":"product","link":"https:\/\/ofertacular.com\/index.php\/producto\/kinderkraft-triciclo\/","title":{"rendered":"Kinderkraft Triciclo"},"content":{"rendered":"<div class=\"oferta-container\">\n<p>\ud83d\udfe5 <b>AHORRA AQU\u00cd<\/b> \ud83d\udfe5 #Publicidad #Amazon #16<\/p>\n<p>\ud83d\udd34 <b>Triciclo Kinderkraft <\/b><\/p>\n<p>\u2705 <b>AHORA 79.9 \u20ac<\/b> \u2714\ufe0f\ud83d\udfe1<\/p>\n<p>\u274c Antes 119.90 \u20ac<\/p>\n<p>\ud83d\uded2: <a href=\"https:\/\/btz.es\/4NiOE41\" target=\"_blank\" rel=\"nofollow noopener\">https:\/\/btz.es\/4NiOE41<\/a><\/p>\n<p>&#8211; \u2705 MULTIFUNCIONAL: el triciclo plegable se puede configurar seg\u00fan la edad, con el asiento a favor de la marcha o a contramarcha. Se puede usar de diversas maneras en funci\u00f3n de las habilidades motoras del ni\u00f1o. Est\u00e1 indicado para ni\u00f1os de entre 9 meses y 5 a\u00f1os.<br \/>\n&#8211; \u2705 APRENDIZAJE Y DIVERSI\u00d3N: el ni\u00f1o aprender\u00e1 a pedalear y a manejar el triciclo para que luego le resulte m\u00e1s f\u00e1cil pasar a la bicicleta. Desde muy temprano, se acostumbrar\u00e1 a la actividad f\u00edsica y despu\u00e9s podr\u00e1 elegir la que m\u00e1s le guste.<br \/>\n&#8211; \u2705 SEGURO: el triciclo tiene un arn\u00e9s regulable, una barrera extra\u00edble que se puede desmontar del todo, un freno s\u00f3lido y funci\u00f3n de rueda libre, as\u00ed como ruedas amortiguadas y resistentes a pinchazos.<br \/>\n&#8211; \u2705 FUNCIONAL: los distintos elementos manillar superior, barrera, extensi\u00f3n de la capota se desmontan sin usar herramientas. Adem\u00e1s, se pliega f\u00e1cilmente para transportarlo o almacenarlo. Por otro lado, el manillar superior para los padres se puede ajustar en 3 niveles.<br \/>\n&#8211; \u2705 PR\u00c1CTICO: tiene un asiento c\u00f3modo, as\u00ed como una capota grande que protege del viento y da sombra. Est\u00e1 equipado con un respaldo alto y un reposapi\u00e9s para que el peque descanse despu\u00e9s de jugar.<\/p>\n<\/p><\/div>\n","protected":false},"excerpt":{"rendered":"<p>\ud83d\udfe5 AHORRA AQU\u00cd \ud83d\udfe5 #Publicidad #Amazon #16 \ud83d\udd34 Triciclo Kinderkraft \u2705 AHORA 79.9 \u20ac \u2714\ufe0f\ud83d\udfe1 \u274c Antes 119.90 \u20ac \ud83d\uded2: https:\/\/btz.es\/4NiOE41 &#8211; \u2705 MULTIFUNCIONAL: el triciclo plegable se puede configurar seg\u00fan la edad, con el asiento a favor de la marcha o a contramarcha. Se puede usar de diversas maneras en funci\u00f3n de las habilidades [&hellip;]<\/p>\n","protected":false},"featured_media":5842,"template":"","meta":{"_gspb_post_css":""},"store":[],"product_brand":[],"product_cat":[16],"product_tag":[],"class_list":{"0":"post-5843","1":"product","2":"type-product","3":"status-publish","4":"has-post-thumbnail","6":"product_cat-sin-categorizar","8":"first","9":"instock","10":"sale","11":"shipping-taxable","12":"product-type-external"},"jetpack_sharing_enabled":true,"_links":{"self":[{"href":"https:\/\/ofertacular.com\/index.php\/wp-json\/wp\/v2\/product\/5843","targetHints":{"allow":["GET"]}}],"collection":[{"href":"https:\/\/ofertacular.com\/index.php\/wp-json\/wp\/v2\/product"}],"about":[{"href":"https:\/\/ofertacular.com\/index.php\/wp-json\/wp\/v2\/types\/product"}],"wp:featuredmedia":[{"embeddable":true,"href":"https:\/\/ofertacular.com\/index.php\/wp-json\/wp\/v2\/media\/5842"}],"wp:attachment":[{"href":"https:\/\/ofertacular.com\/index.php\/wp-json\/wp\/v2\/media?parent=5843"}],"wp:term":[{"taxonomy":"store","embeddable":true,"href":"https:\/\/ofertacular.com\/index.php\/wp-json\/wp\/v2\/store?post=5843"},{"taxonomy":"product_brand","embeddable":true,"href":"https:\/\/ofertacular.com\/index.php\/wp-json\/wp\/v2\/product_brand?post=5843"},{"taxonomy":"product_cat","embeddable":true,"href":"https:\/\/ofertacular.com\/index.php\/wp-json\/wp\/v2\/product_cat?post=5843"},{"taxonomy":"product_tag","embeddable":true,"href":"https:\/\/ofertacular.com\/index.php\/wp-json\/wp\/v2\/product_tag?post=5843"}],"curies":[{"name":"wp","href":"https:\/\/api.w.org\/{rel}","templated":true}]}}