{"id":5853,"date":"2025-06-05T08:36:52","date_gmt":"2025-06-05T06:36:52","guid":{"rendered":"https:\/\/ofertacular.com\/index.php\/producto\/kinderkraft-silla\/"},"modified":"2025-06-05T08:36:52","modified_gmt":"2025-06-05T06:36:52","slug":"kinderkraft-silla","status":"publish","type":"product","link":"https:\/\/ofertacular.com\/index.php\/producto\/kinderkraft-silla\/","title":{"rendered":"Kinderkraft Silla"},"content":{"rendered":"<div class=\"oferta-container\">\n<p>\ud83d\udfe5 <b>\u00a1GANGAZO!<\/b> \ud83d\udfe5 #Publicidad #Amazon #16<\/p>\n<p>\ud83d\udd34 <b>Silla infantil <\/b><\/p>\n<p>\u2705 <b>AHORA 67.15 \u20ac<\/b> \u2714\ufe0f\ud83d\udfe1<\/p>\n<p>\u274c Antes 84.90 \u20ac<\/p>\n<p>\ud83d\uded2: <a href=\"https:\/\/btz.es\/4Noec7z\" target=\"_blank\" rel=\"nofollow noopener\">https:\/\/btz.es\/4Noec7z<\/a><\/p>\n<p>&#8211; \u2705 PARA NI\u00d1OS DE 3,5 A 12 A\u00d1OS: silla de coche para ni\u00f1os de 100-150 cm 15-36 kg. El asiento se instala a contramarcha o en sentido de la marcha con ISOFIX u opcionalmente con el cintur\u00f3n del autom\u00f3vil. Se ha probado en condiciones m\u00e1s estrictas que las exigidas por la norma y ha obtenido muy buenos resultados.<br \/>\n&#8211; \u2705 I-SIZE: la certificaci\u00f3n basada en las normas m\u00e1s recientes hace que la silla de coche sea segura y cumpla con las normas actuales. Esto te permitir\u00e1 concentrarte en la conducci\u00f3n sin tener que preocuparte por tu hijo durante el viaje.<br \/>\n&#8211; \u2705 SEGURA: la silla de coche cuenta con sistemas de seguridad especiales SPS, H-GUARD: protecciones laterales reforzadas que cuidan de los hombros y las caderas del ni\u00f1o y absorben la energ\u00eda de un impacto. Adem\u00e1s, la silla de coche est\u00e1 equipada con un reposacabezas reforzado. El ajuste con una sola mano permite fijarlo en uno de los 10 niveles.<br \/>\n&#8211; \u2705 F\u00c1CIL DE INSTALAR: gracias al sistema ISOFIX y a los indicadores de la correcta instalaci\u00f3n, podr\u00e1s montar f\u00e1cilmente la silla en tu coche. El indicador se pondr\u00e1 de color verde cuando la instales correctamente, eliminando as\u00ed el riesgo de un montaje incorrecto.<br \/>\n&#8211; \u2705 C\u00d3MODA: la silla de coche es ancha y blanda, el beb\u00e9 estar\u00e1 c\u00f3modo durante los viajes cortos o m\u00e1s largos. Tiene un respaldo contorneado, lo que la hace m\u00e1s confortable para el peque\u00f1o pasajero.<\/p>\n<\/p><\/div>\n","protected":false},"excerpt":{"rendered":"<p>\ud83d\udfe5 \u00a1GANGAZO! \ud83d\udfe5 #Publicidad #Amazon #16 \ud83d\udd34 Silla infantil \u2705 AHORA 67.15 \u20ac \u2714\ufe0f\ud83d\udfe1 \u274c Antes 84.90 \u20ac \ud83d\uded2: https:\/\/btz.es\/4Noec7z &#8211; \u2705 PARA NI\u00d1OS DE 3,5 A 12 A\u00d1OS: silla de coche para ni\u00f1os de 100-150 cm 15-36 kg. El asiento se instala a contramarcha o en sentido de la marcha con ISOFIX u opcionalmente [&hellip;]<\/p>\n","protected":false},"featured_media":5852,"template":"","meta":{"_gspb_post_css":""},"store":[],"product_brand":[],"product_cat":[16],"product_tag":[],"class_list":{"0":"post-5853","1":"product","2":"type-product","3":"status-publish","4":"has-post-thumbnail","6":"product_cat-sin-categorizar","8":"first","9":"instock","10":"sale","11":"shipping-taxable","12":"product-type-external"},"jetpack_sharing_enabled":true,"_links":{"self":[{"href":"https:\/\/ofertacular.com\/index.php\/wp-json\/wp\/v2\/product\/5853","targetHints":{"allow":["GET"]}}],"collection":[{"href":"https:\/\/ofertacular.com\/index.php\/wp-json\/wp\/v2\/product"}],"about":[{"href":"https:\/\/ofertacular.com\/index.php\/wp-json\/wp\/v2\/types\/product"}],"wp:featuredmedia":[{"embeddable":true,"href":"https:\/\/ofertacular.com\/index.php\/wp-json\/wp\/v2\/media\/5852"}],"wp:attachment":[{"href":"https:\/\/ofertacular.com\/index.php\/wp-json\/wp\/v2\/media?parent=5853"}],"wp:term":[{"taxonomy":"store","embeddable":true,"href":"https:\/\/ofertacular.com\/index.php\/wp-json\/wp\/v2\/store?post=5853"},{"taxonomy":"product_brand","embeddable":true,"href":"https:\/\/ofertacular.com\/index.php\/wp-json\/wp\/v2\/product_brand?post=5853"},{"taxonomy":"product_cat","embeddable":true,"href":"https:\/\/ofertacular.com\/index.php\/wp-json\/wp\/v2\/product_cat?post=5853"},{"taxonomy":"product_tag","embeddable":true,"href":"https:\/\/ofertacular.com\/index.php\/wp-json\/wp\/v2\/product_tag?post=5853"}],"curies":[{"name":"wp","href":"https:\/\/api.w.org\/{rel}","templated":true}]}}