{"id":5855,"date":"2025-06-05T11:40:38","date_gmt":"2025-06-05T09:40:38","guid":{"rendered":"https:\/\/ofertacular.com\/index.php\/producto\/luminarc-jarra\/"},"modified":"2025-06-05T11:40:38","modified_gmt":"2025-06-05T09:40:38","slug":"luminarc-jarra","status":"publish","type":"product","link":"https:\/\/ofertacular.com\/index.php\/producto\/luminarc-jarra\/","title":{"rendered":"Luminarc Jarra"},"content":{"rendered":"<div class=\"oferta-container\">\n<p>\ud83d\udfe5 <b>\u00a1GANGAZO!<\/b> \ud83d\udfe5 #Publicidad #Amazon #16<\/p>\n<p>\ud83d\udd34 <b>Jarra Luminarc <\/b><\/p>\n<p>\u2705 <b>AHORA 7.13 \u20ac<\/b> \u2714\ufe0f\ud83d\udfe1<\/p>\n<p>\u274c Antes 8.25 \u20ac<\/p>\n<p>\ud83d\uded2: <a href=\"https:\/\/btz.es\/4NoOs7K\" target=\"_blank\" rel=\"nofollow noopener\">https:\/\/btz.es\/4NoOs7K<\/a><\/p>\n<p>&#8211; Fabricado en Francia , Facil de limpiar<br \/>\n&#8211; Reciclable , Ecol\u00f3gico , Material 100% saludable , 100% higi\u00e9nico , Libre de cadmio y plomo , No poroso , Larga duraci\u00f3n<br \/>\n&#8211; Apto Frigor\u00edfico , No Apto Microondas<br \/>\n&#8211; Apto lavavajillas<\/p>\n<\/p><\/div>\n","protected":false},"excerpt":{"rendered":"<p>\ud83d\udfe5 \u00a1GANGAZO! \ud83d\udfe5 #Publicidad #Amazon #16 \ud83d\udd34 Jarra Luminarc \u2705 AHORA 7.13 \u20ac \u2714\ufe0f\ud83d\udfe1 \u274c Antes 8.25 \u20ac \ud83d\uded2: https:\/\/btz.es\/4NoOs7K &#8211; Fabricado en Francia , Facil de limpiar &#8211; Reciclable , Ecol\u00f3gico , Material 100% saludable , 100% higi\u00e9nico , Libre de cadmio y plomo , No poroso , Larga duraci\u00f3n &#8211; Apto Frigor\u00edfico , [&hellip;]<\/p>\n","protected":false},"featured_media":5854,"template":"","meta":{"_gspb_post_css":""},"store":[],"product_brand":[],"product_cat":[16],"product_tag":[],"class_list":{"0":"post-5855","1":"product","2":"type-product","3":"status-publish","4":"has-post-thumbnail","6":"product_cat-sin-categorizar","8":"first","9":"instock","10":"sale","11":"shipping-taxable","12":"product-type-external"},"jetpack_sharing_enabled":true,"_links":{"self":[{"href":"https:\/\/ofertacular.com\/index.php\/wp-json\/wp\/v2\/product\/5855","targetHints":{"allow":["GET"]}}],"collection":[{"href":"https:\/\/ofertacular.com\/index.php\/wp-json\/wp\/v2\/product"}],"about":[{"href":"https:\/\/ofertacular.com\/index.php\/wp-json\/wp\/v2\/types\/product"}],"wp:featuredmedia":[{"embeddable":true,"href":"https:\/\/ofertacular.com\/index.php\/wp-json\/wp\/v2\/media\/5854"}],"wp:attachment":[{"href":"https:\/\/ofertacular.com\/index.php\/wp-json\/wp\/v2\/media?parent=5855"}],"wp:term":[{"taxonomy":"store","embeddable":true,"href":"https:\/\/ofertacular.com\/index.php\/wp-json\/wp\/v2\/store?post=5855"},{"taxonomy":"product_brand","embeddable":true,"href":"https:\/\/ofertacular.com\/index.php\/wp-json\/wp\/v2\/product_brand?post=5855"},{"taxonomy":"product_cat","embeddable":true,"href":"https:\/\/ofertacular.com\/index.php\/wp-json\/wp\/v2\/product_cat?post=5855"},{"taxonomy":"product_tag","embeddable":true,"href":"https:\/\/ofertacular.com\/index.php\/wp-json\/wp\/v2\/product_tag?post=5855"}],"curies":[{"name":"wp","href":"https:\/\/api.w.org\/{rel}","templated":true}]}}