{"id":5865,"date":"2025-06-05T17:06:25","date_gmt":"2025-06-05T15:06:25","guid":{"rendered":"https:\/\/ofertacular.com\/index.php\/producto\/conga-rockstar-2\/"},"modified":"2025-06-05T17:06:25","modified_gmt":"2025-06-05T15:06:25","slug":"conga-rockstar-2","status":"publish","type":"product","link":"https:\/\/ofertacular.com\/index.php\/producto\/conga-rockstar-2\/","title":{"rendered":"Conga Rockstar"},"content":{"rendered":"<div class=\"oferta-container\">\n<p>\ud83d\udfe5 <b>\u00a1GANGAZO!<\/b> \ud83d\udfe5 #Publicidad #Amazon #16<\/p>\n<p>\ud83d\udd34 <b>Aspiradora Conga <\/b><\/p>\n<p>\u2705 <b>AHORA 59.9 \u20ac<\/b> \u2714\ufe0f\ud83d\udfe1<\/p>\n<p>\u274c Antes 89.90 \u20ac<\/p>\n<p>\ud83d\uded2: <a href=\"https:\/\/btz.es\/4NqitTu\" target=\"_blank\" rel=\"nofollow noopener\">https:\/\/btz.es\/4NqitTu<\/a><\/p>\n<p>&#8211; ForceSonic 400W: potencia m\u00e1xima que deja perfectos tus colchones. 13 kPa: gran poder de succi\u00f3n para absorber todos los \u00e1caros y suciedad.<br \/>\n&#8211; UV-C Light: elimina hasta el 99,9 % de las bacterias gracias a la luz ultravioleta. Heat Tech: tecnolog\u00eda de aire caliente que desinfecta y ayuda a eliminar los \u00e1caros y las bacterias de los colchones.<br \/>\n&#8211; Power Brush: cepillo motorizado de aluminio y silicona que elimina los al\u00e9rgenos de tus colchones.<br \/>\n&#8211; Cable XXL: 5 metros de radio de acci\u00f3n suficiente para llegar a todas partes. Aromaterapia: incluye pastilla ambientador para disfrutar de un buen aroma durante la limpieza<br \/>\n&#8211; Doble dep\u00f3sito con gran capacidad de 0,5 L. Acumula la suciedad en uno y mantiene el filtro protegido en otro. Cyclonic System: tecnolog\u00eda sin bolsas que alarga la vida \u00fatil.<\/p>\n<\/p><\/div>\n","protected":false},"excerpt":{"rendered":"<p>\ud83d\udfe5 \u00a1GANGAZO! \ud83d\udfe5 #Publicidad #Amazon #16 \ud83d\udd34 Aspiradora Conga \u2705 AHORA 59.9 \u20ac \u2714\ufe0f\ud83d\udfe1 \u274c Antes 89.90 \u20ac \ud83d\uded2: https:\/\/btz.es\/4NqitTu &#8211; ForceSonic 400W: potencia m\u00e1xima que deja perfectos tus colchones. 13 kPa: gran poder de succi\u00f3n para absorber todos los \u00e1caros y suciedad. &#8211; UV-C Light: elimina hasta el 99,9 % de las bacterias gracias [&hellip;]<\/p>\n","protected":false},"featured_media":5864,"template":"","meta":{"_gspb_post_css":""},"store":[],"product_brand":[],"product_cat":[16],"product_tag":[],"class_list":{"0":"post-5865","1":"product","2":"type-product","3":"status-publish","4":"has-post-thumbnail","6":"product_cat-sin-categorizar","8":"first","9":"instock","10":"sale","11":"shipping-taxable","12":"product-type-external"},"jetpack_sharing_enabled":true,"_links":{"self":[{"href":"https:\/\/ofertacular.com\/index.php\/wp-json\/wp\/v2\/product\/5865","targetHints":{"allow":["GET"]}}],"collection":[{"href":"https:\/\/ofertacular.com\/index.php\/wp-json\/wp\/v2\/product"}],"about":[{"href":"https:\/\/ofertacular.com\/index.php\/wp-json\/wp\/v2\/types\/product"}],"wp:featuredmedia":[{"embeddable":true,"href":"https:\/\/ofertacular.com\/index.php\/wp-json\/wp\/v2\/media\/5864"}],"wp:attachment":[{"href":"https:\/\/ofertacular.com\/index.php\/wp-json\/wp\/v2\/media?parent=5865"}],"wp:term":[{"taxonomy":"store","embeddable":true,"href":"https:\/\/ofertacular.com\/index.php\/wp-json\/wp\/v2\/store?post=5865"},{"taxonomy":"product_brand","embeddable":true,"href":"https:\/\/ofertacular.com\/index.php\/wp-json\/wp\/v2\/product_brand?post=5865"},{"taxonomy":"product_cat","embeddable":true,"href":"https:\/\/ofertacular.com\/index.php\/wp-json\/wp\/v2\/product_cat?post=5865"},{"taxonomy":"product_tag","embeddable":true,"href":"https:\/\/ofertacular.com\/index.php\/wp-json\/wp\/v2\/product_tag?post=5865"}],"curies":[{"name":"wp","href":"https:\/\/api.w.org\/{rel}","templated":true}]}}