{"id":5867,"date":"2025-06-06T08:12:20","date_gmt":"2025-06-06T06:12:20","guid":{"rendered":"https:\/\/ofertacular.com\/index.php\/producto\/adilette-slides-2\/"},"modified":"2025-06-06T08:12:20","modified_gmt":"2025-06-06T06:12:20","slug":"adilette-slides-2","status":"publish","type":"product","link":"https:\/\/ofertacular.com\/index.php\/producto\/adilette-slides-2\/","title":{"rendered":"Adilette Slides"},"content":{"rendered":"<div class=\"oferta-container\">\n<p>\ud83d\udfe5 <b>GRAN OFERTA<\/b> \ud83d\udfe5 #Publicidad #Amazon #7<\/p>\n<p>\ud83d\udd34 <b>Slides Adidas <\/b><\/p>\n<p>\u2705 <b>AHORA 17.99 \u20ac<\/b> \u2714\ufe0f\ud83d\udfe1<\/p>\n<p>\u274c Antes 23.00 \u20ac<\/p>\n<p>\ud83d\uded2: <a href=\"https:\/\/btz.es\/4NtOyok\" target=\"_blank\" rel=\"nofollow noopener\">https:\/\/btz.es\/4NtOyok<\/a><\/p>\n<p>&#8211; Compra 1 talla m\u00e1s grande<br \/>\n&#8211; Construcci\u00f3n sin cordones<br \/>\n&#8211; Parte superior sint\u00e9tica<\/p>\n<\/p><\/div>\n","protected":false},"excerpt":{"rendered":"<p>\ud83d\udfe5 GRAN OFERTA \ud83d\udfe5 #Publicidad #Amazon #7 \ud83d\udd34 Slides Adidas \u2705 AHORA 17.99 \u20ac \u2714\ufe0f\ud83d\udfe1 \u274c Antes 23.00 \u20ac \ud83d\uded2: https:\/\/btz.es\/4NtOyok &#8211; Compra 1 talla m\u00e1s grande &#8211; Construcci\u00f3n sin cordones &#8211; Parte superior sint\u00e9tica<\/p>\n","protected":false},"featured_media":5866,"template":"","meta":{"_gspb_post_css":""},"store":[],"product_brand":[],"product_cat":[16],"product_tag":[],"class_list":{"0":"post-5867","1":"product","2":"type-product","3":"status-publish","4":"has-post-thumbnail","6":"product_cat-sin-categorizar","8":"first","9":"instock","10":"sale","11":"shipping-taxable","12":"product-type-external"},"jetpack_sharing_enabled":true,"_links":{"self":[{"href":"https:\/\/ofertacular.com\/index.php\/wp-json\/wp\/v2\/product\/5867","targetHints":{"allow":["GET"]}}],"collection":[{"href":"https:\/\/ofertacular.com\/index.php\/wp-json\/wp\/v2\/product"}],"about":[{"href":"https:\/\/ofertacular.com\/index.php\/wp-json\/wp\/v2\/types\/product"}],"wp:featuredmedia":[{"embeddable":true,"href":"https:\/\/ofertacular.com\/index.php\/wp-json\/wp\/v2\/media\/5866"}],"wp:attachment":[{"href":"https:\/\/ofertacular.com\/index.php\/wp-json\/wp\/v2\/media?parent=5867"}],"wp:term":[{"taxonomy":"store","embeddable":true,"href":"https:\/\/ofertacular.com\/index.php\/wp-json\/wp\/v2\/store?post=5867"},{"taxonomy":"product_brand","embeddable":true,"href":"https:\/\/ofertacular.com\/index.php\/wp-json\/wp\/v2\/product_brand?post=5867"},{"taxonomy":"product_cat","embeddable":true,"href":"https:\/\/ofertacular.com\/index.php\/wp-json\/wp\/v2\/product_cat?post=5867"},{"taxonomy":"product_tag","embeddable":true,"href":"https:\/\/ofertacular.com\/index.php\/wp-json\/wp\/v2\/product_tag?post=5867"}],"curies":[{"name":"wp","href":"https:\/\/api.w.org\/{rel}","templated":true}]}}