{"id":5875,"date":"2025-06-06T08:22:32","date_gmt":"2025-06-06T06:22:32","guid":{"rendered":"https:\/\/ofertacular.com\/index.php\/producto\/adidas-vs\/"},"modified":"2025-06-06T08:22:32","modified_gmt":"2025-06-06T06:22:32","slug":"adidas-vs","status":"publish","type":"product","link":"https:\/\/ofertacular.com\/index.php\/producto\/adidas-vs\/","title":{"rendered":"adidas Vs"},"content":{"rendered":"<div class=\"oferta-container\">\n<p>\ud83d\udfe5 <b>\u00a1S\u00d3LO HOY!<\/b> \ud83d\udfe5 #Publicidad #Amazon #16<\/p>\n<p>\ud83d\udd34 <b>Ropa deportiva <\/b><\/p>\n<p>\u2705 <b>AHORA 33.1 \u20ac<\/b> \u2714\ufe0f\ud83d\udfe1<\/p>\n<p>\u274c Antes 55.00 \u20ac<\/p>\n<p>\ud83d\uded2: <a href=\"https:\/\/btz.es\/4NtQXwA\" target=\"_blank\" rel=\"nofollow noopener\">https:\/\/btz.es\/4NtQXwA<\/a><\/p>\n<p>&#8211; Horma cl\u00e1sica<br \/>\n&#8211; Parte superior de nobuk sint\u00e9tico<br \/>\n&#8211; Tirador de tela en el tal\u00f3n<br \/>\n&#8211; Suela de goma de aspecto vulcanizado<br \/>\n&#8211; La parte superior contiene al menos un 50% de material reciclado<\/p>\n<\/p><\/div>\n","protected":false},"excerpt":{"rendered":"<p>\ud83d\udfe5 \u00a1S\u00d3LO HOY! \ud83d\udfe5 #Publicidad #Amazon #16 \ud83d\udd34 Ropa deportiva \u2705 AHORA 33.1 \u20ac \u2714\ufe0f\ud83d\udfe1 \u274c Antes 55.00 \u20ac \ud83d\uded2: https:\/\/btz.es\/4NtQXwA &#8211; Horma cl\u00e1sica &#8211; Parte superior de nobuk sint\u00e9tico &#8211; Tirador de tela en el tal\u00f3n &#8211; Suela de goma de aspecto vulcanizado &#8211; La parte superior contiene al menos un 50% de material [&hellip;]<\/p>\n","protected":false},"featured_media":5874,"template":"","meta":{"_gspb_post_css":""},"store":[],"product_brand":[],"product_cat":[16],"product_tag":[],"class_list":{"0":"post-5875","1":"product","2":"type-product","3":"status-publish","4":"has-post-thumbnail","6":"product_cat-sin-categorizar","8":"first","9":"instock","10":"sale","11":"shipping-taxable","12":"product-type-external"},"jetpack_sharing_enabled":true,"_links":{"self":[{"href":"https:\/\/ofertacular.com\/index.php\/wp-json\/wp\/v2\/product\/5875","targetHints":{"allow":["GET"]}}],"collection":[{"href":"https:\/\/ofertacular.com\/index.php\/wp-json\/wp\/v2\/product"}],"about":[{"href":"https:\/\/ofertacular.com\/index.php\/wp-json\/wp\/v2\/types\/product"}],"wp:featuredmedia":[{"embeddable":true,"href":"https:\/\/ofertacular.com\/index.php\/wp-json\/wp\/v2\/media\/5874"}],"wp:attachment":[{"href":"https:\/\/ofertacular.com\/index.php\/wp-json\/wp\/v2\/media?parent=5875"}],"wp:term":[{"taxonomy":"store","embeddable":true,"href":"https:\/\/ofertacular.com\/index.php\/wp-json\/wp\/v2\/store?post=5875"},{"taxonomy":"product_brand","embeddable":true,"href":"https:\/\/ofertacular.com\/index.php\/wp-json\/wp\/v2\/product_brand?post=5875"},{"taxonomy":"product_cat","embeddable":true,"href":"https:\/\/ofertacular.com\/index.php\/wp-json\/wp\/v2\/product_cat?post=5875"},{"taxonomy":"product_tag","embeddable":true,"href":"https:\/\/ofertacular.com\/index.php\/wp-json\/wp\/v2\/product_tag?post=5875"}],"curies":[{"name":"wp","href":"https:\/\/api.w.org\/{rel}","templated":true}]}}