{"id":5899,"date":"2025-06-06T11:59:11","date_gmt":"2025-06-06T09:59:11","guid":{"rendered":"https:\/\/ofertacular.com\/index.php\/producto\/1005007602574434\/"},"modified":"2025-06-06T11:59:11","modified_gmt":"2025-06-06T09:59:11","slug":"1005007602574434","status":"publish","type":"product","link":"https:\/\/ofertacular.com\/index.php\/producto\/1005007602574434\/","title":{"rendered":"Yara Perfume"},"content":{"rendered":"<div class=\"oferta-container\">\n<p>\ud83d\udfe5 <b>ES UN CHOLL\u00d3N<\/b> \ud83d\udfe5 #Publicidad #Amazon #<\/p>\n<p>\ud83d\udd34 <b>Perfume Yara Eau de Parfum<\/b><\/p>\n<p>\u2705 <b>AHORA 15.03 \u20ac<\/b> \u2714\ufe0f\ud83d\udfe1<\/p>\n<p>\u274c Antes 50.00 \u20ac<\/p>\n<p>\ud83c\udf9f Cup\u00f3n MES153<\/p>\n<p>\ud83d\uded2: <a href=\"https:\/\/btz.es\/4NuJ4AE\" target=\"_blank\" rel=\"nofollow noopener\">https:\/\/btz.es\/4NuJ4AE<\/a><\/p>\n<p>Yara Perfume es una fragancia cautivadora que evoca la esencia de la elegancia y la delicadeza. Este Eau de Parfum, dise\u00f1ado para la mujer moderna y sofisticada, te transporta a un mundo de aromas florales y afrutados que despiertan tus sentidos y dejan una estela inolvidable. Con notas de salida frescas de c\u00edtricos y fruta, este perfume te envuelve con su energ\u00eda vibrante, perfecta para comenzar el d\u00eda con optimismo. A medida que avanza, las notas de coraz\u00f3n de flores ex\u00f3ticas, como el jazm\u00edn y la rosa, a\u00f1aden una profundidad rom\u00e1ntica y femenina, encapsulando la esencia del amor y la pasi\u00f3n. Finalmente, las notas de fondo, que incluyen madera de s\u00e1ndalo y \u00e1mbar, proporcionan una base c\u00e1lida y acogedora, asegurando que tu fragancia perdure durante horas y se convierta en una parte integral de tu identidad. Yara Perfume es ideal tanto para ocasiones especiales como para el uso diario, ya que su composici\u00f3n vers\u00e1til se adapta a cualquier entorno. El dise\u00f1o del frasco es igualmente atractivo: un envase elegante y moderno que complementa la fragancia en su interior. Es el regalo perfecto para ti misma o para sorprender a esa persona especial en tu vida. Dale un toque de lujo a tu rutina diaria con Yara Perfume y deja una impresi\u00f3n duradera dondequiera que vayas. Este perfume, pensada para mujeres seguras de s\u00ed mismas, celebra la belleza y la individualidad, haciendo que cada d\u00eda sea una oportunidad para brillar. Adem\u00e1s, Yara se presenta en varias concentraciones, lo que significa que puedes elegir la que mejor se adapte a tu estilo de vida. Aprovecha los beneficios de un Eau de Parfum que no solo es fragancia, sino una experiencia sensorial completa que transforma la manera en que te percibes a ti misma y c\u00f3mo te perciben los dem\u00e1s. Haz de Yara tu aliado incondicional.<\/p>\n<\/p><\/div>\n","protected":false},"excerpt":{"rendered":"<p>\ud83d\udfe5 ES UN CHOLL\u00d3N \ud83d\udfe5 #Publicidad #Amazon # \ud83d\udd34 Perfume Yara Eau de Parfum \u2705 AHORA 15.03 \u20ac \u2714\ufe0f\ud83d\udfe1 \u274c Antes 50.00 \u20ac \ud83c\udf9f Cup\u00f3n MES153 \ud83d\uded2: https:\/\/btz.es\/4NuJ4AE Yara Perfume es una fragancia cautivadora que evoca la esencia de la elegancia y la delicadeza. Este Eau de Parfum, dise\u00f1ado para la mujer moderna y sofisticada, [&hellip;]<\/p>\n","protected":false},"featured_media":5898,"template":"","meta":{"_gspb_post_css":""},"store":[],"product_brand":[],"product_cat":[16],"product_tag":[],"class_list":{"0":"post-5899","1":"product","2":"type-product","3":"status-publish","4":"has-post-thumbnail","6":"product_cat-sin-categorizar","8":"first","9":"instock","10":"sale","11":"shipping-taxable","12":"product-type-external"},"jetpack_sharing_enabled":true,"_links":{"self":[{"href":"https:\/\/ofertacular.com\/index.php\/wp-json\/wp\/v2\/product\/5899","targetHints":{"allow":["GET"]}}],"collection":[{"href":"https:\/\/ofertacular.com\/index.php\/wp-json\/wp\/v2\/product"}],"about":[{"href":"https:\/\/ofertacular.com\/index.php\/wp-json\/wp\/v2\/types\/product"}],"wp:featuredmedia":[{"embeddable":true,"href":"https:\/\/ofertacular.com\/index.php\/wp-json\/wp\/v2\/media\/5898"}],"wp:attachment":[{"href":"https:\/\/ofertacular.com\/index.php\/wp-json\/wp\/v2\/media?parent=5899"}],"wp:term":[{"taxonomy":"store","embeddable":true,"href":"https:\/\/ofertacular.com\/index.php\/wp-json\/wp\/v2\/store?post=5899"},{"taxonomy":"product_brand","embeddable":true,"href":"https:\/\/ofertacular.com\/index.php\/wp-json\/wp\/v2\/product_brand?post=5899"},{"taxonomy":"product_cat","embeddable":true,"href":"https:\/\/ofertacular.com\/index.php\/wp-json\/wp\/v2\/product_cat?post=5899"},{"taxonomy":"product_tag","embeddable":true,"href":"https:\/\/ofertacular.com\/index.php\/wp-json\/wp\/v2\/product_tag?post=5899"}],"curies":[{"name":"wp","href":"https:\/\/api.w.org\/{rel}","templated":true}]}}