{"id":5901,"date":"2025-06-06T12:01:13","date_gmt":"2025-06-06T10:01:13","guid":{"rendered":"https:\/\/ofertacular.com\/index.php\/producto\/cecotec-airfryer-3\/"},"modified":"2025-06-06T12:01:13","modified_gmt":"2025-06-06T10:01:13","slug":"cecotec-airfryer-3","status":"publish","type":"product","link":"https:\/\/ofertacular.com\/index.php\/producto\/cecotec-airfryer-3\/","title":{"rendered":"Cecotec Airfryer"},"content":{"rendered":"<div class=\"oferta-container\">\n<p>\ud83d\udfe5 <b>GRAN OFERTA<\/b> \ud83d\udfe5 #Publicidad #Amazon #10<\/p>\n<p>\ud83d\udd34 <b>Freidora Aceite <\/b><\/p>\n<p>\u2705 <b>AHORA 38.9 \u20ac<\/b> \u2714\ufe0f\ud83d\udfe1<\/p>\n<p>\u274c Antes 49.00 \u20ac<\/p>\n<p>\ud83d\uded2: <a href=\"https:\/\/btz.es\/4NuKaBs\" target=\"_blank\" rel=\"nofollow noopener\">https:\/\/btz.es\/4NuKaBs<\/a><\/p>\n<p>Descubre la innovadora Cecotec Airfryer, la freidora de aire que transforma la forma de cocinar en tu hogar. Esta freidora sin aceite utiliza tecnolog\u00eda de circulaci\u00f3n de aire caliente para cocinar tus alimentos de manera uniforme y saludable, reduciendo significativamente el uso de aceite y, por ende, las calor\u00edas de tus comidas favoritas. La Cecotec Airfryer es perfecta para quienes buscan mantener una dieta equilibrada sin sacrificar el sabor y la textura de los alimentos fritos. Con su dise\u00f1o compacto y moderno, esta freidora se adapta perfectamente a cualquier cocina, ocupando poco espacio y ofreciendo una gran capacidad para preparar porciones generosas. Entre sus caracter\u00edsticas destacadas, encontramos m\u00faltiples programas de cocci\u00f3n preestablecidos que facilitan la preparaci\u00f3n de distintos platos, desde crujientes patatas fritas hasta jugosos filetes y postres delicados. Su panel de control digital es intuitivo y f\u00e1cil de usar, permiti\u00e9ndote ajustar tiempo y temperatura con precisi\u00f3n para obtener resultados \u00f3ptimos en cada uso. Adem\u00e1s, la Cecotec Airfryer cuenta con una cesta antiadherente extra\u00edble que facilita la limpieza, haciendo que su mantenimiento sea r\u00e1pido y c\u00f3modo. Gracias a su construcci\u00f3n robusta y materiales de alta calidad, esta freidora garantiza durabilidad y rendimiento superior a largo plazo. Si valoras la salud y la comodidad en la cocina, la Cecotec Airfryer es tu mejor aliado para cocinar platos deliciosos sin el exceso de grasas. Aprovecha la oportunidad de reinventar tus comidas diarias con esta freidora de aire inteligente que combina eficiencia, estilo y tecnolog\u00eda avanzada en un solo equipo. Con un dise\u00f1o ergon\u00f3mico y funcionalidades pensadas para facilitar tu d\u00eda a d\u00eda, disfrutar\u00e1s de la cocina saludable y deliciosa que siempre has deseado.<\/p>\n<\/p><\/div>\n","protected":false},"excerpt":{"rendered":"<p>\ud83d\udfe5 GRAN OFERTA \ud83d\udfe5 #Publicidad #Amazon #10 \ud83d\udd34 Freidora Aceite \u2705 AHORA 38.9 \u20ac \u2714\ufe0f\ud83d\udfe1 \u274c Antes 49.00 \u20ac \ud83d\uded2: https:\/\/btz.es\/4NuKaBs Descubre la innovadora Cecotec Airfryer, la freidora de aire que transforma la forma de cocinar en tu hogar. Esta freidora sin aceite utiliza tecnolog\u00eda de circulaci\u00f3n de aire caliente para cocinar tus alimentos de [&hellip;]<\/p>\n","protected":false},"featured_media":5900,"template":"","meta":{"_gspb_post_css":""},"store":[],"product_brand":[],"product_cat":[16],"product_tag":[],"class_list":{"0":"post-5901","1":"product","2":"type-product","3":"status-publish","4":"has-post-thumbnail","6":"product_cat-sin-categorizar","8":"first","9":"instock","10":"sale","11":"shipping-taxable","12":"product-type-external"},"jetpack_sharing_enabled":true,"_links":{"self":[{"href":"https:\/\/ofertacular.com\/index.php\/wp-json\/wp\/v2\/product\/5901","targetHints":{"allow":["GET"]}}],"collection":[{"href":"https:\/\/ofertacular.com\/index.php\/wp-json\/wp\/v2\/product"}],"about":[{"href":"https:\/\/ofertacular.com\/index.php\/wp-json\/wp\/v2\/types\/product"}],"wp:featuredmedia":[{"embeddable":true,"href":"https:\/\/ofertacular.com\/index.php\/wp-json\/wp\/v2\/media\/5900"}],"wp:attachment":[{"href":"https:\/\/ofertacular.com\/index.php\/wp-json\/wp\/v2\/media?parent=5901"}],"wp:term":[{"taxonomy":"store","embeddable":true,"href":"https:\/\/ofertacular.com\/index.php\/wp-json\/wp\/v2\/store?post=5901"},{"taxonomy":"product_brand","embeddable":true,"href":"https:\/\/ofertacular.com\/index.php\/wp-json\/wp\/v2\/product_brand?post=5901"},{"taxonomy":"product_cat","embeddable":true,"href":"https:\/\/ofertacular.com\/index.php\/wp-json\/wp\/v2\/product_cat?post=5901"},{"taxonomy":"product_tag","embeddable":true,"href":"https:\/\/ofertacular.com\/index.php\/wp-json\/wp\/v2\/product_tag?post=5901"}],"curies":[{"name":"wp","href":"https:\/\/api.w.org\/{rel}","templated":true}]}}