{"id":5903,"date":"2025-06-06T16:38:53","date_gmt":"2025-06-06T14:38:53","guid":{"rendered":"https:\/\/ofertacular.com\/index.php\/producto\/xiaomi-watch\/"},"modified":"2025-06-06T16:38:53","modified_gmt":"2025-06-06T14:38:53","slug":"xiaomi-watch","status":"publish","type":"product","link":"https:\/\/ofertacular.com\/index.php\/producto\/xiaomi-watch\/","title":{"rendered":"Xiaomi Watch"},"content":{"rendered":"<div class=\"oferta-container\">\n<p>\ud83d\udfe5 <b>AHORRA AQU\u00cd<\/b> \ud83d\udfe5 #Publicidad #Amazon #16<\/p>\n<p>\ud83d\udd34 <b>Reloj inteligente <\/b><\/p>\n<p>\u2705 <b>AHORA 23.55 \u20ac<\/b> \u2714\ufe0f\ud83d\udfe1<\/p>\n<p>\u274c Antes 42.40 \u20ac<\/p>\n<p>\ud83d\uded2: <a href=\"https:\/\/btz.es\/4NvRULa\" target=\"_blank\" rel=\"nofollow noopener\">https:\/\/btz.es\/4NvRULa<\/a><\/p>\n<p>El Xiaomi Watch es el smartwatch ideal para quienes buscan combinar tecnolog\u00eda avanzada y estilo en un solo dispositivo. Este reloj inteligente de Xiaomi destaca por su dise\u00f1o moderno y elegante, perfecto para cualquier ocasi\u00f3n, ya sea deporte o uso diario. Equipado con una pantalla AMOLED de alta resoluci\u00f3n, ofrece una experiencia visual n\u00edtida y vibrante que facilita la lectura de notificaciones, mensajes y datos de salud en cualquier momento.<\/p>\n<p>Con el Xiaomi Watch, podr\u00e1s monitorear tu ritmo card\u00edaco las 24 horas del d\u00eda, controlar la calidad de tu sue\u00f1o y registrar toda tu actividad f\u00edsica gracias a su variedad de modos deportivos. Este reloj inteligente tambi\u00e9n ofrece funciones \u00fatiles como GPS integrado, resistencia al agua y una bater\u00eda de larga duraci\u00f3n que asegura varios d\u00edas de uso sin necesidad de recarga frecuente.<\/p>\n<p>Adem\u00e1s, la conectividad Bluetooth permite sincronizar el Xiaomi Watch con tu smartphone para recibir llamadas, mensajes y notificaciones directamente en tu mu\u00f1eca, lo que facilita mantenerte conectado sin interrumpir tu ritmo diario. La compatibilidad con m\u00faltiples sistemas operativos y aplicaciones populares hacen que este smartwatch sea vers\u00e1til y adaptado a las necesidades de cada usuario.<\/p>\n<p>El Xiaomi Watch es perfecto para atletas, trabajadores y cualquier persona que quiera mejorar su estilo de vida manteni\u00e9ndose activo y conectado. Su dise\u00f1o ligero y c\u00f3modo asegura que puedas llevarlo todo el d\u00eda sin molestias, y sus opciones de personalizaci\u00f3n de pantalla y correa lo hacen adaptable a tu estilo personal.<\/p>\n<p>En resumen, este reloj inteligente de Xiaomi combina funcionalidad, tecnolog\u00eda y estilo, convirti\u00e9ndose en un complemento esencial para quienes valoran la salud, la actividad f\u00edsica y la conectividad. No pierdas la oportunidad de mejorar tu d\u00eda a d\u00eda con el Xiaomi Watch, un dispositivo imprescindible para la vida moderna.<\/p>\n<\/p><\/div>\n","protected":false},"excerpt":{"rendered":"<p>\ud83d\udfe5 AHORRA AQU\u00cd \ud83d\udfe5 #Publicidad #Amazon #16 \ud83d\udd34 Reloj inteligente \u2705 AHORA 23.55 \u20ac \u2714\ufe0f\ud83d\udfe1 \u274c Antes 42.40 \u20ac \ud83d\uded2: https:\/\/btz.es\/4NvRULa El Xiaomi Watch es el smartwatch ideal para quienes buscan combinar tecnolog\u00eda avanzada y estilo en un solo dispositivo. Este reloj inteligente de Xiaomi destaca por su dise\u00f1o moderno y elegante, perfecto para cualquier [&hellip;]<\/p>\n","protected":false},"featured_media":5902,"template":"","meta":{"_gspb_post_css":""},"store":[],"product_brand":[],"product_cat":[16],"product_tag":[],"class_list":{"0":"post-5903","1":"product","2":"type-product","3":"status-publish","4":"has-post-thumbnail","6":"product_cat-sin-categorizar","8":"first","9":"instock","10":"sale","11":"shipping-taxable","12":"product-type-external"},"jetpack_sharing_enabled":true,"_links":{"self":[{"href":"https:\/\/ofertacular.com\/index.php\/wp-json\/wp\/v2\/product\/5903","targetHints":{"allow":["GET"]}}],"collection":[{"href":"https:\/\/ofertacular.com\/index.php\/wp-json\/wp\/v2\/product"}],"about":[{"href":"https:\/\/ofertacular.com\/index.php\/wp-json\/wp\/v2\/types\/product"}],"wp:featuredmedia":[{"embeddable":true,"href":"https:\/\/ofertacular.com\/index.php\/wp-json\/wp\/v2\/media\/5902"}],"wp:attachment":[{"href":"https:\/\/ofertacular.com\/index.php\/wp-json\/wp\/v2\/media?parent=5903"}],"wp:term":[{"taxonomy":"store","embeddable":true,"href":"https:\/\/ofertacular.com\/index.php\/wp-json\/wp\/v2\/store?post=5903"},{"taxonomy":"product_brand","embeddable":true,"href":"https:\/\/ofertacular.com\/index.php\/wp-json\/wp\/v2\/product_brand?post=5903"},{"taxonomy":"product_cat","embeddable":true,"href":"https:\/\/ofertacular.com\/index.php\/wp-json\/wp\/v2\/product_cat?post=5903"},{"taxonomy":"product_tag","embeddable":true,"href":"https:\/\/ofertacular.com\/index.php\/wp-json\/wp\/v2\/product_tag?post=5903"}],"curies":[{"name":"wp","href":"https:\/\/api.w.org\/{rel}","templated":true}]}}