{"id":5907,"date":"2025-06-07T07:21:24","date_gmt":"2025-06-07T05:21:24","guid":{"rendered":"https:\/\/ofertacular.com\/index.php\/producto\/pepe-jeans-4\/"},"modified":"2025-06-07T07:21:24","modified_gmt":"2025-06-07T05:21:24","slug":"pepe-jeans-4","status":"publish","type":"product","link":"https:\/\/ofertacular.com\/index.php\/producto\/pepe-jeans-4\/","title":{"rendered":"Pepe Jeans"},"content":{"rendered":"<div class=\"oferta-container\">\n<p>\ud83d\udfe5 <b>DATE PRISA<\/b> \ud83d\udfe5 #Publicidad #Amazon #16<\/p>\n<p>\ud83d\udd34 <b>Vaqueros Pepe Jeans <\/b><\/p>\n<p>\u2705 <b>AHORA 15 \u20ac<\/b> \u2714\ufe0f\ud83d\udfe1<\/p>\n<p>\u274c Antes 25.00 \u20ac<\/p>\n<p>\ud83d\uded2: <a href=\"https:\/\/btz.es\/4Nz2fNS\" target=\"_blank\" rel=\"nofollow noopener\">https:\/\/btz.es\/4Nz2fNS<\/a><\/p>\n<p>Descubre la colecci\u00f3n exclusiva de vaqueros Pepe Jeans, dise\u00f1ados para ofrecer el m\u00e1ximo confort y estilo contempor\u00e1neo. Cada par de vaqueros Pepe Jeans est\u00e1 confeccionado con materiales de alta calidad que garantizan durabilidad y un ajuste perfecto, ideal para cualquier ocasi\u00f3n, desde un look casual hasta un outfit m\u00e1s formal. Gracias a su dise\u00f1o \u00fanico y atenci\u00f3n al detalle, estos vaqueros se adaptan perfectamente al cuerpo, realzando tu figura y proporcionando libertad de movimiento.<\/p>\n<p>Ya sea que busques unos vaqueros ajustados, rectos o de estilo relajado, Pepe Jeans ofrece una amplia variedad de cortes y lavados para satisfacer todos los gustos. La versatilidad de estos vaqueros permite combinarlos f\u00e1cilmente con camisetas, camisas o chaquetas, convirti\u00e9ndolos en una pieza esencial en tu armario. Adem\u00e1s, Pepe Jeans es una marca reconocida mundialmente por su compromiso con la calidad y la moda urbana, posicion\u00e1ndose como una referencia en el mundo de la ropa casual.<\/p>\n<p>No solo estar\u00e1s eligiendo un producto de moda, sino invirtiendo en prendas que mantienen su forma y color lavado tras lavado. La tecnolog\u00eda avanzada en el tejido asegura que los vaqueros resistan el desgaste diario, manteniendo su aspecto impecable y confort todo el d\u00eda.<\/p>\n<p>Compra ahora tu par de vaqueros Pepe Jeans y experimenta la combinaci\u00f3n perfecta entre estilo, comodidad y resistencia. Destaca en cualquier entorno con un look aut\u00e9ntico y moderno gracias a Pepe Jeans, la marca l\u00edder en moda denim.<\/p>\n<\/p><\/div>\n","protected":false},"excerpt":{"rendered":"<p>\ud83d\udfe5 DATE PRISA \ud83d\udfe5 #Publicidad #Amazon #16 \ud83d\udd34 Vaqueros Pepe Jeans \u2705 AHORA 15 \u20ac \u2714\ufe0f\ud83d\udfe1 \u274c Antes 25.00 \u20ac \ud83d\uded2: https:\/\/btz.es\/4Nz2fNS Descubre la colecci\u00f3n exclusiva de vaqueros Pepe Jeans, dise\u00f1ados para ofrecer el m\u00e1ximo confort y estilo contempor\u00e1neo. Cada par de vaqueros Pepe Jeans est\u00e1 confeccionado con materiales de alta calidad que garantizan durabilidad [&hellip;]<\/p>\n","protected":false},"featured_media":5906,"template":"","meta":{"_gspb_post_css":""},"store":[],"product_brand":[],"product_cat":[16],"product_tag":[],"class_list":{"0":"post-5907","1":"product","2":"type-product","3":"status-publish","4":"has-post-thumbnail","6":"product_cat-sin-categorizar","8":"first","9":"instock","10":"sale","11":"shipping-taxable","12":"product-type-external"},"jetpack_sharing_enabled":true,"_links":{"self":[{"href":"https:\/\/ofertacular.com\/index.php\/wp-json\/wp\/v2\/product\/5907","targetHints":{"allow":["GET"]}}],"collection":[{"href":"https:\/\/ofertacular.com\/index.php\/wp-json\/wp\/v2\/product"}],"about":[{"href":"https:\/\/ofertacular.com\/index.php\/wp-json\/wp\/v2\/types\/product"}],"wp:featuredmedia":[{"embeddable":true,"href":"https:\/\/ofertacular.com\/index.php\/wp-json\/wp\/v2\/media\/5906"}],"wp:attachment":[{"href":"https:\/\/ofertacular.com\/index.php\/wp-json\/wp\/v2\/media?parent=5907"}],"wp:term":[{"taxonomy":"store","embeddable":true,"href":"https:\/\/ofertacular.com\/index.php\/wp-json\/wp\/v2\/store?post=5907"},{"taxonomy":"product_brand","embeddable":true,"href":"https:\/\/ofertacular.com\/index.php\/wp-json\/wp\/v2\/product_brand?post=5907"},{"taxonomy":"product_cat","embeddable":true,"href":"https:\/\/ofertacular.com\/index.php\/wp-json\/wp\/v2\/product_cat?post=5907"},{"taxonomy":"product_tag","embeddable":true,"href":"https:\/\/ofertacular.com\/index.php\/wp-json\/wp\/v2\/product_tag?post=5907"}],"curies":[{"name":"wp","href":"https:\/\/api.w.org\/{rel}","templated":true}]}}