{"id":5913,"date":"2025-06-07T07:43:23","date_gmt":"2025-06-07T05:43:23","guid":{"rendered":"https:\/\/ofertacular.com\/index.php\/producto\/colgate-pasta-2\/"},"modified":"2025-06-07T07:43:23","modified_gmt":"2025-06-07T05:43:23","slug":"colgate-pasta-2","status":"publish","type":"product","link":"https:\/\/ofertacular.com\/index.php\/producto\/colgate-pasta-2\/","title":{"rendered":"Colgate Pasta"},"content":{"rendered":"<div class=\"oferta-container\">\n<p>\ud83d\udfe5 <b>EXCLUSIVO<\/b> \ud83d\udfe5 #Publicidad #Amazon #16<\/p>\n<p>\ud83d\udd34 <b>Pasta dental <\/b><\/p>\n<p>\u2705 <b>AHORA 2.49 \u20ac<\/b> \u2714\ufe0f\ud83d\udfe1<\/p>\n<p>\u274c Antes 3.98 \u20ac<\/p>\n<p>\ud83d\uded2: <a href=\"https:\/\/btz.es\/4Nz7CTe\" target=\"_blank\" rel=\"nofollow noopener\">https:\/\/btz.es\/4Nz7CTe<\/a><\/p>\n<p>Descubre la efectividad de la Pasta dental Colgate, un producto esencial para mantener una sonrisa saludable y radiante. Esta pasta dental est\u00e1 formulada con ingredientes activos que combaten la placa, previenen la caries y fortalecen el esmalte dental, proporcionando una protecci\u00f3n completa durante todo el d\u00eda. Ideal para uso diario, Colgate ofrece una limpieza profunda y un aliento fresco que dura horas despu\u00e9s del cepillado.<\/p>\n<p>Adem\u00e1s, la Pasta dental Colgate contiene fluoruro, uno de los mejores componentes para fortalecer los dientes y evitar la desmineralizaci\u00f3n. Su f\u00f3rmula avanzada ayuda a reducir la sensibilidad dental y mejorar la salud de las enc\u00edas, haciendo que cada cepillado sea una experiencia agradable y efectiva.<\/p>\n<p>Para quienes buscan un cuidado integral, esta pasta dental es la elecci\u00f3n perfecta con beneficios comprobados por odont\u00f3logos alrededor del mundo. Su textura cremosa y sabor agradable aseguran que tanto adultos como ni\u00f1os puedan disfrutar de su uso con total confianza.<\/p>\n<p>Incorpora ahora la Pasta dental Colgate en tu rutina diaria y experimenta la diferencia en la salud bucal. No solo mejorar\u00e1s la apariencia de tus dientes sino que tambi\u00e9n proteger\u00e1s tu sonrisa frente a las agresiones diarias como el consumo de alimentos \u00e1cidos y el h\u00e1bito de fumar.<\/p>\n<\/p><\/div>\n","protected":false},"excerpt":{"rendered":"<p>\ud83d\udfe5 EXCLUSIVO \ud83d\udfe5 #Publicidad #Amazon #16 \ud83d\udd34 Pasta dental \u2705 AHORA 2.49 \u20ac \u2714\ufe0f\ud83d\udfe1 \u274c Antes 3.98 \u20ac \ud83d\uded2: https:\/\/btz.es\/4Nz7CTe Descubre la efectividad de la Pasta dental Colgate, un producto esencial para mantener una sonrisa saludable y radiante. Esta pasta dental est\u00e1 formulada con ingredientes activos que combaten la placa, previenen la caries y fortalecen [&hellip;]<\/p>\n","protected":false},"featured_media":5912,"template":"","meta":{"_gspb_post_css":""},"store":[],"product_brand":[],"product_cat":[16],"product_tag":[],"class_list":{"0":"post-5913","1":"product","2":"type-product","3":"status-publish","4":"has-post-thumbnail","6":"product_cat-sin-categorizar","8":"first","9":"instock","10":"sale","11":"shipping-taxable","12":"product-type-external"},"jetpack_sharing_enabled":true,"_links":{"self":[{"href":"https:\/\/ofertacular.com\/index.php\/wp-json\/wp\/v2\/product\/5913","targetHints":{"allow":["GET"]}}],"collection":[{"href":"https:\/\/ofertacular.com\/index.php\/wp-json\/wp\/v2\/product"}],"about":[{"href":"https:\/\/ofertacular.com\/index.php\/wp-json\/wp\/v2\/types\/product"}],"wp:featuredmedia":[{"embeddable":true,"href":"https:\/\/ofertacular.com\/index.php\/wp-json\/wp\/v2\/media\/5912"}],"wp:attachment":[{"href":"https:\/\/ofertacular.com\/index.php\/wp-json\/wp\/v2\/media?parent=5913"}],"wp:term":[{"taxonomy":"store","embeddable":true,"href":"https:\/\/ofertacular.com\/index.php\/wp-json\/wp\/v2\/store?post=5913"},{"taxonomy":"product_brand","embeddable":true,"href":"https:\/\/ofertacular.com\/index.php\/wp-json\/wp\/v2\/product_brand?post=5913"},{"taxonomy":"product_cat","embeddable":true,"href":"https:\/\/ofertacular.com\/index.php\/wp-json\/wp\/v2\/product_cat?post=5913"},{"taxonomy":"product_tag","embeddable":true,"href":"https:\/\/ofertacular.com\/index.php\/wp-json\/wp\/v2\/product_tag?post=5913"}],"curies":[{"name":"wp","href":"https:\/\/api.w.org\/{rel}","templated":true}]}}