{"id":5937,"date":"2025-06-09T07:50:29","date_gmt":"2025-06-09T05:50:29","guid":{"rendered":"https:\/\/ofertacular.com\/index.php\/producto\/crab-feeder\/"},"modified":"2025-06-09T07:50:29","modified_gmt":"2025-06-09T05:50:29","slug":"crab-feeder","status":"publish","type":"product","link":"https:\/\/ofertacular.com\/index.php\/producto\/crab-feeder\/","title":{"rendered":"Crab Feeder"},"content":{"rendered":"<div class=\"oferta-container\">\ud83d\udfea <b>FUNKO TOP<\/b> \ud83d\udfea #Publicidad #Amazon<\/p>\n<p>\ud83d\udfe3 <b> Funko POP! Animals Crab Feeder<\/b> <\/p>\n<p>\u2705 <b>AHORA 4.8 \u20ac<\/b> \u2714\ufe0f\ud83d\udfe1<br \/>\n\u274c Antes 16.00 \u20ac \u20ac <\/p>\n<p>\ud83d\uded2: https:\/\/btz.es\/4NBq2OA\ud83d\udfe2 <\/p>\n<p>Ofertacular.com<\/p>\n<p>Descubre el Funko POP! Animals: Crab Feeder, una figura de vinilo \u00fanica dise\u00f1ada para los amantes de la vida marina y coleccionistas. Esta detallada representaci\u00f3n del cangrejo alimentador captura perfectamente su esencia y aporta un toque especial a cualquier colecci\u00f3n. Ideal para exhibir en casa o en la oficina, este Funko es un regalo perfecto para fan\u00e1ticos de la naturaleza y figuras coleccionables. A\u00f1ade originalidad y naturaleza a tu estanter\u00eda con este exclusivo Funko POP! Crab Feeder.<\/p>\n<\/div>\n","protected":false},"excerpt":{"rendered":"<p>\ud83d\udfea FUNKO TOP \ud83d\udfea #Publicidad #Amazon \ud83d\udfe3 Funko POP! Animals Crab Feeder \u2705 AHORA 4.8 \u20ac \u2714\ufe0f\ud83d\udfe1 \u274c Antes 16.00 \u20ac \u20ac \ud83d\uded2: https:\/\/btz.es\/4NBq2OA\ud83d\udfe2 Ofertacular.com Descubre el Funko POP! Animals: Crab Feeder, una figura de vinilo \u00fanica dise\u00f1ada para los amantes de la vida marina y coleccionistas. Esta detallada representaci\u00f3n del cangrejo alimentador captura perfectamente [&hellip;]<\/p>\n","protected":false},"featured_media":5936,"template":"","meta":{"_gspb_post_css":""},"store":[],"product_brand":[],"product_cat":[16],"product_tag":[],"class_list":{"0":"post-5937","1":"product","2":"type-product","3":"status-publish","4":"has-post-thumbnail","6":"product_cat-sin-categorizar","8":"first","9":"instock","10":"sale","11":"shipping-taxable","12":"product-type-external"},"jetpack_sharing_enabled":true,"_links":{"self":[{"href":"https:\/\/ofertacular.com\/index.php\/wp-json\/wp\/v2\/product\/5937","targetHints":{"allow":["GET"]}}],"collection":[{"href":"https:\/\/ofertacular.com\/index.php\/wp-json\/wp\/v2\/product"}],"about":[{"href":"https:\/\/ofertacular.com\/index.php\/wp-json\/wp\/v2\/types\/product"}],"wp:featuredmedia":[{"embeddable":true,"href":"https:\/\/ofertacular.com\/index.php\/wp-json\/wp\/v2\/media\/5936"}],"wp:attachment":[{"href":"https:\/\/ofertacular.com\/index.php\/wp-json\/wp\/v2\/media?parent=5937"}],"wp:term":[{"taxonomy":"store","embeddable":true,"href":"https:\/\/ofertacular.com\/index.php\/wp-json\/wp\/v2\/store?post=5937"},{"taxonomy":"product_brand","embeddable":true,"href":"https:\/\/ofertacular.com\/index.php\/wp-json\/wp\/v2\/product_brand?post=5937"},{"taxonomy":"product_cat","embeddable":true,"href":"https:\/\/ofertacular.com\/index.php\/wp-json\/wp\/v2\/product_cat?post=5937"},{"taxonomy":"product_tag","embeddable":true,"href":"https:\/\/ofertacular.com\/index.php\/wp-json\/wp\/v2\/product_tag?post=5937"}],"curies":[{"name":"wp","href":"https:\/\/api.w.org\/{rel}","templated":true}]}}